{"id":29201,"date":"2024-11-17T11:50:06","date_gmt":"2024-11-17T09:50:06","guid":{"rendered":"https:\/\/woodmax.ee\/saatmine\/"},"modified":"2025-02-28T07:52:19","modified_gmt":"2025-02-28T05:52:19","slug":"saatmine","status":"publish","type":"page","link":"https:\/\/woodmax.ee\/fi\/saatmine\/","title":{"rendered":"V\u00e4litt\u00e4minen osoitteeseen"},"content":{"rendered":"\n<p><\/p>\n\n<h3 class=\"wp-block-heading\"><strong>Toimitus osoitteeseen<\/strong><\/h3>\n\n<p>Tavaroita l\u00e4hetet\u00e4\u00e4n Viroon, Suomeen, Latviaan ja Liettuaan. Voimme l\u00e4hett\u00e4\u00e4 muihin maihin, ota yhteytt\u00e4. <\/p>\n\n<p>Ostajalla on seuraavat vaihtoehdot tavaroiden noutamiseksi:<br\/>&#8211; Omniva-pakettiautomaatit<br\/>&#8211; SmartPosti-pakettiautomaatit<br\/>&#8211; DPD-pakettiautomaatit.<\/p>\n\n<p>Ostaja vastaa toimituskuluista, ja vastaavat hintatiedot n\u00e4kyv\u00e4t toimitustavan yhteydess\u00e4.<\/p>\n\n<p>Viron sis\u00e4iset l\u00e4hetykset saapuvat yleens\u00e4 ostajan ilmoittamaan m\u00e4\u00e4r\u00e4np\u00e4\u00e4h\u00e4n 3 ty\u00f6p\u00e4iv\u00e4n kuluessa kauppasopimuksen voimaantulosta.<\/p>\n\n<p>Poikkeustapauksissa sinulla on oikeus saada tavarat toimitettua enint\u00e4\u00e4n 45 kalenterip\u00e4iv\u00e4n kuluessa.<\/p>\n","protected":false},"excerpt":{"rendered":"<p>Toimitus osoitteeseen Tavaroita l\u00e4hetet\u00e4\u00e4n Viroon, Suomeen, Latviaan ja Liettuaan. Voimme l\u00e4hett\u00e4\u00e4 muihin maihin, ota yhteytt\u00e4. Ostajalla on seuraavat vaihtoehdot tavaroiden noutamiseksi:&#8211; Omniva-pakettiautomaatit&#8211; SmartPosti-pakettiautomaatit&#8211; DPD-pakettiautomaatit. Ostaja vastaa toimituskuluista, ja vastaavat hintatiedot n\u00e4kyv\u00e4t toimitustavan yhteydess\u00e4. Viron sis\u00e4iset l\u00e4hetykset saapuvat yleens\u00e4 ostajan ilmoittamaan m\u00e4\u00e4r\u00e4np\u00e4\u00e4h\u00e4n 3 ty\u00f6p\u00e4iv\u00e4n kuluessa kauppasopimuksen voimaantulosta. Poikkeustapauksissa sinulla on oikeus saada tavarat toimitettua enint\u00e4\u00e4n 45 [&hellip;]<\/p>\n","protected":false},"author":1,"featured_media":0,"parent":0,"menu_order":0,"comment_status":"closed","ping_status":"closed","template":"","meta":{"_seopress_robots_primary_cat":"","_seopress_titles_title":"","_seopress_titles_desc":"","_seopress_robots_index":"","_seopress_analysis_target_kw":"","_gspb_post_css":"","footnotes":""},"class_list":["post-29201","page","type-page","status-publish","hentry"],"blocksy_meta":[],"_links":{"self":[{"href":"https:\/\/woodmax.ee\/fi\/wp-json\/wp\/v2\/pages\/29201","targetHints":{"allow":["GET"]}}],"collection":[{"href":"https:\/\/woodmax.ee\/fi\/wp-json\/wp\/v2\/pages"}],"about":[{"href":"https:\/\/woodmax.ee\/fi\/wp-json\/wp\/v2\/types\/page"}],"author":[{"embeddable":true,"href":"https:\/\/woodmax.ee\/fi\/wp-json\/wp\/v2\/users\/1"}],"replies":[{"embeddable":true,"href":"https:\/\/woodmax.ee\/fi\/wp-json\/wp\/v2\/comments?post=29201"}],"version-history":[{"count":5,"href":"https:\/\/woodmax.ee\/fi\/wp-json\/wp\/v2\/pages\/29201\/revisions"}],"predecessor-version":[{"id":32692,"href":"https:\/\/woodmax.ee\/fi\/wp-json\/wp\/v2\/pages\/29201\/revisions\/32692"}],"wp:attachment":[{"href":"https:\/\/woodmax.ee\/fi\/wp-json\/wp\/v2\/media?parent=29201"}],"curies":[{"name":"wp","href":"https:\/\/api.w.org\/{rel}","templated":true}]}}