{"id":29205,"date":"2024-11-17T11:49:40","date_gmt":"2024-11-17T09:49:40","guid":{"rendered":"https:\/\/woodmax.ee\/privaatsuspoliitika\/"},"modified":"2025-01-29T11:24:23","modified_gmt":"2025-01-29T09:24:23","slug":"privaatsuspoliitika","status":"publish","type":"page","link":"https:\/\/woodmax.ee\/fi\/privaatsuspoliitika\/","title":{"rendered":"Tietosuojak\u00e4yt\u00e4nt\u00f6"},"content":{"rendered":"\n<p><\/p>\n\n<p>T\u00e4ss\u00e4 tietosuojak\u00e4yt\u00e4nn\u00f6ss\u00e4 kerrotaan, miten k\u00e4yt\u00e4mme ja suojaamme tietoja, joita k\u00e4ytt\u00e4j\u00e4t antavat meille k\u00e4ytt\u00e4ess\u00e4\u00e4n verkkosivustoamme. MaxWood O\u00dc on sitoutunut suojelemaan k\u00e4ytt\u00e4jien yksityisyytt\u00e4, ja vahvistamme, ett\u00e4 k\u00e4yt\u00e4mme verkkosivuillamme pyydettyj\u00e4 k\u00e4ytt\u00e4j\u00e4tietoja ainoastaan t\u00e4m\u00e4n tietosuojak\u00e4yt\u00e4nn\u00f6n mukaisesti. <\/p>\n\n<h3 class=\"wp-block-heading\"><strong>Vastuu ker\u00e4tyist\u00e4 henkil\u00f6tiedoista<\/strong><\/h3>\n\n<p><strong><br\/><\/strong>MaxWood O\u00dc on vastuussa k\u00e4ytt\u00e4j\u00e4n antamien henkil\u00f6tietojen ker\u00e4\u00e4misest\u00e4 ja tarkistamisesta. Ker\u00e4\u00e4mme ja tarkistamme henkil\u00f6tiedot Viron henkil\u00f6tietolain ja yksil\u00f6iden suojelusta henkil\u00f6tietojen k\u00e4sittelyss\u00e4 ja n\u00e4iden tietojen vapaasta liikkuvuudesta annetun Euroopan parlamentin ja neuvoston direktiivin 95\/46\/EY mukaisesti. <\/p>\n\n<h3 class=\"wp-block-heading\"><strong><br\/>Ker\u00e4tyt henkil\u00f6tiedot<\/strong><\/h3>\n\n<p>MaxWood O\u00dc ker\u00e4\u00e4 henkil\u00f6tietoja, jotka k\u00e4ytt\u00e4j\u00e4 antaa esimerkiksi tehdess\u00e4\u00e4n tilauksen tai ottaessaan yhteytt\u00e4 asiakaspalveluun.<\/p>\n\n<p>Ker\u00e4tt\u00e4vi\u00e4 henkil\u00f6tietoja ovat:<\/p>\n\n<ul class=\"wp-block-list\">\n<li>Nimi<\/li>\n\n\n\n<li>Syntym\u00e4aika<\/li>\n\n\n\n<li>Osoite on<\/li>\n\n\n\n<li>S\u00e4hk\u00f6posti<\/li>\n\n\n\n<li>Puhelinnumero<\/li>\n\n\n\n<li>Muut asiakaskyselyihin, arvontoihin ja\/tai tarjouksiin liittyv\u00e4t tiedot.<\/li>\n<\/ul>\n\n<p><strong>K\u00e4yt\u00e4mme ker\u00e4ttyj\u00e4 henkil\u00f6tietoja ja tietoja seuraaviin tarkoituksiin:<\/strong><\/p>\n\n<ul class=\"wp-block-list\">\n<li>Sis\u00e4inen kirjanpito<\/li>\n\n\n\n<li>Asiakastilin luominen ja hallinta MaxWood O\u00dc:n verkkosivustolla.<\/li>\n\n\n\n<li>Verkkosivuston kautta toimitettujen tilausten k\u00e4sittely<\/li>\n\n\n\n<li>Tilausten v\u00e4litt\u00e4minen ja toimitustilanne<\/li>\n\n\n\n<li>yhteydenotto k\u00e4ytt\u00e4j\u00e4\u00e4n, jos tilauksessa tai toimituksessa ilmenee ongelmia.<\/li>\n\n\n\n<li>K\u00e4ytt\u00e4jien pyynt\u00f6ihin vastaaminen<\/li>\n\n\n\n<li>Uusista tai muuttuneista palveluista ilmoittaminen k\u00e4ytt\u00e4jille<\/li>\n\n\n\n<li>Suoramarkkinointi<\/li>\n\n\n\n<li>Ilmoitus arpajaisten voittajista<\/li>\n\n\n\n<li>Analyysien tekeminen k\u00e4ytt\u00e4j\u00e4yst\u00e4v\u00e4llisten tarjousten ja tietojen toimittamista varten.<\/li>\n\n\n\n<li>Kyselyjen l\u00e4hett\u00e4minen, jotta k\u00e4ytt\u00e4j\u00e4t voivat vaikuttaa palveluihimme ja parantaa niit\u00e4.<\/li>\n\n\n\n<li>Palvelujen toimitusj\u00e4rjestelmien parantaminen<\/li>\n\n\n\n<li>Palvelumme v\u00e4\u00e4rink\u00e4yt\u00f6n v\u00e4ltt\u00e4minen<\/li>\n<\/ul>\n\n<p>S\u00e4hk\u00f6postiosoitetta ja puhelinnumeroa k\u00e4ytet\u00e4\u00e4n suoramarkkinointiviestien l\u00e4hett\u00e4miseen, jos asiakas on antanut siihen suostumuksensa. Jos asiakas ei halua vastaanottaa suoramarkkinointiviestej\u00e4, h\u00e4nen on valittava asianmukainen viite s\u00e4hk\u00f6postin alatunnisteesta tai otettava yhteytt\u00e4 asiakastukeen osoitteessa info@woodmax.ee. <\/p>\n\n<h3 class=\"wp-block-heading\">\u00a0<\/h3>\n\n<h3 class=\"wp-block-heading\"><strong>Turvallisuus<\/strong><\/h3>\n\n<p><strong><br\/><\/strong>Varmistamme k\u00e4ytt\u00e4jien henkil\u00f6tietojen suojan. Olemme ottaneet k\u00e4ytt\u00f6\u00f6n asianmukaiset fyysiset, tekniset ja hallinnolliset toimenpiteet, joilla estet\u00e4\u00e4n henkil\u00f6tietojen luvaton k\u00e4ytt\u00f6 tai luovuttaminen. P\u00e4\u00e4sy tietojen muuttamiseen ja k\u00e4sittelyyn on rajoitettu valtuutetuille henkil\u00f6ille.  <\/p>\n\n<p>MaxWood O\u00dc on henkil\u00f6tietojen rekisterinpit\u00e4j\u00e4, joka v\u00e4litt\u00e4\u00e4 maksujen suorittamiseen tarvittavat henkil\u00f6tiedot maksujen k\u00e4sittelij\u00e4lle Maksekeskus AS:lle.<\/p>\n\n<h3 class=\"wp-block-heading\"><strong>Henkil\u00f6tietojen valvonta<\/strong><\/h3>\n\n<p><strong><br\/><\/strong><br\/>Emme myy tai luovuta k\u00e4ytt\u00e4j\u00e4n henkil\u00f6tietoja kolmannelle osapuolelle ilman henkil\u00f6tietojen omistajan suostumusta tai lain edellytt\u00e4m\u00e4ll\u00e4 tavalla. K\u00e4ytt\u00e4jill\u00e4 on oikeus pyyt\u00e4\u00e4 milloin tahansa tietoja heist\u00e4 ker\u00e4tyist\u00e4 tiedoista. Tietojen antaminen h\u00e4nest\u00e4 ker\u00e4tyist\u00e4 tiedoista on k\u00e4ytt\u00e4j\u00e4lle maksutonta. Jos henkil\u00f6tiedot ovat virheellisi\u00e4 tai ep\u00e4olennaisia, k\u00e4ytt\u00e4j\u00e4ll\u00e4 on oikeus pyyt\u00e4\u00e4 tietojen korjaamista tai poistamista. Emme voi poistaa tietoja, jos niit\u00e4 koskee lakis\u00e4\u00e4teinen s\u00e4ilytysvelvoite tai jos ne ovat tarpeen sopimusperusteisten saatavien ker\u00e4\u00e4miseksi.   <br\/><br\/>Voimme k\u00e4ytt\u00e4\u00e4 henkil\u00f6tietoja toimittaaksemme k\u00e4ytt\u00e4j\u00e4lle kolmansien osapuolten tarjouksia, joiden katsomme kiinnostavan k\u00e4ytt\u00e4j\u00e4\u00e4.<br\/><br\/>Voit milloin tahansa poistaa itsesi tarjousten vastaanottajien luettelosta k\u00e4ytt\u00e4m\u00e4ll\u00e4 kunkin s\u00e4hk\u00f6postin lopussa olevaa peruutusvaihtoehtoa tai ottamalla meihin yhteytt\u00e4 osoitteeseen info@woodmax.ee.<\/p>\n\n<h3 class=\"wp-block-heading\"><strong>Tietosuojak\u00e4yt\u00e4nn\u00f6n ehdot ja muutokset<\/strong><\/h3>\n\n<p><strong><br\/><\/strong>Pid\u00e4t\u00e4mme oikeuden muuttaa tietosuojak\u00e4yt\u00e4nt\u00f6\u00e4 tarvittaessa. K\u00e4ytt\u00e4m\u00e4ll\u00e4 verkkosivustoamme vahvistat, ett\u00e4 olet lukenut n\u00e4m\u00e4 ehdot ja hyv\u00e4ksyt ne. Pysy ajan tasalla tietosuojak\u00e4yt\u00e4nn\u00f6n muutoksista verkkosivustollamme.  <br\/><br\/>Jos sinulla on kysymyksi\u00e4 tai huolenaiheita tietosuojak\u00e4yt\u00e4nn\u00f6st\u00e4mme tai tietojenk\u00e4sittelyst\u00e4, ota meihin yhteytt\u00e4 osoitteeseen info@woodmax.ee.<\/p>\n\n<p>Toiminimi: MaxWood O\u00dc<\/p>\n","protected":false},"excerpt":{"rendered":"<p>T\u00e4ss\u00e4 tietosuojak\u00e4yt\u00e4nn\u00f6ss\u00e4 kerrotaan, miten k\u00e4yt\u00e4mme ja suojaamme tietoja, joita k\u00e4ytt\u00e4j\u00e4t antavat meille k\u00e4ytt\u00e4ess\u00e4\u00e4n verkkosivustoamme. MaxWood O\u00dc on sitoutunut suojelemaan k\u00e4ytt\u00e4jien yksityisyytt\u00e4, ja vahvistamme, ett\u00e4 k\u00e4yt\u00e4mme verkkosivuillamme pyydettyj\u00e4 k\u00e4ytt\u00e4j\u00e4tietoja ainoastaan t\u00e4m\u00e4n tietosuojak\u00e4yt\u00e4nn\u00f6n mukaisesti. Vastuu ker\u00e4tyist\u00e4 henkil\u00f6tiedoista MaxWood O\u00dc on vastuussa k\u00e4ytt\u00e4j\u00e4n antamien henkil\u00f6tietojen ker\u00e4\u00e4misest\u00e4 ja tarkistamisesta. Ker\u00e4\u00e4mme ja tarkistamme henkil\u00f6tiedot Viron henkil\u00f6tietolain ja yksil\u00f6iden suojelusta henkil\u00f6tietojen [&hellip;]<\/p>\n","protected":false},"author":1,"featured_media":0,"parent":0,"menu_order":0,"comment_status":"closed","ping_status":"closed","template":"","meta":{"_seopress_robots_primary_cat":"","_seopress_titles_title":"","_seopress_titles_desc":"","_seopress_robots_index":"","_gspb_post_css":"","footnotes":""},"class_list":["post-29205","page","type-page","status-publish","hentry"],"blocksy_meta":[],"_links":{"self":[{"href":"https:\/\/woodmax.ee\/fi\/wp-json\/wp\/v2\/pages\/29205","targetHints":{"allow":["GET"]}}],"collection":[{"href":"https:\/\/woodmax.ee\/fi\/wp-json\/wp\/v2\/pages"}],"about":[{"href":"https:\/\/woodmax.ee\/fi\/wp-json\/wp\/v2\/types\/page"}],"author":[{"embeddable":true,"href":"https:\/\/woodmax.ee\/fi\/wp-json\/wp\/v2\/users\/1"}],"replies":[{"embeddable":true,"href":"https:\/\/woodmax.ee\/fi\/wp-json\/wp\/v2\/comments?post=29205"}],"version-history":[{"count":1,"href":"https:\/\/woodmax.ee\/fi\/wp-json\/wp\/v2\/pages\/29205\/revisions"}],"predecessor-version":[{"id":29206,"href":"https:\/\/woodmax.ee\/fi\/wp-json\/wp\/v2\/pages\/29205\/revisions\/29206"}],"wp:attachment":[{"href":"https:\/\/woodmax.ee\/fi\/wp-json\/wp\/v2\/media?parent=29205"}],"curies":[{"name":"wp","href":"https:\/\/api.w.org\/{rel}","templated":true}]}}