{"id":29207,"date":"2024-11-17T11:51:56","date_gmt":"2024-11-17T09:51:56","guid":{"rendered":"https:\/\/woodmax.ee\/muugitingimused\/"},"modified":"2025-01-29T11:24:24","modified_gmt":"2025-01-29T09:24:24","slug":"muugitingimused","status":"publish","type":"page","link":"https:\/\/woodmax.ee\/fi\/muugitingimused\/","title":{"rendered":"Myyntiehdot"},"content":{"rendered":"\n<p><\/p>\n\n<p>Verkkokaupan www.woodmax.ee (j\u00e4ljemp\u00e4n\u00e4 Verkkokauppa) omistaja on MaxWood O\u00dc (rekisteritunnus 16560132), joka sijaitsee osoitteessa Kopli tee 32, 75312, Peetri.<\/p>\n\n<h3 class=\"wp-block-heading\"><strong>Myyntisopimuksen voimassaolo, kaupalliset tiedot ja hintatiedot<\/strong><\/h3>\n\n<p>Myyntiehdot koskevat tavaroiden ostamista verkkokaupasta.<\/p>\n\n<p>Verkkokaupassa myyt\u00e4vien tuotteiden hinnat on ilmoitettu tuotteiden yhteydess\u00e4. Hintaan lis\u00e4t\u00e4\u00e4n toimitusmaksu. Kaikki verkkokaupassa myyt\u00e4vien tuotteiden hinnat ovat eurom\u00e4\u00e4r\u00e4isi\u00e4.  <\/p>\n\n<p>Toimitusmaksu riippuu ostajan sijainnista ja toimitustavasta. Toimitusmaksu n\u00e4ytet\u00e4\u00e4n ostajalle tilausta tehdess\u00e4. <\/p>\n\n<p>Tietoa tavaroista on verkkokaupassa suoraan tavaran vieress\u00e4.<\/p>\n\n<h3 class=\"wp-block-heading\"><strong><br\/>Tilauksen tekeminen<\/strong><\/h3>\n\n<p>Tilausta varten sinun on lis\u00e4tt\u00e4v\u00e4 haluamasi tuotteet ostoskoriin. Tilauksen tekemist\u00e4 varten sinun on t\u00e4ytett\u00e4v\u00e4 vaaditut kent\u00e4t ja valittava sopiva toimitustapa. T\u00e4m\u00e4n j\u00e4lkeen n\u00e4yt\u00f6ll\u00e4 n\u00e4kyy maksun m\u00e4\u00e4r\u00e4, joka voidaan maksaa turvallisesti seuraavilla maksutavoilla:  <\/p>\n\n<ul class=\"wp-block-list\">\n<li>Viron pankkimaksut: Swedbank, SEB, Luminor, LHV, Coop Pank, Citadele, Pocopay.<\/li>\n\n\n\n<li>Visa\/Mastercard-korttimaksut<\/li>\n<\/ul>\n\n<p>HUOM: Kun maksat pankkisiirrolla, muista klikata &#8221;Takaisin kauppiaalle&#8221; -painiketta pankkisivulla. <\/p>\n\n<p>Maksuja v\u00e4litt\u00e4\u00e4 <a href=\"http:\/\/www.maksekeskus.ee\/\" target=\"_blank\" rel=\"noreferrer noopener\">Maksekeskus AS.<\/a> Maksaminen tapahtuu verkkokaupan ulkopuolella suojatussa ymp\u00e4rist\u00f6ss\u00e4 &#8211; pankkilinkkimaksun tapauksessa kyseisen pankin suojatussa ymp\u00e4rist\u00f6ss\u00e4 ja luottokorttimaksun tapauksessa Maksekeskus AS:n suojatussa ymp\u00e4rist\u00f6ss\u00e4. Myyj\u00e4ll\u00e4 ei ole p\u00e4\u00e4sy\u00e4 asiakkaan pankki- ja luottokorttitietoihin. Sopimus astuu voimaan siit\u00e4 p\u00e4iv\u00e4st\u00e4 alkaen, kun maksettava summa on saapunut Verkkokaupan k\u00e4ytt\u00f6tilille.   <\/p>\n\n<p>Verkkokaupan omistaja on henkil\u00f6tietojen rekisterinpit\u00e4j\u00e4 ja v\u00e4litt\u00e4\u00e4 maksujen suorittamiseksi tarvittavat henkil\u00f6tiedot Maksekeskus AS:lle.<\/p>\n\n<p>Jos tilattuja tavaroita ei voida toimittaa toimitusajan umpeutumisen tai muun syyn vuoksi, ostajalle ilmoitetaan asiasta mahdollisimman pian ja maksetut rahat (toimituskulut mukaan lukien) palautetaan v\u00e4litt\u00f6m\u00e4sti, kuitenkin viimeist\u00e4\u00e4n 14 p\u00e4iv\u00e4n kuluttua ilmoituksesta.<\/p>\n\n<h3 class=\"wp-block-heading\"><strong><br\/>Toimitus osoitteeseen<\/strong><\/h3>\n\n<p>Tavarat toimitetaan seuraaviin maihin: Viro<\/p>\n\n<p><br\/><br\/><br\/>Ostajalla on seuraavat vaihtoehdot tavaroiden noutamiseksi: &#8211; Omniva-pakettiautomaatit &#8211; Itella-pakettiautomaatit &#8211; DPD-pakettiautomaatit.<\/p>\n\n<p>Ostaja vastaa toimituskuluista, ja vastaavat hintatiedot n\u00e4kyv\u00e4t toimitustavan yhteydess\u00e4.<\/p>\n\n<p>Viron sis\u00e4iset l\u00e4hetykset saapuvat yleens\u00e4 ostajan ilmoittamaan m\u00e4\u00e4r\u00e4np\u00e4\u00e4h\u00e4n 3 ty\u00f6p\u00e4iv\u00e4n kuluessa kauppasopimuksen voimaantulosta.<\/p>\n\n<p>Poikkeustapauksissa sinulla on oikeus saada tavarat toimitettua enint\u00e4\u00e4n 45 kalenterip\u00e4iv\u00e4n kuluessa.<\/p>\n\n<h3 class=\"wp-block-heading\"><strong><br\/>Peruuttamisoikeus<\/strong><\/h3>\n\n<p>Tilauksen vastaanottamisen j\u00e4lkeen ostajalla on oikeus peruuttaa s\u00e4hk\u00f6inen sopimus 14 p\u00e4iv\u00e4n kuluessa.<\/p>\n\n<p><em>Huomautus: Tuotteista riippuen ostajalla ei v\u00e4ltt\u00e4m\u00e4tt\u00e4 ole peruuttamisoikeutta, vaan kyseiset tuotteet ja palvelut on lueteltava ja niiden on t\u00e4ytett\u00e4v\u00e4 <a href=\"\" target=\"\" rel=\"\">velvoiteoikeuslain<\/a> 53 \u00a7:n 4 momentissa luetellut edellytykset. <\/em><\/p>\n\n<p>Peruuttamisoikeutta ei sovelleta, jos ostaja on oikeushenkil\u00f6.<\/p>\n\n<p>14 p\u00e4iv\u00e4n peruuttamisoikeuden k\u00e4ytt\u00e4miseksi tilattuja tavaroita ei saa k\u00e4ytt\u00e4\u00e4 muulla tavoin kuin on tarpeen tavaroiden luonteen, ominaisuuksien ja toiminnan selvitt\u00e4miseksi samalla tavalla kuin on sallittua tavaroiden testaamiseksi fyysisess\u00e4 myym\u00e4l\u00e4ss\u00e4.<\/p>\n\n<p>Jos tavaroita on k\u00e4ytetty muuhun kuin tavaran luonteen, ominaisuuksien ja toiminnan selvitt\u00e4miseen tarvittavaan tarkoitukseen tai jos tavaroissa on k\u00e4yt\u00f6n tai kulumisen merkkej\u00e4, verkkokaupalla on oikeus alentaa palautettavaa maksua tavaran arvon alenemisen mukaisesti.<\/p>\n\n<p>Palauttaaksesi tavaroita sinun on l\u00e4hetett\u00e4v\u00e4 peruutuslomake, joka l\u00f6ytyy t\u00e4\u00e4lt\u00e4: <a href=\"https:\/\/cdn.shopify.com\/s\/files\/1\/0663\/6725\/8871\/files\/Taganemisavaldus-maxwood.pdf?v=1665082933\" target=\"_blank\" rel=\"noreferrer noopener\"><strong>peruuttamislomake linkki<\/strong><\/a> ja l\u00e4het\u00e4 se osoitteeseen info@woodmax.ee viimeist\u00e4\u00e4n 14 p\u00e4iv\u00e4n kuluessa tavaroiden vastaanottamisesta.<\/p>\n\n<p>Ostaja vastaa tavaroiden palautuskustannuksista, ellei palautuksen syyn\u00e4 ole se, ett\u00e4 palautettava tuote ei vastaa tilattua (esim. v\u00e4\u00e4r\u00e4 tai viallinen tuote).<\/p>\n\n<p>Ostajan on palautettava tavarat 14 p\u00e4iv\u00e4n kuluessa hakemuksen j\u00e4tt\u00e4misest\u00e4 tai esitett\u00e4v\u00e4 todiste siit\u00e4, ett\u00e4 h\u00e4n on luovuttanut ne rahdinkuljettajalle edell\u00e4 mainitun ajan kuluessa.<\/p>\n\n<p>Verkkokauppa palauttaa palautetun tavaran saatuaan ostajalle v\u00e4litt\u00f6m\u00e4sti, mutta viimeist\u00e4\u00e4n 14 p\u00e4iv\u00e4n kuluessa peruuttamisen vastaanottamisesta, kaikki ostajalta sopimuksen mukaisesti saadut maksut.<\/p>\n\n<p>Verkkokauppa voi kielt\u00e4yty\u00e4 palautuksesta ennen kuin se on vastaanottanut sopimuksen kohteena olevat tavarat tai ennen kuin ostaja on todistanut palauttaneensa tavarat, riippuen siit\u00e4, kumpi ajankohta on aikaisempi.<\/p>\n\n<p>Jos ostaja on nimenomaisesti valinnut muun toimitustavan kuin verkkokaupan tarjoaman halvimman toimitustavan, verkkokauppa ei ole velvollinen korvaamaan kuluttajalle kustannuksia, jotka ylitt\u00e4v\u00e4t tavanomaisen toimitustavan kustannukset.<\/p>\n\n<p>Verkkokaupalla on oikeus peruuttaa kauppa ja vaatia ostajalta tavaran palauttamista, jos tavaran hinta verkkokaupassa on merkitty virheest\u00e4 johtuen huomattavasti alle tavaran markkinahinnan.<\/p>\n\n<h3 class=\"wp-block-heading\"><strong><br\/>Oikeus tehd\u00e4 valitus<\/strong><\/h3>\n\n<p>Verkkokauppa vastaa ostajalle myydyn tavaran virheest\u00e4 tai puutteesta, joka on ollut olemassa jo toimitushetkell\u00e4 ja joka ilmenee enint\u00e4\u00e4n kahden vuoden kuluessa tavaran toimittamisesta ostajalle.  <strong>T\u00e4m\u00e4n j\u00e4lkeen yhden vuoden ajan siit\u00e4, kun tavara on toimitettu ostajalle, vian oletetaan olleen olemassa toimitushetkell\u00e4. Verkkokaupan vastuulla on kumota t\u00e4m\u00e4 olettamus. <\/strong><\/p>\n\n<p>Jos tuotteessa on virhe, ostajalla on oikeus ottaa yhteytt\u00e4 verkkokauppaan viimeist\u00e4\u00e4n kahden kuukauden kuluessa l\u00e4hett\u00e4m\u00e4ll\u00e4 s\u00e4hk\u00f6postia osoitteeseen info@woodmax.ee tai soittamalla numeroon +372 56685544.<\/p>\n\n<p>Verkkokauppa ei ole vastuussa virheist\u00e4, jotka ilmenev\u00e4t sen j\u00e4lkeen, kun tavarat on toimitettu ostajalle.<\/p>\n\n<p>Jos Verkkokaupasta ostetuissa tavaroissa on virheit\u00e4, joista Verkkokauppa on vastuussa, Verkkokauppa korjaa tai vaihtaa vialliset tavarat. Jos tavaran korjaaminen tai korvaaminen ei ole mahdollista, Verkkokauppa palauttaa ostajalle kaikki kauppasopimukseen liittyv\u00e4t maksut. <\/p>\n\n<p>Verkkokaupan on vastattava kuluttajan valitukseen kirjallisesti tai kirjallisesti toistettavassa muodossa 15 p\u00e4iv\u00e4n kuluessa.<\/p>\n\n<h3 class=\"wp-block-heading\"><strong><br\/>Suoramarkkinointi ja henkil\u00f6tietojen k\u00e4sittely<\/strong><\/h3>\n\n<p>Verkkokauppa k\u00e4ytt\u00e4\u00e4 ostajan antamia henkil\u00f6tietoja ainoastaan tilauksen k\u00e4sittelyyn ja tavaroiden l\u00e4hett\u00e4miseen ostajalle. Verkkokauppa v\u00e4litt\u00e4\u00e4 henkil\u00f6tietoja kuljetuspalveluja tarjoaville yrityksille tavaroiden toimittamiseksi. <\/p>\n\n<p>Verkkokauppa l\u00e4hett\u00e4\u00e4 uutiskirjeit\u00e4 ja tarjouksia ostajan s\u00e4hk\u00f6postiosoitteeseen vain, jos ostaja on ilmaissut halunsa saada niit\u00e4 sy\u00f6tt\u00e4m\u00e4ll\u00e4 s\u00e4hk\u00f6postiosoitteensa verkkosivustolle ja ilmoittanut haluavansa vastaanottaa suoramainontailmoituksia.<\/p>\n\n<p>Ostaja voi milloin tahansa kielt\u00e4yty\u00e4 vastaanottamasta tarjouksia ja uutiskirjeit\u00e4 s\u00e4hk\u00f6postitse ilmoittamalla siit\u00e4 meille s\u00e4hk\u00f6postitse tai noudattamalla tarjoukset sis\u00e4lt\u00e4v\u00e4ss\u00e4 s\u00e4hk\u00f6postiviestiss\u00e4 annettuja ohjeita.<\/p>\n\n<h3 class=\"wp-block-heading\"><strong>Riitojen ratkaiseminen<\/strong><\/h3>\n\n<p>Jos ostajalla on verkkokauppaa koskevia valituksia, h\u00e4nen tulee l\u00e4hett\u00e4\u00e4 ne s\u00e4hk\u00f6postitse osoitteeseen info@woodmax.ee tai soittaa numeroon +372 56685544.<\/p>\n\n<p>Jos ostaja ja verkkokauppa eiv\u00e4t pysty ratkaisemaan riitaa sopimuksella, ostaja voi k\u00e4\u00e4nty\u00e4 kuluttajariitalautakunnan puoleen. Voit tutustua menettelyn ehtoihin ja tehd\u00e4 hakemuksen <a href=\"https:\/\/komisjon.ee\/et\/avalduse-esitamine\" target=\"_blank\" rel=\"noreferrer noopener\">t\u00e4\u00e4ll\u00e4.<\/a> Kuluttajariitalautakunta on toimivaltainen ratkaisemaan ostajan ja verkkokaupan v\u00e4lisest\u00e4 sopimuksesta johtuvat riidat. Ostajan valituksen tutkiminen lautakunnassa on maksutonta.   <\/p>\n\n<p>Ostaja voi k\u00e4\u00e4nty\u00e4 Euroopan unionin kuluttajariitojen <a href=\"https:\/\/ec.europa.eu\/consumers\/odr\/main\/index.cfm?event=main.home2.show&amp;lng=ET\" target=\"_blank\" rel=\"noreferrer noopener\">ratkaisufoorumin<\/a> puoleen.<\/p>\n","protected":false},"excerpt":{"rendered":"<p>Verkkokaupan www.woodmax.ee (j\u00e4ljemp\u00e4n\u00e4 Verkkokauppa) omistaja on MaxWood O\u00dc (rekisteritunnus 16560132), joka sijaitsee osoitteessa Kopli tee 32, 75312, Peetri. Myyntisopimuksen voimassaolo, kaupalliset tiedot ja hintatiedot Myyntiehdot koskevat tavaroiden ostamista verkkokaupasta. Verkkokaupassa myyt\u00e4vien tuotteiden hinnat on ilmoitettu tuotteiden yhteydess\u00e4. Hintaan lis\u00e4t\u00e4\u00e4n toimitusmaksu. Kaikki verkkokaupassa myyt\u00e4vien tuotteiden hinnat ovat eurom\u00e4\u00e4r\u00e4isi\u00e4. Toimitusmaksu riippuu ostajan sijainnista ja toimitustavasta. Toimitusmaksu n\u00e4ytet\u00e4\u00e4n [&hellip;]<\/p>\n","protected":false},"author":1,"featured_media":0,"parent":0,"menu_order":0,"comment_status":"closed","ping_status":"closed","template":"","meta":{"_seopress_robots_primary_cat":"","_seopress_titles_title":"","_seopress_titles_desc":"","_seopress_robots_index":"","_gspb_post_css":"","footnotes":""},"class_list":["post-29207","page","type-page","status-publish","hentry"],"blocksy_meta":[],"_links":{"self":[{"href":"https:\/\/woodmax.ee\/fi\/wp-json\/wp\/v2\/pages\/29207","targetHints":{"allow":["GET"]}}],"collection":[{"href":"https:\/\/woodmax.ee\/fi\/wp-json\/wp\/v2\/pages"}],"about":[{"href":"https:\/\/woodmax.ee\/fi\/wp-json\/wp\/v2\/types\/page"}],"author":[{"embeddable":true,"href":"https:\/\/woodmax.ee\/fi\/wp-json\/wp\/v2\/users\/1"}],"replies":[{"embeddable":true,"href":"https:\/\/woodmax.ee\/fi\/wp-json\/wp\/v2\/comments?post=29207"}],"version-history":[{"count":1,"href":"https:\/\/woodmax.ee\/fi\/wp-json\/wp\/v2\/pages\/29207\/revisions"}],"predecessor-version":[{"id":29209,"href":"https:\/\/woodmax.ee\/fi\/wp-json\/wp\/v2\/pages\/29207\/revisions\/29209"}],"wp:attachment":[{"href":"https:\/\/woodmax.ee\/fi\/wp-json\/wp\/v2\/media?parent=29207"}],"curies":[{"name":"wp","href":"https:\/\/api.w.org\/{rel}","templated":true}]}}