{"id":29208,"date":"2024-11-17T11:48:34","date_gmt":"2024-11-17T09:48:34","guid":{"rendered":"https:\/\/woodmax.ee\/meist\/"},"modified":"2025-01-29T11:24:23","modified_gmt":"2025-01-29T09:24:23","slug":"meist","status":"publish","type":"page","link":"https:\/\/woodmax.ee\/fi\/meist\/","title":{"rendered":"Tietoa meist\u00e4"},"content":{"rendered":"\n<p><\/p>\n\n<ul class=\"wp-block-list\">\n<li>Hei kaikille ihanille seuraajillemme ja palapelien yst\u00e4ville! \ud83d\udc4b   <\/li>\n\n\n\n<li>Olemme Woodmax.ee-tiimi ja haluamme esitell\u00e4 sinulle intohimoisen puumattojen maailmamme.<\/li>\n\n\n\n<li>Tavoitteenamme on tehd\u00e4 palapelikokemuksestasi unohtumaton, olitpa sitten 5 tai 95-vuotias.  <\/li>\n\n\n\n<li>Woodmax-palapelit ovat enemm\u00e4n kuin pelkki\u00e4 leluja, ne ovat taideteoksia, jotka viev\u00e4t sinut lumoavalle matkalle puun ja muotoilun maailmaan.<\/li>\n<\/ul>\n\n<p><strong>Mik\u00e4 tekee Woodmax-palapeleist\u00e4 erityisi\u00e4?  <\/strong><\/p>\n\n<ul class=\"wp-block-list\">\n<li>Tuotteemme luodaan rakkaudella ja omistautumisella, k\u00e4ytt\u00e4en korkealaatuista puuta ja ainutlaatuisia muotoja.  <\/li>\n\n\n\n<li>Jokainen palapelilaatikko on t\u00e4ynn\u00e4 ainutlaatuisia palapelinpaloja, jotka sopivat lapsille ja aikuisille.  <\/li>\n\n\n\n<li>Lis\u00e4ksi palapelimme koristavat kotiasi ja ovat loistavia lahjaideoita!<\/li>\n\n\n\n<li>Olipa tavoitteenasi sitten palapelin kokoaminen yksin tai perheen ja yst\u00e4vien kanssa, uskomme, ett\u00e4 l\u00f6yd\u00e4t iloa ja tyydytyst\u00e4 Woodmax-palapelist\u00e4.  <\/li>\n\n\n\n<li>Se on loistava tapa rentoutua, kehitt\u00e4\u00e4 aivoja ja luoda unohtumattomia muistoja.<\/li>\n\n\n\n<li>Kutsumme sinut tutustumaan laajaan valikoimaan puisia figuureja ja l\u00f6yt\u00e4m\u00e4\u00e4n itsellesi mieluisimman.  <\/li>\n\n\n\n<li>Seuraa meit\u00e4, jotta pysyt ajan tasalla uusimmista tuotteistamme ja j\u00e4nnitt\u00e4vist\u00e4 tarinoistamme!<\/li>\n<\/ul>\n\n<p><strong><a href=\"https:\/\/www.facebook.com\/woodmax.ee\">Facebook<\/a> ja <a href=\"https:\/\/www.instagram.com\/woodmax.ee\/\">Instagram<\/a><\/strong><\/p>\n\n<ul class=\"wp-block-list\">\n<li>Kiitos tuestasi ja \u00e4l\u00e4 unohda jakaa Woodmax-palapeliseikkailujasi kanssamme k\u00e4ytt\u00e4m\u00e4ll\u00e4 hashtagia <strong>#WoodmaxPuzzles<\/strong>.  <\/li>\n\n\n\n<li>Olemme t\u00e4\u00e4ll\u00e4 inspiroimassa ja ilahduttamassa sinua! \ud83e\udde9\u2728 <\/li>\n<\/ul>\n\n<p>#Woodmax #WoodenPusled #PusledForChildrenAndAdults #OriginalDesign #PusleLove<\/p>\n\n<hr class=\"wp-block-separator has-alpha-channel-opacity\"\/>\n\n<p><strong>Toivomme, ett\u00e4 t\u00e4m\u00e4 viesti auttaa meit\u00e4 mainostamaan yrityst\u00e4mme Woodmax.ee ja ker\u00e4\u00e4m\u00e4\u00e4n lis\u00e4\u00e4 puzzle-yst\u00e4vi\u00e4.<\/strong><\/p>\n\n<p><\/p>\n","protected":false},"excerpt":{"rendered":"<p>Mik\u00e4 tekee Woodmax-palapeleist\u00e4 erityisi\u00e4? Facebook ja Instagram #Woodmax #WoodenPusled #PusledForChildrenAndAdults #OriginalDesign #PusleLove Toivomme, ett\u00e4 t\u00e4m\u00e4 viesti auttaa meit\u00e4 mainostamaan yrityst\u00e4mme Woodmax.ee ja ker\u00e4\u00e4m\u00e4\u00e4n lis\u00e4\u00e4 puzzle-yst\u00e4vi\u00e4.<\/p>\n","protected":false},"author":1,"featured_media":0,"parent":0,"menu_order":0,"comment_status":"closed","ping_status":"closed","template":"","meta":{"_seopress_robots_primary_cat":"","_seopress_titles_title":"","_seopress_titles_desc":"","_seopress_robots_index":"","_gspb_post_css":"","footnotes":""},"class_list":["post-29208","page","type-page","status-publish","hentry"],"blocksy_meta":[],"_links":{"self":[{"href":"https:\/\/woodmax.ee\/fi\/wp-json\/wp\/v2\/pages\/29208","targetHints":{"allow":["GET"]}}],"collection":[{"href":"https:\/\/woodmax.ee\/fi\/wp-json\/wp\/v2\/pages"}],"about":[{"href":"https:\/\/woodmax.ee\/fi\/wp-json\/wp\/v2\/types\/page"}],"author":[{"embeddable":true,"href":"https:\/\/woodmax.ee\/fi\/wp-json\/wp\/v2\/users\/1"}],"replies":[{"embeddable":true,"href":"https:\/\/woodmax.ee\/fi\/wp-json\/wp\/v2\/comments?post=29208"}],"version-history":[{"count":1,"href":"https:\/\/woodmax.ee\/fi\/wp-json\/wp\/v2\/pages\/29208\/revisions"}],"predecessor-version":[{"id":29210,"href":"https:\/\/woodmax.ee\/fi\/wp-json\/wp\/v2\/pages\/29208\/revisions\/29210"}],"wp:attachment":[{"href":"https:\/\/woodmax.ee\/fi\/wp-json\/wp\/v2\/media?parent=29208"}],"curies":[{"name":"wp","href":"https:\/\/api.w.org\/{rel}","templated":true}]}}