{"id":29596,"date":"2024-11-23T15:52:02","date_gmt":"2024-11-23T13:52:02","guid":{"rendered":"https:\/\/woodmax.ee\/toode\/salaparane-ookull\/"},"modified":"2025-09-01T22:10:41","modified_gmt":"2025-09-01T20:10:41","slug":"salaperainen-pollo","status":"publish","type":"product","link":"https:\/\/woodmax.ee\/fi\/tuote\/salaperainen-pollo\/","title":{"rendered":"Salaper\u00e4inen p\u00f6ll\u00f6"},"content":{"rendered":"<ul>\n<li><strong>Koko Medium (M) &#8211; 25&#215;36 cm<\/strong> &#8211; 264 kpl.<\/li>\n<li><strong>Koko Suuri (L) &#8211; 36&#215;51 cm<\/strong> &#8211; 516 kappaletta<\/li>\n<\/ul>\n<p>VAROITUS! Pienet osat &#8211; tukehtumisvaara! S\u00e4ilyt\u00e4 kuivassa paikassa. Suositeltu ik\u00e4: 14+<\/p>\n","protected":false},"excerpt":{"rendered":"<p>Koko Medium (M) &#8211; 25&#215;36 cm &#8211; 264 kpl. Koko Suuri (L) &#8211; 36&#215;51 cm &#8211; 516 kappaletta VAROITUS! Pienet osat &#8211; tukehtumisvaara! S\u00e4ilyt\u00e4 kuivassa paikassa. Suositeltu ik\u00e4: 14+<\/p>\n","protected":false},"featured_media":29598,"template":"","meta":{"_seopress_robots_primary_cat":"none","_seopress_titles_title":"%%post_title%% puinen palapeli (Wentworth)","_seopress_titles_desc":"","_seopress_robots_index":"","_gspb_post_css":""},"product_brand":[],"product_cat":[520,517,521,519],"product_tag":[522,550,551],"class_list":{"0":"post-29596","1":"product","2":"type-product","3":"status-publish","4":"has-post-thumbnail","6":"product_cat-wentworthin-elaimet","7":"product_cat-kaikki-arvoitukset","8":"product_cat-uusi-pusled","9":"product_cat-wentworth-palapelit","10":"product_tag-201-300-fi","11":"product_tag-501-600-fi","12":"product_tag-pollo","14":"first","15":"instock","16":"taxable","17":"shipping-taxable","18":"purchasable","19":"product-type-variable"},"_links":{"self":[{"href":"https:\/\/woodmax.ee\/fi\/wp-json\/wp\/v2\/product\/29596","targetHints":{"allow":["GET"]}}],"collection":[{"href":"https:\/\/woodmax.ee\/fi\/wp-json\/wp\/v2\/product"}],"about":[{"href":"https:\/\/woodmax.ee\/fi\/wp-json\/wp\/v2\/types\/product"}],"wp:featuredmedia":[{"embeddable":true,"href":"https:\/\/woodmax.ee\/fi\/wp-json\/wp\/v2\/media\/29598"}],"wp:attachment":[{"href":"https:\/\/woodmax.ee\/fi\/wp-json\/wp\/v2\/media?parent=29596"}],"wp:term":[{"taxonomy":"product_brand","embeddable":true,"href":"https:\/\/woodmax.ee\/fi\/wp-json\/wp\/v2\/product_brand?post=29596"},{"taxonomy":"product_cat","embeddable":true,"href":"https:\/\/woodmax.ee\/fi\/wp-json\/wp\/v2\/product_cat?post=29596"},{"taxonomy":"product_tag","embeddable":true,"href":"https:\/\/woodmax.ee\/fi\/wp-json\/wp\/v2\/product_tag?post=29596"}],"curies":[{"name":"wp","href":"https:\/\/api.w.org\/{rel}","templated":true}]}}