{"id":29647,"date":"2024-11-28T15:52:02","date_gmt":"2024-11-28T13:52:02","guid":{"rendered":"https:\/\/woodmax.ee\/toode\/rebane-frankie\/"},"modified":"2025-09-01T22:06:29","modified_gmt":"2025-09-01T20:06:29","slug":"frankie-kettu","status":"publish","type":"product","link":"https:\/\/woodmax.ee\/fi\/tuote\/frankie-kettu\/","title":{"rendered":"Frankie-kettu"},"content":{"rendered":"<ul>\n<li><strong>Yksi koko &#8211; 250&#215;170 mm<\/strong> &#8211; 15 kpl &#8211; Ik\u00e4suositus: 3+ vuotta.<\/li>\n<\/ul>\n<p>VAROITUS! Pienet osat &#8211; tukehtumisvaara! S\u00e4ilyt\u00e4 kuivassa paikassa.<\/p>\n","protected":false},"excerpt":{"rendered":"<p>Yksi koko &#8211; 250&#215;170 mm &#8211; 15 kpl &#8211; Ik\u00e4suositus: 3+ vuotta. VAROITUS! Pienet osat &#8211; tukehtumisvaara! S\u00e4ilyt\u00e4 kuivassa paikassa.<\/p>\n","protected":false},"featured_media":29650,"template":"","meta":{"_seopress_robots_primary_cat":"none","_seopress_titles_title":"%%post_title%% puinen palapeli (Wentworth)","_seopress_titles_desc":"","_seopress_robots_index":"","_gspb_post_css":""},"product_brand":[],"product_cat":[517,562,528,521,519],"product_tag":[530,523,526],"class_list":{"0":"post-29647","1":"product","2":"type-product","3":"status-publish","4":"has-post-thumbnail","6":"product_cat-kaikki-arvoitukset","7":"product_cat-mini-fi","8":"product_cat-puiset-pusled-lapsille","9":"product_cat-uusi-pusled","10":"product_cat-wentworth-palapelit","11":"product_tag-1-100-fi","12":"product_tag-kettu","13":"product_tag-kukkia","15":"first","16":"instock","17":"taxable","18":"shipping-taxable","19":"purchasable","20":"product-type-simple"},"_links":{"self":[{"href":"https:\/\/woodmax.ee\/fi\/wp-json\/wp\/v2\/product\/29647","targetHints":{"allow":["GET"]}}],"collection":[{"href":"https:\/\/woodmax.ee\/fi\/wp-json\/wp\/v2\/product"}],"about":[{"href":"https:\/\/woodmax.ee\/fi\/wp-json\/wp\/v2\/types\/product"}],"wp:featuredmedia":[{"embeddable":true,"href":"https:\/\/woodmax.ee\/fi\/wp-json\/wp\/v2\/media\/29650"}],"wp:attachment":[{"href":"https:\/\/woodmax.ee\/fi\/wp-json\/wp\/v2\/media?parent=29647"}],"wp:term":[{"taxonomy":"product_brand","embeddable":true,"href":"https:\/\/woodmax.ee\/fi\/wp-json\/wp\/v2\/product_brand?post=29647"},{"taxonomy":"product_cat","embeddable":true,"href":"https:\/\/woodmax.ee\/fi\/wp-json\/wp\/v2\/product_cat?post=29647"},{"taxonomy":"product_tag","embeddable":true,"href":"https:\/\/woodmax.ee\/fi\/wp-json\/wp\/v2\/product_tag?post=29647"}],"curies":[{"name":"wp","href":"https:\/\/api.w.org\/{rel}","templated":true}]}}