{"id":29686,"date":"2024-11-28T15:08:58","date_gmt":"2024-11-28T13:08:58","guid":{"rendered":"https:\/\/woodmax.ee\/toode\/must-valge-rahulikkus\/"},"modified":"2025-09-01T08:59:51","modified_gmt":"2025-09-01T06:59:51","slug":"mustavalkoinen-tyyneys","status":"publish","type":"product","link":"https:\/\/woodmax.ee\/fi\/tuote\/mustavalkoinen-tyyneys\/","title":{"rendered":"Mustavalkoinen tyyneys"},"content":{"rendered":"<ul>\n<li><strong>Koko &#8211; 43 x 29 cm <\/strong><strong>&#8211; 500 kappaletta<\/strong> &#8211; eritt\u00e4in monimutkainen, kokoonpanoaika 4-6 tuntia.<\/li>\n<\/ul>\n<p>Se ei ole vain palapeli &#8211; se on puinen palapeli! T\u00e4m\u00e4 j\u00e4nnitt\u00e4v\u00e4 peli sopii koululaisille ja aikuisille. Ik\u00e4suositus: 14+.<br \/>\nS\u00e4ilyt\u00e4 kuivassa paikassa. VAROITUS! Kuivaa kuivaa. Pienet osat &#8211; tukehtumisvaara.<\/p>\n","protected":false},"excerpt":{"rendered":"<p>Koko &#8211; 43 x 29 cm &#8211; 500 kappaletta &#8211; eritt\u00e4in monimutkainen, kokoonpanoaika 4-6 tuntia. Se ei ole vain palapeli &#8211; se on puinen palapeli! T\u00e4m\u00e4 j\u00e4nnitt\u00e4v\u00e4 peli sopii koululaisille ja aikuisille. Ik\u00e4suositus: 14+. S\u00e4ilyt\u00e4 kuivassa paikassa. VAROITUS! Kuivaa kuivaa. Pienet osat &#8211; tukehtumisvaara.<\/p>\n","protected":false},"featured_media":29692,"template":"","meta":{"_seopress_robots_primary_cat":"none","_seopress_titles_title":"%%post_title%% puinen palapeli (Unidragon)","_seopress_titles_desc":"","_seopress_robots_index":"","_gspb_post_css":""},"product_brand":[],"product_cat":[517,567,552,521],"product_tag":[566,569,568],"class_list":{"0":"post-29686","1":"product","2":"type-product","3":"status-publish","4":"has-post-thumbnail","6":"product_cat-kaikki-arvoitukset","7":"product_cat-luonto-fi","8":"product_cat-unidragon-palapelit","9":"product_cat-uusi-pusled","10":"product_tag-401-500-fi","11":"product_tag-mustavalkoinen","12":"product_tag-vuori","14":"first","15":"instock","16":"taxable","17":"shipping-taxable","18":"purchasable","19":"product-type-simple"},"_links":{"self":[{"href":"https:\/\/woodmax.ee\/fi\/wp-json\/wp\/v2\/product\/29686","targetHints":{"allow":["GET"]}}],"collection":[{"href":"https:\/\/woodmax.ee\/fi\/wp-json\/wp\/v2\/product"}],"about":[{"href":"https:\/\/woodmax.ee\/fi\/wp-json\/wp\/v2\/types\/product"}],"wp:featuredmedia":[{"embeddable":true,"href":"https:\/\/woodmax.ee\/fi\/wp-json\/wp\/v2\/media\/29692"}],"wp:attachment":[{"href":"https:\/\/woodmax.ee\/fi\/wp-json\/wp\/v2\/media?parent=29686"}],"wp:term":[{"taxonomy":"product_brand","embeddable":true,"href":"https:\/\/woodmax.ee\/fi\/wp-json\/wp\/v2\/product_brand?post=29686"},{"taxonomy":"product_cat","embeddable":true,"href":"https:\/\/woodmax.ee\/fi\/wp-json\/wp\/v2\/product_cat?post=29686"},{"taxonomy":"product_tag","embeddable":true,"href":"https:\/\/woodmax.ee\/fi\/wp-json\/wp\/v2\/product_tag?post=29686"}],"curies":[{"name":"wp","href":"https:\/\/api.w.org\/{rel}","templated":true}]}}