{"id":29701,"date":"2024-11-28T15:51:12","date_gmt":"2024-11-28T13:51:12","guid":{"rendered":"https:\/\/woodmax.ee\/toode\/sinise-varjundid\/"},"modified":"2025-09-01T22:07:23","modified_gmt":"2025-09-01T20:07:23","slug":"sinisen-savyt","status":"publish","type":"product","link":"https:\/\/woodmax.ee\/fi\/tuote\/sinisen-savyt\/","title":{"rendered":"Sinisen s\u00e4vyt"},"content":{"rendered":"<ul>\n<li><strong>Yksi koko &#8211; 36&#215;25 cm<\/strong> &#8211; 241 kappaletta<\/li>\n<\/ul>\n<p>VAROITUS! Pienet osat &#8211; tukehtumisvaara! S\u00e4ilyt\u00e4 kuivassa paikassa. Suositeltu ik\u00e4: 14+<\/p>\n","protected":false},"excerpt":{"rendered":"<p>Yksi koko &#8211; 36&#215;25 cm &#8211; 241 kappaletta VAROITUS! Pienet osat &#8211; tukehtumisvaara! S\u00e4ilyt\u00e4 kuivassa paikassa. Suositeltu ik\u00e4: 14+<\/p>\n","protected":false},"featured_media":29707,"template":"","meta":{"_seopress_robots_primary_cat":"none","_seopress_titles_title":"%%post_title%% puinen palapeli (Wentworth)","_seopress_titles_desc":"","_seopress_robots_index":"","_gspb_post_css":""},"product_brand":[],"product_cat":[520,517,521,519],"product_tag":[522,574,572,573],"class_list":{"0":"post-29701","1":"product","2":"type-product","3":"status-publish","4":"has-post-thumbnail","6":"product_cat-wentworthin-elaimet","7":"product_cat-kaikki-arvoitukset","8":"product_cat-uusi-pusled","9":"product_cat-wentworth-palapelit","10":"product_tag-201-300-fi","11":"product_tag-babulind","12":"product_tag-lind-fi","13":"product_tag-linnut","15":"first","16":"instock","17":"taxable","18":"shipping-taxable","19":"purchasable","20":"product-type-simple"},"_links":{"self":[{"href":"https:\/\/woodmax.ee\/fi\/wp-json\/wp\/v2\/product\/29701","targetHints":{"allow":["GET"]}}],"collection":[{"href":"https:\/\/woodmax.ee\/fi\/wp-json\/wp\/v2\/product"}],"about":[{"href":"https:\/\/woodmax.ee\/fi\/wp-json\/wp\/v2\/types\/product"}],"wp:featuredmedia":[{"embeddable":true,"href":"https:\/\/woodmax.ee\/fi\/wp-json\/wp\/v2\/media\/29707"}],"wp:attachment":[{"href":"https:\/\/woodmax.ee\/fi\/wp-json\/wp\/v2\/media?parent=29701"}],"wp:term":[{"taxonomy":"product_brand","embeddable":true,"href":"https:\/\/woodmax.ee\/fi\/wp-json\/wp\/v2\/product_brand?post=29701"},{"taxonomy":"product_cat","embeddable":true,"href":"https:\/\/woodmax.ee\/fi\/wp-json\/wp\/v2\/product_cat?post=29701"},{"taxonomy":"product_tag","embeddable":true,"href":"https:\/\/woodmax.ee\/fi\/wp-json\/wp\/v2\/product_tag?post=29701"}],"curies":[{"name":"wp","href":"https:\/\/api.w.org\/{rel}","templated":true}]}}