{"id":29712,"date":"2024-11-28T15:51:12","date_gmt":"2024-11-28T13:51:12","guid":{"rendered":"https:\/\/woodmax.ee\/toode\/troopiline-fiesta\/"},"modified":"2025-09-01T22:07:48","modified_gmt":"2025-09-01T20:07:48","slug":"trooppinen-juhla","status":"publish","type":"product","link":"https:\/\/woodmax.ee\/fi\/tuote\/trooppinen-juhla\/","title":{"rendered":"Trooppinen juhla"},"content":{"rendered":"<ul>\n<li><strong>Koko Medium (M) &#8211; 36\u00d725 cm<\/strong> &#8211; 250 kpl.<\/li>\n<li><strong>Koko Suuri (L) &#8211; 51\u00d736 cm<\/strong> &#8211; 500 kpl.<\/li>\n<\/ul>\n<p>VAROITUS! Pienet osat &#8211; tukehtumisvaara! S\u00e4ilyt\u00e4 kuivassa paikassa. Suositeltu ik\u00e4: 14+<\/p>\n","protected":false},"excerpt":{"rendered":"<p>Koko Medium (M) &#8211; 36\u00d725 cm &#8211; 250 kpl. Koko Suuri (L) &#8211; 51\u00d736 cm &#8211; 500 kpl. VAROITUS! Pienet osat &#8211; tukehtumisvaara! S\u00e4ilyt\u00e4 kuivassa paikassa. Suositeltu ik\u00e4: 14+<\/p>\n","protected":false},"featured_media":29713,"template":"","meta":{"_seopress_robots_primary_cat":"none","_seopress_titles_title":"%%post_title%% puinen palapeli (Wentworth)","_seopress_titles_desc":"","_seopress_robots_index":"","_gspb_post_css":""},"product_brand":[],"product_cat":[520,517,521,519],"product_tag":[522,566,526,576,575],"class_list":{"0":"post-29712","1":"product","2":"type-product","3":"status-publish","4":"has-post-thumbnail","6":"product_cat-wentworthin-elaimet","7":"product_cat-kaikki-arvoitukset","8":"product_cat-uusi-pusled","9":"product_cat-wentworth-palapelit","10":"product_tag-201-300-fi","11":"product_tag-401-500-fi","12":"product_tag-kukkia","13":"product_tag-papagoidi","14":"product_tag-papukaija","16":"first","17":"instock","18":"taxable","19":"shipping-taxable","20":"purchasable","21":"product-type-variable"},"_links":{"self":[{"href":"https:\/\/woodmax.ee\/fi\/wp-json\/wp\/v2\/product\/29712","targetHints":{"allow":["GET"]}}],"collection":[{"href":"https:\/\/woodmax.ee\/fi\/wp-json\/wp\/v2\/product"}],"about":[{"href":"https:\/\/woodmax.ee\/fi\/wp-json\/wp\/v2\/types\/product"}],"wp:featuredmedia":[{"embeddable":true,"href":"https:\/\/woodmax.ee\/fi\/wp-json\/wp\/v2\/media\/29713"}],"wp:attachment":[{"href":"https:\/\/woodmax.ee\/fi\/wp-json\/wp\/v2\/media?parent=29712"}],"wp:term":[{"taxonomy":"product_brand","embeddable":true,"href":"https:\/\/woodmax.ee\/fi\/wp-json\/wp\/v2\/product_brand?post=29712"},{"taxonomy":"product_cat","embeddable":true,"href":"https:\/\/woodmax.ee\/fi\/wp-json\/wp\/v2\/product_cat?post=29712"},{"taxonomy":"product_tag","embeddable":true,"href":"https:\/\/woodmax.ee\/fi\/wp-json\/wp\/v2\/product_tag?post=29712"}],"curies":[{"name":"wp","href":"https:\/\/api.w.org\/{rel}","templated":true}]}}