{"id":29757,"date":"2023-11-23T15:44:56","date_gmt":"2023-11-23T13:44:56","guid":{"rendered":"https:\/\/woodmax.ee\/toode\/suve-rohelus\/"},"modified":"2025-09-01T22:47:04","modified_gmt":"2025-09-01T20:47:04","slug":"kesavihrea","status":"publish","type":"product","link":"https:\/\/woodmax.ee\/fi\/tuote\/kesavihrea\/","title":{"rendered":"Kes\u00e4vihre\u00e4"},"content":{"rendered":"<ul>\n<li><strong>Koko Medium (M) &#8211; 36&#215;25 cm<\/strong> &#8211; 250 kpl.<\/li>\n<li><strong>Koko Suuri (L) &#8211; 51&#215;36 cm<\/strong> &#8211; 500 kpl<\/li>\n<\/ul>\n<p>VAROITUS! Pienet osat &#8211; tukehtumisvaara! S\u00e4ilyt\u00e4 kuivassa paikassa.<br \/>\nIk\u00e4suositus: 14+<\/p>\n","protected":false},"excerpt":{"rendered":"<p>Koko Medium (M) &#8211; 36&#215;25 cm &#8211; 250 kpl. Koko Suuri (L) &#8211; 51&#215;36 cm &#8211; 500 kpl VAROITUS! Pienet osat &#8211; tukehtumisvaara! S\u00e4ilyt\u00e4 kuivassa paikassa. Ik\u00e4suositus: 14+<\/p>\n","protected":false},"featured_media":29759,"template":"","meta":{"_seopress_robots_primary_cat":"none","_seopress_titles_title":"%%post_title%% puinen palapeli (Wentworth)","_seopress_titles_desc":"","_seopress_robots_index":"","_gspb_post_css":""},"product_brand":[],"product_cat":[520,517,519],"product_tag":[522,566,572,573,542],"class_list":{"0":"post-29757","1":"product","2":"type-product","3":"status-publish","4":"has-post-thumbnail","6":"product_cat-wentworthin-elaimet","7":"product_cat-kaikki-arvoitukset","8":"product_cat-wentworth-palapelit","9":"product_tag-201-300-fi","10":"product_tag-401-500-fi","11":"product_tag-lind-fi","12":"product_tag-linnut","13":"product_tag-perhonen","15":"first","16":"instock","17":"taxable","18":"shipping-taxable","19":"purchasable","20":"product-type-variable"},"_links":{"self":[{"href":"https:\/\/woodmax.ee\/fi\/wp-json\/wp\/v2\/product\/29757","targetHints":{"allow":["GET"]}}],"collection":[{"href":"https:\/\/woodmax.ee\/fi\/wp-json\/wp\/v2\/product"}],"about":[{"href":"https:\/\/woodmax.ee\/fi\/wp-json\/wp\/v2\/types\/product"}],"wp:featuredmedia":[{"embeddable":true,"href":"https:\/\/woodmax.ee\/fi\/wp-json\/wp\/v2\/media\/29759"}],"wp:attachment":[{"href":"https:\/\/woodmax.ee\/fi\/wp-json\/wp\/v2\/media?parent=29757"}],"wp:term":[{"taxonomy":"product_brand","embeddable":true,"href":"https:\/\/woodmax.ee\/fi\/wp-json\/wp\/v2\/product_brand?post=29757"},{"taxonomy":"product_cat","embeddable":true,"href":"https:\/\/woodmax.ee\/fi\/wp-json\/wp\/v2\/product_cat?post=29757"},{"taxonomy":"product_tag","embeddable":true,"href":"https:\/\/woodmax.ee\/fi\/wp-json\/wp\/v2\/product_tag?post=29757"}],"curies":[{"name":"wp","href":"https:\/\/api.w.org\/{rel}","templated":true}]}}