{"id":29771,"date":"2023-11-23T15:46:05","date_gmt":"2023-11-23T13:46:05","guid":{"rendered":"https:\/\/woodmax.ee\/toode\/kollane-punane-sinine\/"},"modified":"2025-09-01T22:43:16","modified_gmt":"2025-09-01T20:43:16","slug":"keltainen-punainen-sininen","status":"publish","type":"product","link":"https:\/\/woodmax.ee\/fi\/tuote\/keltainen-punainen-sininen\/","title":{"rendered":"Keltainen \u2013 Punainen \u2013 Sininen"},"content":{"rendered":"<ul>\n<li><strong>Koko Medium (M) &#8211; 36&#215;25 cm<\/strong> &#8211; 250 kpl.<\/li>\n<li><strong>Koko Suuri (L) &#8211; 51&#215;36 cm<\/strong> &#8211; 500 kpl<\/li>\n<\/ul>\n<p>VAROITUS! Pienet osat &#8211; tukehtumisvaara! S\u00e4ilyt\u00e4 kuivassa paikassa.<br \/>\nIk\u00e4suositus: 14+<\/p>\n","protected":false},"excerpt":{"rendered":"<p>Koko Medium (M) &#8211; 36&#215;25 cm &#8211; 250 kpl. Koko Suuri (L) &#8211; 51&#215;36 cm &#8211; 500 kpl VAROITUS! Pienet osat &#8211; tukehtumisvaara! S\u00e4ilyt\u00e4 kuivassa paikassa. Ik\u00e4suositus: 14+<\/p>\n","protected":false},"featured_media":29776,"template":"","meta":{"_seopress_robots_primary_cat":"none","_seopress_titles_title":"%%post_title%% puinen palapeli (Wentworth)","_seopress_titles_desc":"","_seopress_robots_index":"","_gspb_post_css":""},"product_brand":[],"product_cat":[517,577,581,519],"product_tag":[522,566],"class_list":{"0":"post-29771","1":"product","2":"type-product","3":"status-publish","4":"has-post-thumbnail","6":"product_cat-kaikki-arvoitukset","7":"product_cat-keinotekoiset-arvoitukset","8":"product_cat-taide","9":"product_cat-wentworth-palapelit","10":"product_tag-201-300-fi","11":"product_tag-401-500-fi","13":"first","14":"instock","15":"taxable","16":"shipping-taxable","17":"purchasable","18":"product-type-variable"},"_links":{"self":[{"href":"https:\/\/woodmax.ee\/fi\/wp-json\/wp\/v2\/product\/29771","targetHints":{"allow":["GET"]}}],"collection":[{"href":"https:\/\/woodmax.ee\/fi\/wp-json\/wp\/v2\/product"}],"about":[{"href":"https:\/\/woodmax.ee\/fi\/wp-json\/wp\/v2\/types\/product"}],"wp:featuredmedia":[{"embeddable":true,"href":"https:\/\/woodmax.ee\/fi\/wp-json\/wp\/v2\/media\/29776"}],"wp:attachment":[{"href":"https:\/\/woodmax.ee\/fi\/wp-json\/wp\/v2\/media?parent=29771"}],"wp:term":[{"taxonomy":"product_brand","embeddable":true,"href":"https:\/\/woodmax.ee\/fi\/wp-json\/wp\/v2\/product_brand?post=29771"},{"taxonomy":"product_cat","embeddable":true,"href":"https:\/\/woodmax.ee\/fi\/wp-json\/wp\/v2\/product_cat?post=29771"},{"taxonomy":"product_tag","embeddable":true,"href":"https:\/\/woodmax.ee\/fi\/wp-json\/wp\/v2\/product_tag?post=29771"}],"curies":[{"name":"wp","href":"https:\/\/api.w.org\/{rel}","templated":true}]}}