{"id":29993,"date":"2023-11-23T15:49:56","date_gmt":"2023-11-23T13:49:56","guid":{"rendered":"https:\/\/woodmax.ee\/toode\/armastus-puslede-vastu\/"},"modified":"2025-09-01T22:16:19","modified_gmt":"2025-09-01T20:16:19","slug":"rakkaus-pulmien-tekemiseen","status":"publish","type":"product","link":"https:\/\/woodmax.ee\/fi\/tuote\/rakkaus-pulmien-tekemiseen\/","title":{"rendered":"Rakkaus pulmien tekemiseen"},"content":{"rendered":"<ul>\n<li><strong>Koko Small (S) &#8211; 12.5&#215;8.7 cm<\/strong> &#8211; 40 kappaletta &#8211; Ik\u00e4suositus: 6+<\/li>\n<li><strong>Koko Medium (M) &#8211; 36&#215;25 cm<\/strong> &#8211; 250 kpl &#8211; Ik\u00e4suositus: 14+ vuotta.<\/li>\n<li><strong>Koko Large (L) &#8211; 51&#215;36 cm<\/strong> &#8211; 500 kpl &#8211; Ik\u00e4suositus: 14+.<\/li>\n<\/ul>\n<p>VAROITUS! Pienet osat &#8211; tukehtumisvaara! S\u00e4ilyt\u00e4 kuivassa paikassa.<\/p>\n","protected":false},"excerpt":{"rendered":"<p>Koko Small (S) &#8211; 12.5&#215;8.7 cm &#8211; 40 kappaletta &#8211; Ik\u00e4suositus: 6+ Koko Medium (M) &#8211; 36&#215;25 cm &#8211; 250 kpl &#8211; Ik\u00e4suositus: 14+ vuotta. Koko Large (L) &#8211; 51&#215;36 cm &#8211; 500 kpl &#8211; Ik\u00e4suositus: 14+. VAROITUS! Pienet osat &#8211; tukehtumisvaara! S\u00e4ilyt\u00e4 kuivassa paikassa.<\/p>\n","protected":false},"featured_media":29995,"template":"","meta":{"_seopress_robots_primary_cat":"none","_seopress_titles_title":"%%post_title%% puinen palapeli (Wentworth)","_seopress_titles_desc":"","_seopress_robots_index":"","_gspb_post_css":""},"product_brand":[],"product_cat":[517,579,562,519],"product_tag":[530,522,566,592,580],"class_list":{"0":"post-29993","1":"product","2":"type-product","3":"status-publish","4":"has-post-thumbnail","6":"product_cat-kaikki-arvoitukset","7":"product_cat-kirjan-ystava","8":"product_cat-mini-fi","9":"product_cat-wentworth-palapelit","10":"product_tag-1-100-fi","11":"product_tag-201-300-fi","12":"product_tag-401-500-fi","13":"product_tag-koira","14":"product_tag-paperi","16":"first","17":"instock","18":"taxable","19":"shipping-taxable","20":"purchasable","21":"product-type-variable"},"_links":{"self":[{"href":"https:\/\/woodmax.ee\/fi\/wp-json\/wp\/v2\/product\/29993","targetHints":{"allow":["GET"]}}],"collection":[{"href":"https:\/\/woodmax.ee\/fi\/wp-json\/wp\/v2\/product"}],"about":[{"href":"https:\/\/woodmax.ee\/fi\/wp-json\/wp\/v2\/types\/product"}],"wp:featuredmedia":[{"embeddable":true,"href":"https:\/\/woodmax.ee\/fi\/wp-json\/wp\/v2\/media\/29995"}],"wp:attachment":[{"href":"https:\/\/woodmax.ee\/fi\/wp-json\/wp\/v2\/media?parent=29993"}],"wp:term":[{"taxonomy":"product_brand","embeddable":true,"href":"https:\/\/woodmax.ee\/fi\/wp-json\/wp\/v2\/product_brand?post=29993"},{"taxonomy":"product_cat","embeddable":true,"href":"https:\/\/woodmax.ee\/fi\/wp-json\/wp\/v2\/product_cat?post=29993"},{"taxonomy":"product_tag","embeddable":true,"href":"https:\/\/woodmax.ee\/fi\/wp-json\/wp\/v2\/product_tag?post=29993"}],"curies":[{"name":"wp","href":"https:\/\/api.w.org\/{rel}","templated":true}]}}