{"id":30007,"date":"2023-11-23T15:50:23","date_gmt":"2023-11-23T13:50:23","guid":{"rendered":"https:\/\/woodmax.ee\/toode\/temerairei-viimane-soit\/"},"modified":"2025-09-01T22:15:45","modified_gmt":"2025-09-01T20:15:45","slug":"taisteleva-temeraire","status":"publish","type":"product","link":"https:\/\/woodmax.ee\/fi\/tuote\/taisteleva-temeraire\/","title":{"rendered":"Taisteleva Temeraire"},"content":{"rendered":"<ul>\n<li><strong>Koko Small (S) &#8211; 12.5&#215;8.7 cm<\/strong> &#8211; 40 kpl &#8211; Ik\u00e4suositus: 6+<\/li>\n<li><strong>Koko Medium (M) &#8211; 36&#215;25 cm<\/strong> &#8211; 250 kpl &#8211; Ik\u00e4suositus: 14+ vuotta.<\/li>\n<li><strong>Koko Large (L) &#8211; 51&#215;36 cm<\/strong> &#8211; 500 kpl &#8211; Ik\u00e4suositus: 14+.<\/li>\n<\/ul>\n<p>VAROITUS! Pienet osat &#8211; tukehtumisvaara! S\u00e4ilyt\u00e4 kuivassa paikassa.<\/p>\n<ul>\n<li>\u00c4skett\u00e4in Britannian parhaaksi maalaukseksi \u00e4\u00e4nestetty Turnerin teos merkitt\u00e4v\u00e4st\u00e4 laivasta vaatii todellista taitoa koota!<\/li>\n<li>T\u00e4m\u00e4 puinen palapeli, joka kuvaa ehk\u00e4 tunnetuimman englantilaisen romanttisen taiteilijan maalausta, on loistava lahja taiteen yst\u00e4ville.<\/li>\n<\/ul>\n","protected":false},"excerpt":{"rendered":"<p>Koko Small (S) &#8211; 12.5&#215;8.7 cm &#8211; 40 kpl &#8211; Ik\u00e4suositus: 6+ Koko Medium (M) &#8211; 36&#215;25 cm &#8211; 250 kpl &#8211; Ik\u00e4suositus: 14+ vuotta. Koko Large (L) &#8211; 51&#215;36 cm &#8211; 500 kpl &#8211; Ik\u00e4suositus: 14+. VAROITUS! Pienet osat &#8211; tukehtumisvaara! S\u00e4ilyt\u00e4 kuivassa paikassa. \u00c4skett\u00e4in Britannian parhaaksi maalaukseksi \u00e4\u00e4nestetty Turnerin teos merkitt\u00e4v\u00e4st\u00e4 laivasta vaatii [&hellip;]<\/p>\n","protected":false},"featured_media":30012,"template":"","meta":{"_seopress_robots_primary_cat":"none","_seopress_titles_title":"%%post_title%% puinen palapeli (Wentworth)","_seopress_titles_desc":"","_seopress_robots_index":"","_gspb_post_css":""},"product_brand":[],"product_cat":[517,577,533,562,581,519],"product_tag":[530,522,566,538,536,535],"class_list":{"0":"post-30007","1":"product","2":"type-product","3":"status-publish","4":"has-post-thumbnail","6":"product_cat-kaikki-arvoitukset","7":"product_cat-keinotekoiset-arvoitukset","8":"product_cat-luonto","9":"product_cat-mini-fi","10":"product_cat-taide","11":"product_cat-wentworth-palapelit","12":"product_tag-1-100-fi","13":"product_tag-201-300-fi","14":"product_tag-401-500-fi","15":"product_tag-laiva","16":"product_tag-sea","17":"product_tag-valtameri","19":"first","20":"instock","21":"taxable","22":"shipping-taxable","23":"purchasable","24":"product-type-variable"},"_links":{"self":[{"href":"https:\/\/woodmax.ee\/fi\/wp-json\/wp\/v2\/product\/30007","targetHints":{"allow":["GET"]}}],"collection":[{"href":"https:\/\/woodmax.ee\/fi\/wp-json\/wp\/v2\/product"}],"about":[{"href":"https:\/\/woodmax.ee\/fi\/wp-json\/wp\/v2\/types\/product"}],"wp:featuredmedia":[{"embeddable":true,"href":"https:\/\/woodmax.ee\/fi\/wp-json\/wp\/v2\/media\/30012"}],"wp:attachment":[{"href":"https:\/\/woodmax.ee\/fi\/wp-json\/wp\/v2\/media?parent=30007"}],"wp:term":[{"taxonomy":"product_brand","embeddable":true,"href":"https:\/\/woodmax.ee\/fi\/wp-json\/wp\/v2\/product_brand?post=30007"},{"taxonomy":"product_cat","embeddable":true,"href":"https:\/\/woodmax.ee\/fi\/wp-json\/wp\/v2\/product_cat?post=30007"},{"taxonomy":"product_tag","embeddable":true,"href":"https:\/\/woodmax.ee\/fi\/wp-json\/wp\/v2\/product_tag?post=30007"}],"curies":[{"name":"wp","href":"https:\/\/api.w.org\/{rel}","templated":true}]}}