{"id":30019,"date":"2023-11-23T15:49:28","date_gmt":"2023-11-23T13:49:28","guid":{"rendered":"https:\/\/woodmax.ee\/toode\/jaapani-kirsipuud\/"},"modified":"2025-09-01T22:17:46","modified_gmt":"2025-09-01T20:17:46","slug":"japanilaiset-kirsikkapuut","status":"publish","type":"product","link":"https:\/\/woodmax.ee\/fi\/tuote\/japanilaiset-kirsikkapuut\/","title":{"rendered":"Japanilaiset kirsikkapuut"},"content":{"rendered":"<ul>\n<li><strong>Koko Medium (M) &#8211; 36&#215;25 cm<\/strong> &#8211; 250 kpl.<\/li>\n<li><strong>Koko Suuri (L) &#8211; 51&#215;36 cm<\/strong> &#8211; 500 kpl<\/li>\n<\/ul>\n<p>VAROITUS! Pienet osat &#8211; tukehtumisvaara! S\u00e4ilyt\u00e4 kuivassa paikassa. Suositeltu ik\u00e4: 14+<\/p>\n","protected":false},"excerpt":{"rendered":"<p>Koko Medium (M) &#8211; 36&#215;25 cm &#8211; 250 kpl. Koko Suuri (L) &#8211; 51&#215;36 cm &#8211; 500 kpl VAROITUS! Pienet osat &#8211; tukehtumisvaara! S\u00e4ilyt\u00e4 kuivassa paikassa. Suositeltu ik\u00e4: 14+<\/p>\n","protected":false},"featured_media":30021,"template":"","meta":{"_seopress_robots_primary_cat":"none","_seopress_titles_title":"%%post_title%% puinen palapeli (Wentworth)","_seopress_titles_desc":"","_seopress_robots_index":"","_gspb_post_css":""},"product_brand":[],"product_cat":[517,578,519],"product_tag":[522,566,582,594],"class_list":{"0":"post-30019","1":"product","2":"type-product","3":"status-publish","4":"has-post-thumbnail","6":"product_cat-kaikki-arvoitukset","7":"product_cat-maailma","8":"product_cat-wentworth-palapelit","9":"product_tag-201-300-fi","10":"product_tag-401-500-fi","11":"product_tag-japani","12":"product_tag-sakura-fi","14":"first","15":"instock","16":"taxable","17":"shipping-taxable","18":"purchasable","19":"product-type-variable"},"_links":{"self":[{"href":"https:\/\/woodmax.ee\/fi\/wp-json\/wp\/v2\/product\/30019","targetHints":{"allow":["GET"]}}],"collection":[{"href":"https:\/\/woodmax.ee\/fi\/wp-json\/wp\/v2\/product"}],"about":[{"href":"https:\/\/woodmax.ee\/fi\/wp-json\/wp\/v2\/types\/product"}],"wp:featuredmedia":[{"embeddable":true,"href":"https:\/\/woodmax.ee\/fi\/wp-json\/wp\/v2\/media\/30021"}],"wp:attachment":[{"href":"https:\/\/woodmax.ee\/fi\/wp-json\/wp\/v2\/media?parent=30019"}],"wp:term":[{"taxonomy":"product_brand","embeddable":true,"href":"https:\/\/woodmax.ee\/fi\/wp-json\/wp\/v2\/product_brand?post=30019"},{"taxonomy":"product_cat","embeddable":true,"href":"https:\/\/woodmax.ee\/fi\/wp-json\/wp\/v2\/product_cat?post=30019"},{"taxonomy":"product_tag","embeddable":true,"href":"https:\/\/woodmax.ee\/fi\/wp-json\/wp\/v2\/product_tag?post=30019"}],"curies":[{"name":"wp","href":"https:\/\/api.w.org\/{rel}","templated":true}]}}