{"id":30020,"date":"2023-11-23T15:50:24","date_gmt":"2023-11-23T13:50:24","guid":{"rendered":"https:\/\/woodmax.ee\/toode\/kevad-eskdaleis\/"},"modified":"2025-09-01T22:15:12","modified_gmt":"2025-09-01T20:15:12","slug":"kevat-eskdalessa","status":"publish","type":"product","link":"https:\/\/woodmax.ee\/fi\/tuote\/kevat-eskdalessa\/","title":{"rendered":"Kev\u00e4t Eskdalessa"},"content":{"rendered":"<ul>\n<li><strong>Koko Small (S) &#8211; 12.5&#215;8.7 cm<\/strong> &#8211; 40 kpl &#8211; Ik\u00e4suositus: 6+<\/li>\n<li><strong>Koko Medium (M) &#8211; 36&#215;25 cm<\/strong> &#8211; 250 kpl &#8211; Ik\u00e4suositus: 14+ vuotta.<\/li>\n<li><strong>Koko Large (L) &#8211; 51&#215;36 cm<\/strong> &#8211; 500 kpl &#8211; Ik\u00e4suositus: 14+.<\/li>\n<\/ul>\n<p>VAROITUS! Pienet osat &#8211; tukehtumisvaara! S\u00e4ilyt\u00e4 kuivassa paikassa.<\/p>\n<ul>\n<li>James McIntosh Patrickin tyyli\u00e4 on verrattu Breughelin tyyliin sen rohkeiden v\u00e4rien ja yksityiskohtiin kiinnitetyn huomion vuoksi.<\/li>\n<li>Spring in Eskdale on yksityiskohtainen maisemamaalaus, joka kuvaa kuuluisan rakennusinsin\u00f6\u00f6rin ja arkkitehdin Thomas Telfordin synnyinpaikkaa.<\/li>\n<li>Patrick sai t\u00e4m\u00e4n maalauksen valmiiksi vuonna 1934 Telfordin kuoleman satavuotisp\u00e4iv\u00e4n\u00e4.<\/li>\n<li>Keskell\u00e4 n\u00e4kyy ihmisi\u00e4 vierailemassa maalaistalossa, ja kaukana n\u00e4kyy maanviljelij\u00e4 kynt\u00e4m\u00e4ss\u00e4 maataan.<\/li>\n<li>Kaukana n\u00e4et pienen joen vuoren juurella.<\/li>\n<li>Taiteilijan n\u00e4kemys maisemasta on jonkin verran koholla, ja h\u00e4n katsoo alas viljelysmaille.<\/li>\n<\/ul>\n","protected":false},"excerpt":{"rendered":"<p>Koko Small (S) &#8211; 12.5&#215;8.7 cm &#8211; 40 kpl &#8211; Ik\u00e4suositus: 6+ Koko Medium (M) &#8211; 36&#215;25 cm &#8211; 250 kpl &#8211; Ik\u00e4suositus: 14+ vuotta. Koko Large (L) &#8211; 51&#215;36 cm &#8211; 500 kpl &#8211; Ik\u00e4suositus: 14+. VAROITUS! Pienet osat &#8211; tukehtumisvaara! S\u00e4ilyt\u00e4 kuivassa paikassa. James McIntosh Patrickin tyyli\u00e4 on verrattu Breughelin tyyliin sen rohkeiden [&hellip;]<\/p>\n","protected":false},"featured_media":30025,"template":"","meta":{"_seopress_robots_primary_cat":"none","_seopress_titles_title":"%%post_title%% puinen palapeli (Wentworth)","_seopress_titles_desc":"","_seopress_robots_index":"","_gspb_post_css":""},"product_brand":[],"product_cat":[517,577,533,562,581,519],"product_tag":[530,522,566,595,593],"class_list":{"0":"post-30020","1":"product","2":"type-product","3":"status-publish","4":"has-post-thumbnail","6":"product_cat-kaikki-arvoitukset","7":"product_cat-keinotekoiset-arvoitukset","8":"product_cat-luonto","9":"product_cat-mini-fi","10":"product_cat-taide","11":"product_cat-wentworth-palapelit","12":"product_tag-1-100-fi","13":"product_tag-201-300-fi","14":"product_tag-401-500-fi","15":"product_tag-kevat","16":"product_tag-kyla","18":"first","19":"instock","20":"taxable","21":"shipping-taxable","22":"purchasable","23":"product-type-variable"},"_links":{"self":[{"href":"https:\/\/woodmax.ee\/fi\/wp-json\/wp\/v2\/product\/30020","targetHints":{"allow":["GET"]}}],"collection":[{"href":"https:\/\/woodmax.ee\/fi\/wp-json\/wp\/v2\/product"}],"about":[{"href":"https:\/\/woodmax.ee\/fi\/wp-json\/wp\/v2\/types\/product"}],"wp:featuredmedia":[{"embeddable":true,"href":"https:\/\/woodmax.ee\/fi\/wp-json\/wp\/v2\/media\/30025"}],"wp:attachment":[{"href":"https:\/\/woodmax.ee\/fi\/wp-json\/wp\/v2\/media?parent=30020"}],"wp:term":[{"taxonomy":"product_brand","embeddable":true,"href":"https:\/\/woodmax.ee\/fi\/wp-json\/wp\/v2\/product_brand?post=30020"},{"taxonomy":"product_cat","embeddable":true,"href":"https:\/\/woodmax.ee\/fi\/wp-json\/wp\/v2\/product_cat?post=30020"},{"taxonomy":"product_tag","embeddable":true,"href":"https:\/\/woodmax.ee\/fi\/wp-json\/wp\/v2\/product_tag?post=30020"}],"curies":[{"name":"wp","href":"https:\/\/api.w.org\/{rel}","templated":true}]}}