{"id":30038,"date":"2023-11-23T15:50:47","date_gmt":"2023-11-23T13:50:47","guid":{"rendered":"https:\/\/woodmax.ee\/toode\/teeaja-terrorid\/"},"modified":"2025-09-01T22:14:40","modified_gmt":"2025-09-01T20:14:40","slug":"teeaikakauhut","status":"publish","type":"product","link":"https:\/\/woodmax.ee\/fi\/tuote\/teeaikakauhut\/","title":{"rendered":"Teeaikakauhut"},"content":{"rendered":"<ul>\n<li><strong>Koko Small (S) &#8211; 12.5&#215;8.7 cm<\/strong> &#8211; 40 kappaletta &#8211; Ik\u00e4suositus: 6+<\/li>\n<li><strong>Koko Medium (M) &#8211; 36&#215;25 cm<\/strong> &#8211; 250 kpl &#8211; Ik\u00e4suositus: 14+ vuotta.<\/li>\n<li><strong>Koko Large (L) &#8211; 51&#215;36 cm<\/strong> &#8211; 500 kpl &#8211; Ik\u00e4suositus: 14+.<\/li>\n<\/ul>\n<p>VAROITUS! Pienet osat &#8211; tukehtumisvaara! S\u00e4ilyt\u00e4 kuivassa paikassa.<\/p>\n<ul>\n<li>T\u00e4m\u00e4 vieh\u00e4tt\u00e4v\u00e4 puinen palapeli kuvaa idyllist\u00e4 teehetke\u00e4, jossa katettu teep\u00f6yt\u00e4 odottaa vieraita viihtyis\u00e4n maalaistalon olohuoneessa.<\/li>\n<li>Kunnes ilkikuriset kissanpennut j\u00e4rjest\u00e4v\u00e4t kaaoksen!<\/li>\n<li>Kun n\u00e4m\u00e4 tuhmat kissanpennut ovat joutuneet vaikeuksiin sohvan uudelleen verhoilun ja tiell\u00e4 ajamisen my\u00f6t\u00e4.<\/li>\n<li>Tea Time Terror -palapeli, jossa on inspiroivasti leikkis\u00e4t palat, on t\u00e4ydellinen lahja el\u00e4inten yst\u00e4v\u00e4lle, erityisesti kissoille.<\/li>\n<\/ul>\n","protected":false},"excerpt":{"rendered":"<p>Koko Small (S) &#8211; 12.5&#215;8.7 cm &#8211; 40 kappaletta &#8211; Ik\u00e4suositus: 6+ Koko Medium (M) &#8211; 36&#215;25 cm &#8211; 250 kpl &#8211; Ik\u00e4suositus: 14+ vuotta. Koko Large (L) &#8211; 51&#215;36 cm &#8211; 500 kpl &#8211; Ik\u00e4suositus: 14+. VAROITUS! Pienet osat &#8211; tukehtumisvaara! S\u00e4ilyt\u00e4 kuivassa paikassa. T\u00e4m\u00e4 vieh\u00e4tt\u00e4v\u00e4 puinen palapeli kuvaa idyllist\u00e4 teehetke\u00e4, jossa katettu teep\u00f6yt\u00e4 [&hellip;]<\/p>\n","protected":false},"featured_media":30040,"template":"","meta":{"_seopress_robots_primary_cat":"none","_seopress_titles_title":"%%post_title%% puinen palapeli (Wentworth)","_seopress_titles_desc":"","_seopress_robots_index":"","_gspb_post_css":""},"product_brand":[],"product_cat":[520,517,562,519],"product_tag":[530,522,566,545,596,597],"class_list":{"0":"post-30038","1":"product","2":"type-product","3":"status-publish","4":"has-post-thumbnail","6":"product_cat-wentworthin-elaimet","7":"product_cat-kaikki-arvoitukset","8":"product_cat-mini-fi","9":"product_cat-wentworth-palapelit","10":"product_tag-1-100-fi","11":"product_tag-201-300-fi","12":"product_tag-401-500-fi","13":"product_tag-cat","14":"product_tag-makeiset","15":"product_tag-puolue","17":"first","18":"instock","19":"taxable","20":"shipping-taxable","21":"purchasable","22":"product-type-variable"},"_links":{"self":[{"href":"https:\/\/woodmax.ee\/fi\/wp-json\/wp\/v2\/product\/30038","targetHints":{"allow":["GET"]}}],"collection":[{"href":"https:\/\/woodmax.ee\/fi\/wp-json\/wp\/v2\/product"}],"about":[{"href":"https:\/\/woodmax.ee\/fi\/wp-json\/wp\/v2\/types\/product"}],"wp:featuredmedia":[{"embeddable":true,"href":"https:\/\/woodmax.ee\/fi\/wp-json\/wp\/v2\/media\/30040"}],"wp:attachment":[{"href":"https:\/\/woodmax.ee\/fi\/wp-json\/wp\/v2\/media?parent=30038"}],"wp:term":[{"taxonomy":"product_brand","embeddable":true,"href":"https:\/\/woodmax.ee\/fi\/wp-json\/wp\/v2\/product_brand?post=30038"},{"taxonomy":"product_cat","embeddable":true,"href":"https:\/\/woodmax.ee\/fi\/wp-json\/wp\/v2\/product_cat?post=30038"},{"taxonomy":"product_tag","embeddable":true,"href":"https:\/\/woodmax.ee\/fi\/wp-json\/wp\/v2\/product_tag?post=30038"}],"curies":[{"name":"wp","href":"https:\/\/api.w.org\/{rel}","templated":true}]}}