{"id":30066,"date":"2024-11-22T15:09:24","date_gmt":"2024-11-22T13:09:24","guid":{"rendered":"https:\/\/woodmax.ee\/toode\/neko-chan\/"},"modified":"2025-09-01T09:02:33","modified_gmt":"2025-09-01T07:02:33","slug":"neko-chan","status":"publish","type":"product","link":"https:\/\/woodmax.ee\/fi\/tuote\/neko-chan\/","title":{"rendered":"Neko Chan"},"content":{"rendered":"<ul>\n<li><strong>Koko &#8211; 23 x 31 cm <\/strong><strong>&#8211; 250 kappaletta<\/strong> &#8211; keskivaikea, kokoamisaika 2-4 tuntia.<\/li>\n<\/ul>\n<p>Se ei ole vain palapeli &#8211; se on puinen palapeli! T\u00e4m\u00e4 j\u00e4nnitt\u00e4v\u00e4 peli sopii koululaisille ja aikuisille. Ik\u00e4suositus: 14+.<br \/>\nS\u00e4ilyt\u00e4 kuivassa paikassa. VAROITUS! Kuivaa kuivaa. Pienet osat &#8211; tukehtumisvaara.<\/p>\n","protected":false},"excerpt":{"rendered":"<p>Koko &#8211; 23 x 31 cm &#8211; 250 kappaletta &#8211; keskivaikea, kokoamisaika 2-4 tuntia. Se ei ole vain palapeli &#8211; se on puinen palapeli! T\u00e4m\u00e4 j\u00e4nnitt\u00e4v\u00e4 peli sopii koululaisille ja aikuisille. Ik\u00e4suositus: 14+. S\u00e4ilyt\u00e4 kuivassa paikassa. VAROITUS! Kuivaa kuivaa. Pienet osat &#8211; tukehtumisvaara.<\/p>\n","protected":false},"featured_media":30068,"template":"","meta":{"_seopress_robots_primary_cat":"none","_seopress_titles_title":"%%post_title%% puinen palapeli (Unidragon)","_seopress_titles_desc":"","_seopress_robots_index":"","_gspb_post_css":""},"product_brand":[],"product_cat":[600,517,552,521],"product_tag":[522,601],"class_list":{"0":"post-30066","1":"product","2":"type-product","3":"status-publish","4":"has-post-thumbnail","6":"product_cat-anime-fi","7":"product_cat-kaikki-arvoitukset","8":"product_cat-unidragon-palapelit","9":"product_cat-uusi-pusled","10":"product_tag-201-300-fi","11":"product_tag-anime-fi","13":"first","14":"instock","15":"taxable","16":"shipping-taxable","17":"purchasable","18":"product-type-simple"},"_links":{"self":[{"href":"https:\/\/woodmax.ee\/fi\/wp-json\/wp\/v2\/product\/30066","targetHints":{"allow":["GET"]}}],"collection":[{"href":"https:\/\/woodmax.ee\/fi\/wp-json\/wp\/v2\/product"}],"about":[{"href":"https:\/\/woodmax.ee\/fi\/wp-json\/wp\/v2\/types\/product"}],"wp:featuredmedia":[{"embeddable":true,"href":"https:\/\/woodmax.ee\/fi\/wp-json\/wp\/v2\/media\/30068"}],"wp:attachment":[{"href":"https:\/\/woodmax.ee\/fi\/wp-json\/wp\/v2\/media?parent=30066"}],"wp:term":[{"taxonomy":"product_brand","embeddable":true,"href":"https:\/\/woodmax.ee\/fi\/wp-json\/wp\/v2\/product_brand?post=30066"},{"taxonomy":"product_cat","embeddable":true,"href":"https:\/\/woodmax.ee\/fi\/wp-json\/wp\/v2\/product_cat?post=30066"},{"taxonomy":"product_tag","embeddable":true,"href":"https:\/\/woodmax.ee\/fi\/wp-json\/wp\/v2\/product_tag?post=30066"}],"curies":[{"name":"wp","href":"https:\/\/api.w.org\/{rel}","templated":true}]}}