{"id":30114,"date":"2024-11-23T15:35:25","date_gmt":"2024-11-23T13:35:25","guid":{"rendered":"https:\/\/woodmax.ee\/toode\/maailma-imede-kaart\/"},"modified":"2025-09-01T22:13:45","modified_gmt":"2025-09-01T20:13:45","slug":"maailman-ihmeiden-kartta","status":"publish","type":"product","link":"https:\/\/woodmax.ee\/fi\/tuote\/maailman-ihmeiden-kartta\/","title":{"rendered":"Maailman ihmeiden kartta"},"content":{"rendered":"<ul>\n<li><strong>Yksi koko &#8211; 580&#215;420 mm<\/strong> &#8211; 600 kpl &#8211; Ik\u00e4suositus: 14+.<\/li>\n<\/ul>\n<p>VAROITUS! Pienet osat &#8211; tukehtumisvaara! S\u00e4ilyt\u00e4 kuivassa paikassa.<\/p>\n<ul>\n<li>Etsitk\u00f6 WOW-lahjaa?<\/li>\n<li>T\u00e4ss\u00e4 se on! Tutustu ihmeelliseen maailmaamme pala palalta.<\/li>\n<li>Opi ja nauti puisesta &#8221;Maailman kartta&#8221; -palapelist\u00e4, joka sis\u00e4lt\u00e4\u00e4 my\u00f6s teemapaloja ja h\u00e4mm\u00e4stytt\u00e4v\u00e4n yksityiskohtaisia osia.<\/li>\n<li>T\u00e4ss\u00e4 puupalapeliss\u00e4 on 600 suurta palaa ja 36 pysyv\u00e4\u00e4 palaa, joten koko perhe voi nauttia siit\u00e4 yhdess\u00e4.<\/li>\n<\/ul>\n","protected":false},"excerpt":{"rendered":"<p>Yksi koko &#8211; 580&#215;420 mm &#8211; 600 kpl &#8211; Ik\u00e4suositus: 14+. VAROITUS! Pienet osat &#8211; tukehtumisvaara! S\u00e4ilyt\u00e4 kuivassa paikassa. Etsitk\u00f6 WOW-lahjaa? T\u00e4ss\u00e4 se on! Tutustu ihmeelliseen maailmaamme pala palalta. Opi ja nauti puisesta &#8221;Maailman kartta&#8221; -palapelist\u00e4, joka sis\u00e4lt\u00e4\u00e4 my\u00f6s teemapaloja ja h\u00e4mm\u00e4stytt\u00e4v\u00e4n yksityiskohtaisia osia. T\u00e4ss\u00e4 puupalapeliss\u00e4 on 600 suurta palaa ja 36 pysyv\u00e4\u00e4 palaa, joten [&hellip;]<\/p>\n","protected":false},"featured_media":30126,"template":"","meta":{"_seopress_robots_primary_cat":"none","_seopress_titles_title":"%%post_title%% puinen palapeli (Wentworth)","_seopress_titles_desc":"","_seopress_robots_index":"","_gspb_post_css":""},"product_brand":[],"product_cat":[517,578,563,521,519],"product_tag":[556,604,603],"class_list":{"0":"post-30114","1":"product","2":"type-product","3":"status-publish","4":"has-post-thumbnail","6":"product_cat-kaikki-arvoitukset","7":"product_cat-maailma","8":"product_cat-premium-fi","9":"product_cat-uusi-pusled","10":"product_cat-wentworth-palapelit","11":"product_tag-501-999-fi","12":"product_tag-kartta","13":"product_tag-maailmankartta","15":"first","16":"instock","17":"taxable","18":"shipping-taxable","19":"purchasable","20":"product-type-simple"},"_links":{"self":[{"href":"https:\/\/woodmax.ee\/fi\/wp-json\/wp\/v2\/product\/30114","targetHints":{"allow":["GET"]}}],"collection":[{"href":"https:\/\/woodmax.ee\/fi\/wp-json\/wp\/v2\/product"}],"about":[{"href":"https:\/\/woodmax.ee\/fi\/wp-json\/wp\/v2\/types\/product"}],"wp:featuredmedia":[{"embeddable":true,"href":"https:\/\/woodmax.ee\/fi\/wp-json\/wp\/v2\/media\/30126"}],"wp:attachment":[{"href":"https:\/\/woodmax.ee\/fi\/wp-json\/wp\/v2\/media?parent=30114"}],"wp:term":[{"taxonomy":"product_brand","embeddable":true,"href":"https:\/\/woodmax.ee\/fi\/wp-json\/wp\/v2\/product_brand?post=30114"},{"taxonomy":"product_cat","embeddable":true,"href":"https:\/\/woodmax.ee\/fi\/wp-json\/wp\/v2\/product_cat?post=30114"},{"taxonomy":"product_tag","embeddable":true,"href":"https:\/\/woodmax.ee\/fi\/wp-json\/wp\/v2\/product_tag?post=30114"}],"curies":[{"name":"wp","href":"https:\/\/api.w.org\/{rel}","templated":true}]}}