{"id":30137,"date":"2024-11-23T15:51:38","date_gmt":"2024-11-23T13:51:38","guid":{"rendered":"https:\/\/woodmax.ee\/toode\/kaunis-lillekimp\/"},"modified":"2025-09-01T22:13:22","modified_gmt":"2025-09-01T20:13:22","slug":"kaunis-kimppu","status":"publish","type":"product","link":"https:\/\/woodmax.ee\/fi\/tuote\/kaunis-kimppu\/","title":{"rendered":"Kaunis kimppu"},"content":{"rendered":"<ul>\n<li><strong>Yksi koko &#8211; 36&#215;51 cm<\/strong> &#8211; 365 kappaletta<\/li>\n<\/ul>\n<p>VAROITUS! Pienet osat &#8211; tukehtumisvaara! S\u00e4ilyt\u00e4 kuivassa paikassa. Suositeltu ik\u00e4: 14+<\/p>\n","protected":false},"excerpt":{"rendered":"<p>Yksi koko &#8211; 36&#215;51 cm &#8211; 365 kappaletta VAROITUS! Pienet osat &#8211; tukehtumisvaara! S\u00e4ilyt\u00e4 kuivassa paikassa. Suositeltu ik\u00e4: 14+<\/p>\n","protected":false},"featured_media":30139,"template":"","meta":{"_seopress_robots_primary_cat":"none","_seopress_titles_title":"%%post_title%% puinen palapeli (Wentworth)","_seopress_titles_desc":"","_seopress_robots_index":"","_gspb_post_css":""},"product_brand":[],"product_cat":[517,533,521,519],"product_tag":[522,526,543,559,542],"class_list":{"0":"post-30137","1":"product","2":"type-product","3":"status-publish","4":"has-post-thumbnail","6":"product_cat-kaikki-arvoitukset","7":"product_cat-luonto","8":"product_cat-uusi-pusled","9":"product_cat-wentworth-palapelit","10":"product_tag-201-300-fi","11":"product_tag-kukkia","12":"product_tag-lill-fi","13":"product_tag-maljakko","14":"product_tag-perhonen","16":"first","17":"instock","18":"taxable","19":"shipping-taxable","20":"purchasable","21":"product-type-simple"},"_links":{"self":[{"href":"https:\/\/woodmax.ee\/fi\/wp-json\/wp\/v2\/product\/30137","targetHints":{"allow":["GET"]}}],"collection":[{"href":"https:\/\/woodmax.ee\/fi\/wp-json\/wp\/v2\/product"}],"about":[{"href":"https:\/\/woodmax.ee\/fi\/wp-json\/wp\/v2\/types\/product"}],"wp:featuredmedia":[{"embeddable":true,"href":"https:\/\/woodmax.ee\/fi\/wp-json\/wp\/v2\/media\/30139"}],"wp:attachment":[{"href":"https:\/\/woodmax.ee\/fi\/wp-json\/wp\/v2\/media?parent=30137"}],"wp:term":[{"taxonomy":"product_brand","embeddable":true,"href":"https:\/\/woodmax.ee\/fi\/wp-json\/wp\/v2\/product_brand?post=30137"},{"taxonomy":"product_cat","embeddable":true,"href":"https:\/\/woodmax.ee\/fi\/wp-json\/wp\/v2\/product_cat?post=30137"},{"taxonomy":"product_tag","embeddable":true,"href":"https:\/\/woodmax.ee\/fi\/wp-json\/wp\/v2\/product_tag?post=30137"}],"curies":[{"name":"wp","href":"https:\/\/api.w.org\/{rel}","templated":true}]}}