{"id":30159,"date":"2023-11-23T14:53:46","date_gmt":"2023-11-23T12:53:46","guid":{"rendered":"https:\/\/woodmax.ee\/toode\/seebimull-draakon\/"},"modified":"2025-09-01T10:30:41","modified_gmt":"2025-09-01T08:30:41","slug":"saippuakupla-lohikaarme","status":"publish","type":"product","link":"https:\/\/woodmax.ee\/fi\/tuote\/saippuakupla-lohikaarme\/","title":{"rendered":"Saippuakupla Lohik\u00e4\u00e4rme"},"content":{"rendered":"<ul>\n<li><strong>Koko &#8211; 25 x 25 cm<\/strong> <strong>&#8211; 30 kappaletta<\/strong> &#8211; keskitason alapuolella, kokoamisaika 30 minuutista alkaen.<\/li>\n<\/ul>\n<p>Se ei ole vain palapeli &#8211; se on puinen palapeli! T\u00e4m\u00e4 j\u00e4nnitt\u00e4v\u00e4 peli sopii lapsille (3-5-vuotiaat). VAROITUS!<\/p>\n<p>Pienet osat &#8211; tukehtumisvaara. S\u00e4ilyt\u00e4 kuivassa paikassa.<\/p>\n","protected":false},"excerpt":{"rendered":"<p>Koko &#8211; 25 x 25 cm &#8211; 30 kappaletta &#8211; keskitason alapuolella, kokoamisaika 30 minuutista alkaen. Se ei ole vain palapeli &#8211; se on puinen palapeli! T\u00e4m\u00e4 j\u00e4nnitt\u00e4v\u00e4 peli sopii lapsille (3-5-vuotiaat). VAROITUS! Pienet osat &#8211; tukehtumisvaara. S\u00e4ilyt\u00e4 kuivassa paikassa.<\/p>\n","protected":false},"featured_media":30174,"template":"","meta":{"_seopress_robots_primary_cat":"none","_seopress_titles_title":"%%post_title%% puinen palapeli (Unidragon)","_seopress_titles_desc":"","_seopress_robots_index":"","_gspb_post_css":""},"product_brand":[],"product_cat":[606,529,517,609,612,528,611,552],"product_tag":[530,613,614],"class_list":{"0":"post-30159","1":"product","2":"type-product","3":"status-publish","4":"has-post-thumbnail","6":"product_cat-bubblezz","7":"product_cat-dinosaurus-ja-lohikaarme-royhelot","8":"product_cat-kaikki-arvoitukset","9":"product_cat-lapsille","10":"product_cat-lapsille-3a","11":"product_cat-puiset-pusled-lapsille","12":"product_cat-symboli-2024","13":"product_cat-unidragon-palapelit","14":"product_tag-1-100-fi","15":"product_tag-lohikaarme","16":"product_tag-merikupla","18":"first","19":"instock","20":"taxable","21":"shipping-taxable","22":"purchasable","23":"product-type-simple"},"_links":{"self":[{"href":"https:\/\/woodmax.ee\/fi\/wp-json\/wp\/v2\/product\/30159","targetHints":{"allow":["GET"]}}],"collection":[{"href":"https:\/\/woodmax.ee\/fi\/wp-json\/wp\/v2\/product"}],"about":[{"href":"https:\/\/woodmax.ee\/fi\/wp-json\/wp\/v2\/types\/product"}],"wp:featuredmedia":[{"embeddable":true,"href":"https:\/\/woodmax.ee\/fi\/wp-json\/wp\/v2\/media\/30174"}],"wp:attachment":[{"href":"https:\/\/woodmax.ee\/fi\/wp-json\/wp\/v2\/media?parent=30159"}],"wp:term":[{"taxonomy":"product_brand","embeddable":true,"href":"https:\/\/woodmax.ee\/fi\/wp-json\/wp\/v2\/product_brand?post=30159"},{"taxonomy":"product_cat","embeddable":true,"href":"https:\/\/woodmax.ee\/fi\/wp-json\/wp\/v2\/product_cat?post=30159"},{"taxonomy":"product_tag","embeddable":true,"href":"https:\/\/woodmax.ee\/fi\/wp-json\/wp\/v2\/product_tag?post=30159"}],"curies":[{"name":"wp","href":"https:\/\/api.w.org\/{rel}","templated":true}]}}