{"id":30197,"date":"2023-11-23T15:10:32","date_gmt":"2023-11-23T13:10:32","guid":{"rendered":"https:\/\/woodmax.ee\/toode\/sporty-stallion-gt-kollane\/"},"modified":"2025-09-01T13:56:04","modified_gmt":"2025-09-01T11:56:04","slug":"urheilullinen-stallion-gt-keltainen","status":"publish","type":"product","link":"https:\/\/woodmax.ee\/fi\/tuote\/urheilullinen-stallion-gt-keltainen\/","title":{"rendered":"Urheilullinen Stallion GT keltainen"},"content":{"rendered":"<ul>\n<li>248 kappaletta &#8211; keskivaikea, kokoonpanoaika 1-2 tuntia.<\/li>\n<\/ul>\n<p>T\u00e4m\u00e4 j\u00e4nnitt\u00e4v\u00e4 rakentaja sopii koululaisille. Ik\u00e4suositus: 7+.<br \/>\nS\u00e4ilyt\u00e4 kuivassa paikassa. VAROITUS!<\/p>\n<p>Pienet osat &#8211; tukehtumisvaara.<\/p>\n","protected":false},"excerpt":{"rendered":"<p>248 kappaletta &#8211; keskivaikea, kokoonpanoaika 1-2 tuntia. T\u00e4m\u00e4 j\u00e4nnitt\u00e4v\u00e4 rakentaja sopii koululaisille. Ik\u00e4suositus: 7+. S\u00e4ilyt\u00e4 kuivassa paikassa. VAROITUS! Pienet osat &#8211; tukehtumisvaara.<\/p>\n","protected":false},"featured_media":30199,"template":"","meta":{"_seopress_robots_primary_cat":"none","_seopress_titles_title":"%%post_title%% puinen rakentaja (Unimodels)","_seopress_titles_desc":"","_seopress_robots_index":"","_gspb_post_css":""},"product_brand":[],"product_cat":[517,552,607],"product_tag":[522,608,610],"class_list":{"0":"post-30197","1":"product","2":"type-product","3":"status-publish","4":"has-post-thumbnail","6":"product_cat-kaikki-arvoitukset","7":"product_cat-unidragon-palapelit","8":"product_cat-unimodels-fi","9":"product_tag-201-300-fi","10":"product_tag-auto-fi","11":"product_tag-rakentaja","13":"first","14":"instock","15":"taxable","16":"shipping-taxable","17":"purchasable","18":"product-type-simple"},"_links":{"self":[{"href":"https:\/\/woodmax.ee\/fi\/wp-json\/wp\/v2\/product\/30197","targetHints":{"allow":["GET"]}}],"collection":[{"href":"https:\/\/woodmax.ee\/fi\/wp-json\/wp\/v2\/product"}],"about":[{"href":"https:\/\/woodmax.ee\/fi\/wp-json\/wp\/v2\/types\/product"}],"wp:featuredmedia":[{"embeddable":true,"href":"https:\/\/woodmax.ee\/fi\/wp-json\/wp\/v2\/media\/30199"}],"wp:attachment":[{"href":"https:\/\/woodmax.ee\/fi\/wp-json\/wp\/v2\/media?parent=30197"}],"wp:term":[{"taxonomy":"product_brand","embeddable":true,"href":"https:\/\/woodmax.ee\/fi\/wp-json\/wp\/v2\/product_brand?post=30197"},{"taxonomy":"product_cat","embeddable":true,"href":"https:\/\/woodmax.ee\/fi\/wp-json\/wp\/v2\/product_cat?post=30197"},{"taxonomy":"product_tag","embeddable":true,"href":"https:\/\/woodmax.ee\/fi\/wp-json\/wp\/v2\/product_tag?post=30197"}],"curies":[{"name":"wp","href":"https:\/\/api.w.org\/{rel}","templated":true}]}}