{"id":30234,"date":"2023-11-23T15:13:17","date_gmt":"2023-11-23T13:13:17","guid":{"rendered":"https:\/\/woodmax.ee\/toode\/soovide-raamatupood\/"},"modified":"2025-09-02T23:32:18","modified_gmt":"2025-09-02T21:32:18","slug":"toive-kirjakaupasta","status":"publish","type":"product","link":"https:\/\/woodmax.ee\/fi\/tuote\/toive-kirjakaupasta\/","title":{"rendered":"Toive kirjakaupasta"},"content":{"rendered":"<ul>\n<li><strong>Koko Small (S) &#8211; 12.5&#215;8.7 cm<\/strong> &#8211; 40 kappaletta &#8211; Ik\u00e4suositus: 6+<\/li>\n<li><strong>Koko Medium (M) &#8211; 36&#215;25 cm<\/strong> &#8211; 250 kpl &#8211; Ik\u00e4suositus: 14+ vuotta.<\/li>\n<li><strong>Koko Large (L) &#8211; 51&#215;36 cm<\/strong> &#8211; 500 kpl &#8211; Ik\u00e4suositus: 14+.<\/li>\n<\/ul>\n<p>VAROITUS! Pienet osat &#8211; tukehtumisvaara! S\u00e4ilyt\u00e4 kuivassa paikassa.<\/p>\n<p><span style=\"font-weight: 400;\">Kirjatoukan unelma toteutuu! Wish Bookstore -palapeli her\u00e4tt\u00e4\u00e4 kirjakauppojen taikuuden henkiin. T\u00e4m\u00e4n kuvan monimutkaiset yksityiskohdat ovat todella h\u00e4mm\u00e4stytt\u00e4vi\u00e4 ja tekev\u00e4t siit\u00e4 loistavan palapelin kaikille palapelin yst\u00e4ville. <\/span><\/p>\n","protected":false},"excerpt":{"rendered":"<p>Koko Small (S) &#8211; 12.5&#215;8.7 cm &#8211; 40 kappaletta &#8211; Ik\u00e4suositus: 6+ Koko Medium (M) &#8211; 36&#215;25 cm &#8211; 250 kpl &#8211; Ik\u00e4suositus: 14+ vuotta. Koko Large (L) &#8211; 51&#215;36 cm &#8211; 500 kpl &#8211; Ik\u00e4suositus: 14+. VAROITUS! Pienet osat &#8211; tukehtumisvaara! S\u00e4ilyt\u00e4 kuivassa paikassa. Kirjatoukan unelma toteutuu! Wish Bookstore -palapeli her\u00e4tt\u00e4\u00e4 kirjakauppojen taikuuden henkiin. [&hellip;]<\/p>\n","protected":false},"featured_media":30235,"template":"","meta":{"_seopress_robots_primary_cat":"none","_seopress_titles_title":"%%post_title%% puinen palapeli (Wentworth)","_seopress_titles_desc":"","_seopress_robots_index":"","_gspb_post_css":""},"product_brand":[],"product_cat":[517,579,519],"product_tag":[530,522,566,580],"class_list":{"0":"post-30234","1":"product","2":"type-product","3":"status-publish","4":"has-post-thumbnail","6":"product_cat-kaikki-arvoitukset","7":"product_cat-kirjan-ystava","8":"product_cat-wentworth-palapelit","9":"product_tag-1-100-fi","10":"product_tag-201-300-fi","11":"product_tag-401-500-fi","12":"product_tag-paperi","14":"first","15":"instock","16":"taxable","17":"shipping-taxable","18":"purchasable","19":"product-type-variable"},"_links":{"self":[{"href":"https:\/\/woodmax.ee\/fi\/wp-json\/wp\/v2\/product\/30234","targetHints":{"allow":["GET"]}}],"collection":[{"href":"https:\/\/woodmax.ee\/fi\/wp-json\/wp\/v2\/product"}],"about":[{"href":"https:\/\/woodmax.ee\/fi\/wp-json\/wp\/v2\/types\/product"}],"wp:featuredmedia":[{"embeddable":true,"href":"https:\/\/woodmax.ee\/fi\/wp-json\/wp\/v2\/media\/30235"}],"wp:attachment":[{"href":"https:\/\/woodmax.ee\/fi\/wp-json\/wp\/v2\/media?parent=30234"}],"wp:term":[{"taxonomy":"product_brand","embeddable":true,"href":"https:\/\/woodmax.ee\/fi\/wp-json\/wp\/v2\/product_brand?post=30234"},{"taxonomy":"product_cat","embeddable":true,"href":"https:\/\/woodmax.ee\/fi\/wp-json\/wp\/v2\/product_cat?post=30234"},{"taxonomy":"product_tag","embeddable":true,"href":"https:\/\/woodmax.ee\/fi\/wp-json\/wp\/v2\/product_tag?post=30234"}],"curies":[{"name":"wp","href":"https:\/\/api.w.org\/{rel}","templated":true}]}}