{"id":30260,"date":"2023-11-23T15:15:37","date_gmt":"2023-11-23T13:15:37","guid":{"rendered":"https:\/\/woodmax.ee\/toode\/talvine-mets-advendikalender\/"},"modified":"2025-09-02T23:31:11","modified_gmt":"2025-09-02T21:31:11","slug":"talvimetsan-adventtikalenteri","status":"publish","type":"product","link":"https:\/\/woodmax.ee\/fi\/tuote\/talvimetsan-adventtikalenteri\/","title":{"rendered":"Talvimets\u00e4n adventtikalenteri"},"content":{"rendered":"<ul>\n<li><strong>Yksi koko &#8211; 336&#215;336 mm<\/strong> &#8211; 100 kpl &#8211; Ik\u00e4suositus: 6+ vuotta.<\/li>\n<\/ul>\n<p>VAROITUS! Pienet osat &#8211; tukehtumisvaara! S\u00e4ilyt\u00e4 kuivassa paikassa.<\/p>\n<p>Talvinen mets\u00e4 &#8211; adventtikalenteri.<\/p>\n<ul>\n<li>Kun p\u00e4\u00e4kuva on koottu, voit nauttia palapelin keskell\u00e4 olevista paloista ja kolmiulotteisesta joulukuusesta.<\/li>\n<li>Itse palapeli koostuu suurista puupaloista, ja se sopii erinomaisesti pienten palapelien yst\u00e4ville.<\/li>\n<li>Lis\u00e4\u00e4 j\u00e4nnityst\u00e4 joulun l\u00e4ht\u00f6laskentaan lis\u00e4\u00e4m\u00e4ll\u00e4 palapeliin joka p\u00e4iv\u00e4 uuden numeroidun palan (25 palaa).<\/li>\n<\/ul>\n","protected":false},"excerpt":{"rendered":"<ul>\n<li>Kun p\u00e4\u00e4kuva on koottu, voit nauttia palapelin keskell\u00e4 olevista paloista ja kolmiulotteisesta joulukuusesta.<\/li>\n<li>Itse palapeli koostuu suurista puupaloista, ja se sopii erinomaisesti pienten palapelien yst\u00e4ville.<\/li>\n<li>Lis\u00e4\u00e4 j\u00e4nnityst\u00e4 joulun l\u00e4ht\u00f6laskentaan lis\u00e4\u00e4m\u00e4ll\u00e4 palapeliin joka p\u00e4iv\u00e4 uuden numeroidun palan (25 palaa).<\/li>\n<\/ul>\n","protected":false},"featured_media":30274,"template":"","meta":{"_seopress_robots_primary_cat":"none","_seopress_titles_title":"%%post_title%% puinen palapeli (Wentworth)","_seopress_titles_desc":"Talvinen mets\u00e4 - adventtikalenteri. Itse palapeli koostuu suurista puupaloista, ja se sopii erinomaisesti pienten palapelien yst\u00e4ville.","_seopress_robots_index":"","_gspb_post_css":""},"product_brand":[],"product_cat":[619,618,517,519],"product_tag":[530],"class_list":{"0":"post-30260","1":"product","2":"type-product","3":"status-publish","4":"has-post-thumbnail","6":"product_cat-joulu","7":"product_cat-jouluiset-puiset-palapelit","8":"product_cat-kaikki-arvoitukset","9":"product_cat-wentworth-palapelit","10":"product_tag-1-100-fi","12":"first","13":"outofstock","14":"taxable","15":"shipping-taxable","16":"purchasable","17":"product-type-simple"},"_links":{"self":[{"href":"https:\/\/woodmax.ee\/fi\/wp-json\/wp\/v2\/product\/30260","targetHints":{"allow":["GET"]}}],"collection":[{"href":"https:\/\/woodmax.ee\/fi\/wp-json\/wp\/v2\/product"}],"about":[{"href":"https:\/\/woodmax.ee\/fi\/wp-json\/wp\/v2\/types\/product"}],"wp:featuredmedia":[{"embeddable":true,"href":"https:\/\/woodmax.ee\/fi\/wp-json\/wp\/v2\/media\/30274"}],"wp:attachment":[{"href":"https:\/\/woodmax.ee\/fi\/wp-json\/wp\/v2\/media?parent=30260"}],"wp:term":[{"taxonomy":"product_brand","embeddable":true,"href":"https:\/\/woodmax.ee\/fi\/wp-json\/wp\/v2\/product_brand?post=30260"},{"taxonomy":"product_cat","embeddable":true,"href":"https:\/\/woodmax.ee\/fi\/wp-json\/wp\/v2\/product_cat?post=30260"},{"taxonomy":"product_tag","embeddable":true,"href":"https:\/\/woodmax.ee\/fi\/wp-json\/wp\/v2\/product_tag?post=30260"}],"curies":[{"name":"wp","href":"https:\/\/api.w.org\/{rel}","templated":true}]}}