{"id":30326,"date":"2023-11-23T15:19:15","date_gmt":"2023-11-23T13:19:15","guid":{"rendered":"https:\/\/woodmax.ee\/toode\/dinosaurus-dino\/"},"modified":"2025-09-02T23:28:37","modified_gmt":"2025-09-02T21:28:37","slug":"dino-dinosaurus","status":"publish","type":"product","link":"https:\/\/woodmax.ee\/fi\/tuote\/dino-dinosaurus\/","title":{"rendered":"Dino-dinosaurus"},"content":{"rendered":"<ul>\n<li><strong>Yksi koko &#8211; 250&#215;165 mm<\/strong> &#8211; 15 kpl &#8211; Ik\u00e4suositus: 3+ vuotta.<\/li>\n<\/ul>\n<p>VAROITUS! Pienet osat &#8211; tukehtumisvaara! S\u00e4ilyt\u00e4 kuivassa paikassa.<\/p>\n","protected":false},"excerpt":{"rendered":"<p>Yksi koko &#8211; 250&#215;165 mm &#8211; 15 kpl &#8211; Ik\u00e4suositus: 3+ vuotta. VAROITUS! Pienet osat &#8211; tukehtumisvaara! S\u00e4ilyt\u00e4 kuivassa paikassa.<\/p>\n","protected":false},"featured_media":30329,"template":"","meta":{"_seopress_robots_primary_cat":"none","_seopress_titles_title":"%%post_title%% puinen palapeli (Wentworth)","_seopress_titles_desc":"","_seopress_robots_index":"","_gspb_post_css":""},"product_brand":[],"product_cat":[619,618,517,612,562,528,519],"product_tag":[530,531,628],"class_list":{"0":"post-30326","1":"product","2":"type-product","3":"status-publish","4":"has-post-thumbnail","6":"product_cat-joulu","7":"product_cat-jouluiset-puiset-palapelit","8":"product_cat-kaikki-arvoitukset","9":"product_cat-lapsille-3a","10":"product_cat-mini-fi","11":"product_cat-puiset-pusled-lapsille","12":"product_cat-wentworth-palapelit","13":"product_tag-1-100-fi","14":"product_tag-dinosaurukset","15":"product_tag-joululahjat","17":"first","18":"instock","19":"taxable","20":"shipping-taxable","21":"purchasable","22":"product-type-simple"},"_links":{"self":[{"href":"https:\/\/woodmax.ee\/fi\/wp-json\/wp\/v2\/product\/30326","targetHints":{"allow":["GET"]}}],"collection":[{"href":"https:\/\/woodmax.ee\/fi\/wp-json\/wp\/v2\/product"}],"about":[{"href":"https:\/\/woodmax.ee\/fi\/wp-json\/wp\/v2\/types\/product"}],"wp:featuredmedia":[{"embeddable":true,"href":"https:\/\/woodmax.ee\/fi\/wp-json\/wp\/v2\/media\/30329"}],"wp:attachment":[{"href":"https:\/\/woodmax.ee\/fi\/wp-json\/wp\/v2\/media?parent=30326"}],"wp:term":[{"taxonomy":"product_brand","embeddable":true,"href":"https:\/\/woodmax.ee\/fi\/wp-json\/wp\/v2\/product_brand?post=30326"},{"taxonomy":"product_cat","embeddable":true,"href":"https:\/\/woodmax.ee\/fi\/wp-json\/wp\/v2\/product_cat?post=30326"},{"taxonomy":"product_tag","embeddable":true,"href":"https:\/\/woodmax.ee\/fi\/wp-json\/wp\/v2\/product_tag?post=30326"}],"curies":[{"name":"wp","href":"https:\/\/api.w.org\/{rel}","templated":true}]}}