{"id":30360,"date":"2023-11-23T15:22:09","date_gmt":"2023-11-23T13:22:09","guid":{"rendered":"https:\/\/woodmax.ee\/toode\/onnelikud-koerad\/"},"modified":"2025-09-02T23:24:56","modified_gmt":"2025-09-02T21:24:56","slug":"feliz-navi-koira","status":"publish","type":"product","link":"https:\/\/woodmax.ee\/fi\/tuote\/feliz-navi-koira\/","title":{"rendered":"Feliz Navi-koira"},"content":{"rendered":"<ul>\n<li><strong>Yksi koko &#8211; 36&#215;25 cm<\/strong> &#8211; 250 kappaletta.<\/li>\n<\/ul>\n<p>VAROITUS! Pienet osat &#8211; tukehtumisvaara!<br \/>\nS\u00e4ilyt\u00e4 kuivassa paikassa. Ik\u00e4suositus: 14+<\/p>\n","protected":false},"excerpt":{"rendered":"<p>Yksi koko &#8211; 36&#215;25 cm &#8211; 250 kappaletta. VAROITUS! Pienet osat &#8211; tukehtumisvaara! S\u00e4ilyt\u00e4 kuivassa paikassa. Ik\u00e4suositus: 14+<\/p>\n","protected":false},"featured_media":30362,"template":"","meta":{"_seopress_robots_primary_cat":"none","_seopress_titles_title":"%%post_title%% puinen palapeli (Wentworth)","_seopress_titles_desc":"","_seopress_robots_index":"","_gspb_post_css":""},"product_brand":[],"product_cat":[520,619,618,517,519],"product_tag":[522,608,630,592,625,624],"class_list":{"0":"post-30360","1":"product","2":"type-product","3":"status-publish","4":"has-post-thumbnail","6":"product_cat-wentworthin-elaimet","7":"product_cat-joulu","8":"product_cat-jouluiset-puiset-palapelit","9":"product_cat-kaikki-arvoitukset","10":"product_cat-wentworth-palapelit","11":"product_tag-201-300-fi","12":"product_tag-auto-fi","13":"product_tag-joulu","14":"product_tag-koira","15":"product_tag-lumi-fi","16":"product_tag-talvi","18":"first","19":"outofstock","20":"taxable","21":"shipping-taxable","22":"purchasable","23":"product-type-simple"},"_links":{"self":[{"href":"https:\/\/woodmax.ee\/fi\/wp-json\/wp\/v2\/product\/30360","targetHints":{"allow":["GET"]}}],"collection":[{"href":"https:\/\/woodmax.ee\/fi\/wp-json\/wp\/v2\/product"}],"about":[{"href":"https:\/\/woodmax.ee\/fi\/wp-json\/wp\/v2\/types\/product"}],"wp:featuredmedia":[{"embeddable":true,"href":"https:\/\/woodmax.ee\/fi\/wp-json\/wp\/v2\/media\/30362"}],"wp:attachment":[{"href":"https:\/\/woodmax.ee\/fi\/wp-json\/wp\/v2\/media?parent=30360"}],"wp:term":[{"taxonomy":"product_brand","embeddable":true,"href":"https:\/\/woodmax.ee\/fi\/wp-json\/wp\/v2\/product_brand?post=30360"},{"taxonomy":"product_cat","embeddable":true,"href":"https:\/\/woodmax.ee\/fi\/wp-json\/wp\/v2\/product_cat?post=30360"},{"taxonomy":"product_tag","embeddable":true,"href":"https:\/\/woodmax.ee\/fi\/wp-json\/wp\/v2\/product_tag?post=30360"}],"curies":[{"name":"wp","href":"https:\/\/api.w.org\/{rel}","templated":true}]}}