{"id":30381,"date":"2023-11-23T14:02:56","date_gmt":"2023-11-23T12:02:56","guid":{"rendered":"https:\/\/woodmax.ee\/toode\/armas-tiiger\/"},"modified":"2023-11-23T14:02:56","modified_gmt":"2023-11-23T12:02:56","slug":"armas-tiiger","status":"publish","type":"product","link":"https:\/\/woodmax.ee\/fi\/tuote\/armas-tiiger\/","title":{"rendered":"Tiger-parka"},"content":{"rendered":"<ul>\n<li><strong>Koko Small (S) &#8211; 19\u00d724 cm<\/strong> &#8211; 104 palaa &#8211; keskivertoa monimutkaisempi, kokoonpanoaika 1-2 tuntia.<\/li>\n<li><strong>Koko Medium (M) &#8211; 25\u00d732 cm<\/strong> &#8211; 181 kpl &#8211; keskiraskas, kokoamisaika 2-4 tuntia.<\/li>\n<li><strong>Koko Royal (KS) &#8211; 30\u00d738 cm<\/strong> &#8211; 273 kappaletta &#8211; eritt\u00e4in monimutkainen, kokoonpanoaika 4-6 tuntia.<\/li>\n<li><strong>Koko Imperial (RS) &#8211; 41\u00d751 cm<\/strong> &#8211; 700 kappaletta &#8211; eritt\u00e4in monimutkainen, kokoamisaika 6-8 tuntia.<\/li>\n<\/ul>\n<p>Se ei ole vain palapeli &#8211; se on puinen palapeli! T\u00e4m\u00e4 j\u00e4nnitt\u00e4v\u00e4 peli sopii koululaisille ja aikuisille.<\/p>\n<p>Ik\u00e4suositus: 14+.<br \/>\nS\u00e4ilyt\u00e4 kuivassa paikassa. VAROITUS! Pienet osat &#8211; tukehtumisvaara!  <\/p>\n","protected":false},"excerpt":{"rendered":"<p>Koko Small (S) &#8211; 19\u00d724 cm &#8211; 104 palaa &#8211; keskivertoa monimutkaisempi, kokoonpanoaika 1-2 tuntia. Koko Medium (M) &#8211; 25\u00d732 cm &#8211; 181 kpl &#8211; keskiraskas, kokoamisaika 2-4 tuntia. Koko Royal (KS) &#8211; 30\u00d738 cm &#8211; 273 kappaletta &#8211; eritt\u00e4in monimutkainen, kokoonpanoaika 4-6 tuntia. Koko Imperial (RS) &#8211; 41\u00d751 cm &#8211; 700 kappaletta &#8211; eritt\u00e4in [&hellip;]<\/p>\n","protected":false},"featured_media":30383,"template":"","meta":{"_seopress_robots_primary_cat":"none","_seopress_titles_title":"","_seopress_titles_desc":"","_seopress_robots_index":"","_gspb_post_css":""},"product_brand":[],"product_cat":[632,517,621,552],"product_tag":[554,522,556,546],"class_list":{"0":"post-30381","1":"product","2":"type-product","3":"status-publish","4":"has-post-thumbnail","6":"product_cat-elaimet","7":"product_cat-kaikki-arvoitukset","8":"product_cat-suosittu","9":"product_cat-unidragon-palapelit","10":"product_tag-101-200-fi","11":"product_tag-201-300-fi","12":"product_tag-501-999-fi","13":"product_tag-tiikeri","15":"first","16":"instock","17":"featured","18":"taxable","19":"shipping-taxable","20":"purchasable","21":"product-type-variable"},"_links":{"self":[{"href":"https:\/\/woodmax.ee\/fi\/wp-json\/wp\/v2\/product\/30381","targetHints":{"allow":["GET"]}}],"collection":[{"href":"https:\/\/woodmax.ee\/fi\/wp-json\/wp\/v2\/product"}],"about":[{"href":"https:\/\/woodmax.ee\/fi\/wp-json\/wp\/v2\/types\/product"}],"wp:featuredmedia":[{"embeddable":true,"href":"https:\/\/woodmax.ee\/fi\/wp-json\/wp\/v2\/media\/30383"}],"wp:attachment":[{"href":"https:\/\/woodmax.ee\/fi\/wp-json\/wp\/v2\/media?parent=30381"}],"wp:term":[{"taxonomy":"product_brand","embeddable":true,"href":"https:\/\/woodmax.ee\/fi\/wp-json\/wp\/v2\/product_brand?post=30381"},{"taxonomy":"product_cat","embeddable":true,"href":"https:\/\/woodmax.ee\/fi\/wp-json\/wp\/v2\/product_cat?post=30381"},{"taxonomy":"product_tag","embeddable":true,"href":"https:\/\/woodmax.ee\/fi\/wp-json\/wp\/v2\/product_tag?post=30381"}],"curies":[{"name":"wp","href":"https:\/\/api.w.org\/{rel}","templated":true}]}}