{"id":30382,"date":"2023-11-23T14:02:58","date_gmt":"2023-11-23T12:02:58","guid":{"rendered":"https:\/\/woodmax.ee\/toode\/vanad-head-ajad\/"},"modified":"2025-09-01T15:54:51","modified_gmt":"2025-09-01T13:54:51","slug":"vanhoja-hyvia-aikoja","status":"publish","type":"product","link":"https:\/\/woodmax.ee\/fi\/tuote\/vanhoja-hyvia-aikoja\/","title":{"rendered":"Vanhoja hyvi\u00e4 aikoja"},"content":{"rendered":"<p>Koko: 27 x 22 cm &#8211; 155 palaa &#8211; helppo vaikeustaso (2\/5) VAROITUS! Pienet osat &#8211; tukehtumisvaara!<\/p>\n<p>S\u00e4ilyt\u00e4 kuivassa paikassa.<\/p>\n","protected":false},"excerpt":{"rendered":"<ul>\n<li>T\u00e4m\u00e4 amerikkalaisen taiteilijan Nicky Boehmin l\u00e4mminhenkinen maalaus kuvaa 1920-luvun jouluaattoa.<\/li>\n<li>Taiteilija Natalia Makaruk on syventynyt menneisyyden teemaan ja kuvannut 1800-luvun talvilomien eri piirteit\u00e4.<\/li>\n<li>Puisten yksityiskohtien ansiosta voit matkustaa ajassa taaksep\u00e4in ja n\u00e4hd\u00e4 kuvan silminn\u00e4kij\u00e4n silmin.<\/li>\n<li>Tekij\u00e4: Nicky Boehme, kangas, 1994<\/li>\n<\/ul>\n","protected":false},"featured_media":30387,"template":"","meta":{"_seopress_robots_primary_cat":"none","_seopress_titles_title":"%%post_title%% puinen palapeli (Davici)","_seopress_titles_desc":"","_seopress_robots_index":"","_gspb_post_css":""},"product_brand":[],"product_cat":[633,618,517,634],"product_tag":[554,587,635,625,624],"class_list":{"0":"post-30382","1":"product","2":"type-product","3":"status-publish","4":"has-post-thumbnail","6":"product_cat-davici-palapelit","7":"product_cat-jouluiset-puiset-palapelit","8":"product_cat-kaikki-arvoitukset","9":"product_cat-talvi","10":"product_tag-101-200-fi","11":"product_tag-hobune-fi","12":"product_tag-joulukuusi","13":"product_tag-lumi-fi","14":"product_tag-talvi","16":"first","17":"instock","18":"sale","19":"taxable","20":"shipping-taxable","21":"purchasable","22":"product-type-simple"},"_links":{"self":[{"href":"https:\/\/woodmax.ee\/fi\/wp-json\/wp\/v2\/product\/30382","targetHints":{"allow":["GET"]}}],"collection":[{"href":"https:\/\/woodmax.ee\/fi\/wp-json\/wp\/v2\/product"}],"about":[{"href":"https:\/\/woodmax.ee\/fi\/wp-json\/wp\/v2\/types\/product"}],"wp:featuredmedia":[{"embeddable":true,"href":"https:\/\/woodmax.ee\/fi\/wp-json\/wp\/v2\/media\/30387"}],"wp:attachment":[{"href":"https:\/\/woodmax.ee\/fi\/wp-json\/wp\/v2\/media?parent=30382"}],"wp:term":[{"taxonomy":"product_brand","embeddable":true,"href":"https:\/\/woodmax.ee\/fi\/wp-json\/wp\/v2\/product_brand?post=30382"},{"taxonomy":"product_cat","embeddable":true,"href":"https:\/\/woodmax.ee\/fi\/wp-json\/wp\/v2\/product_cat?post=30382"},{"taxonomy":"product_tag","embeddable":true,"href":"https:\/\/woodmax.ee\/fi\/wp-json\/wp\/v2\/product_tag?post=30382"}],"curies":[{"name":"wp","href":"https:\/\/api.w.org\/{rel}","templated":true}]}}