{"id":30399,"date":"2023-11-23T14:02:59","date_gmt":"2023-11-23T12:02:59","guid":{"rendered":"https:\/\/woodmax.ee\/toode\/seebimull-ookull\/"},"modified":"2025-09-01T10:34:39","modified_gmt":"2025-09-01T08:34:39","slug":"saippuakupla-pollo","status":"publish","type":"product","link":"https:\/\/woodmax.ee\/fi\/tuote\/saippuakupla-pollo\/","title":{"rendered":"Saippuakupla P\u00f6ll\u00f6"},"content":{"rendered":"<ul>\n<li><strong>Koko &#8211; 25 x 25 cm<\/strong> <strong>&#8211; 30 kappaletta<\/strong> &#8211; keskitason alapuolella, kokoamisaika 30 minuutista alkaen.<\/li>\n<\/ul>\n<p>Se ei ole vain palapeli &#8211; se on puinen palapeli! T\u00e4m\u00e4 j\u00e4nnitt\u00e4v\u00e4 peli sopii lapsille (3-5-vuotiaat). VAROITUS!<\/p>\n<p>Pienet osat &#8211; tukehtumisvaara. S\u00e4ilyt\u00e4 kuivassa paikassa.<\/p>\n","protected":false},"excerpt":{"rendered":"<p>Koko &#8211; 25 x 25 cm &#8211; 30 kappaletta &#8211; keskitason alapuolella, kokoamisaika 30 minuutista alkaen. Se ei ole vain palapeli &#8211; se on puinen palapeli! T\u00e4m\u00e4 j\u00e4nnitt\u00e4v\u00e4 peli sopii lapsille (3-5-vuotiaat). VAROITUS! Pienet osat &#8211; tukehtumisvaara. S\u00e4ilyt\u00e4 kuivassa paikassa.<\/p>\n","protected":false},"featured_media":30401,"template":"","meta":{"_seopress_robots_primary_cat":"none","_seopress_titles_title":"%%post_title%% puinen palapeli (Unidragon)","_seopress_titles_desc":"","_seopress_robots_index":"","_gspb_post_css":""},"product_brand":[],"product_cat":[606,517,609,612,528,552],"product_tag":[530,614,551],"class_list":{"0":"post-30399","1":"product","2":"type-product","3":"status-publish","4":"has-post-thumbnail","6":"product_cat-bubblezz","7":"product_cat-kaikki-arvoitukset","8":"product_cat-lapsille","9":"product_cat-lapsille-3a","10":"product_cat-puiset-pusled-lapsille","11":"product_cat-unidragon-palapelit","12":"product_tag-1-100-fi","13":"product_tag-merikupla","14":"product_tag-pollo","16":"first","17":"instock","18":"taxable","19":"shipping-taxable","20":"purchasable","21":"product-type-simple"},"_links":{"self":[{"href":"https:\/\/woodmax.ee\/fi\/wp-json\/wp\/v2\/product\/30399","targetHints":{"allow":["GET"]}}],"collection":[{"href":"https:\/\/woodmax.ee\/fi\/wp-json\/wp\/v2\/product"}],"about":[{"href":"https:\/\/woodmax.ee\/fi\/wp-json\/wp\/v2\/types\/product"}],"wp:featuredmedia":[{"embeddable":true,"href":"https:\/\/woodmax.ee\/fi\/wp-json\/wp\/v2\/media\/30401"}],"wp:attachment":[{"href":"https:\/\/woodmax.ee\/fi\/wp-json\/wp\/v2\/media?parent=30399"}],"wp:term":[{"taxonomy":"product_brand","embeddable":true,"href":"https:\/\/woodmax.ee\/fi\/wp-json\/wp\/v2\/product_brand?post=30399"},{"taxonomy":"product_cat","embeddable":true,"href":"https:\/\/woodmax.ee\/fi\/wp-json\/wp\/v2\/product_cat?post=30399"},{"taxonomy":"product_tag","embeddable":true,"href":"https:\/\/woodmax.ee\/fi\/wp-json\/wp\/v2\/product_tag?post=30399"}],"curies":[{"name":"wp","href":"https:\/\/api.w.org\/{rel}","templated":true}]}}