{"id":30413,"date":"2023-11-23T14:02:57","date_gmt":"2023-11-23T12:02:57","guid":{"rendered":"https:\/\/woodmax.ee\/toode\/jalgrattasoit-toskaanas\/"},"modified":"2025-09-02T23:34:48","modified_gmt":"2025-09-02T21:34:48","slug":"pyoraily-toscanassa","status":"publish","type":"product","link":"https:\/\/woodmax.ee\/fi\/tuote\/pyoraily-toscanassa\/","title":{"rendered":"Py\u00f6r\u00e4ily Toscanassa"},"content":{"rendered":"<ul>\n<li><strong>Koko Medium (M) &#8211; 36&#215;25 cm<\/strong> &#8211; 250 kpl.<\/li>\n<li><strong>Koko Suuri (L) &#8211; 51&#215;36 cm<\/strong> &#8211; 500 kpl<\/li>\n<\/ul>\n<p>VAROITUS! Pienet osat &#8211; tukehtumisvaara!<br \/>\nS\u00e4ilyt\u00e4 kuivassa paikassa. Ik\u00e4suositus: 14+<\/p>\n<p>T\u00e4ss\u00e4 upeassa kuvassa on polkupy\u00f6ri\u00e4, jotka on hyl\u00e4tty paikallisen trattorian eteen auringonlaskun aikaan rankan ty\u00f6p\u00e4iv\u00e4n j\u00e4lkeen. Se ei ole vain haaste palapelien yst\u00e4ville, vaan my\u00f6s mahdollisuus uppoutua menneiden lomien onnellisiin muistoihin tai ehk\u00e4 jopa her\u00e4tt\u00e4\u00e4 haaveen vierailla t\u00e4ll\u00e4 tunnelmallisella italialaisella alueella. Kuvituksissa n\u00e4kyy paljon siit\u00e4, mist\u00e4 Toscana on kuuluisa: kumpuilevia kukkuloita, viljelysmaata, kauniita huviloita ja kuuluisia italialaisia sypressej\u00e4, jotka seisovat kuin vartijat horisontissa. Ep\u00e4tavalliset palapelin palat tekev\u00e4t asioista viel\u00e4 monimutkaisempia. 2019 David Maclean, lisenssi MGL. www.mglart.com.<\/p>\n","protected":false},"excerpt":{"rendered":"<p>Koko Medium (M) &#8211; 36&#215;25 cm &#8211; 250 kpl. Koko Suuri (L) &#8211; 51&#215;36 cm &#8211; 500 kpl VAROITUS! Pienet osat &#8211; tukehtumisvaara! S\u00e4ilyt\u00e4 kuivassa paikassa. Ik\u00e4suositus: 14+ T\u00e4ss\u00e4 upeassa kuvassa on polkupy\u00f6ri\u00e4, jotka on hyl\u00e4tty paikallisen trattorian eteen auringonlaskun aikaan rankan ty\u00f6p\u00e4iv\u00e4n j\u00e4lkeen. Se ei ole vain haaste palapelien yst\u00e4ville, vaan my\u00f6s mahdollisuus uppoutua [&hellip;]<\/p>\n","protected":false},"featured_media":30415,"template":"","meta":{"_seopress_robots_primary_cat":"none","_seopress_titles_title":"%%post_title%% puinen palapeli (Wentworth)","_seopress_titles_desc":"","_seopress_robots_index":"","_gspb_post_css":""},"product_brand":[],"product_cat":[517,578,621,519],"product_tag":[522,566],"class_list":{"0":"post-30413","1":"product","2":"type-product","3":"status-publish","4":"has-post-thumbnail","6":"product_cat-kaikki-arvoitukset","7":"product_cat-maailma","8":"product_cat-suosittu","9":"product_cat-wentworth-palapelit","10":"product_tag-201-300-fi","11":"product_tag-401-500-fi","13":"first","14":"instock","15":"taxable","16":"shipping-taxable","17":"purchasable","18":"product-type-variable"},"_links":{"self":[{"href":"https:\/\/woodmax.ee\/fi\/wp-json\/wp\/v2\/product\/30413","targetHints":{"allow":["GET"]}}],"collection":[{"href":"https:\/\/woodmax.ee\/fi\/wp-json\/wp\/v2\/product"}],"about":[{"href":"https:\/\/woodmax.ee\/fi\/wp-json\/wp\/v2\/types\/product"}],"wp:featuredmedia":[{"embeddable":true,"href":"https:\/\/woodmax.ee\/fi\/wp-json\/wp\/v2\/media\/30415"}],"wp:attachment":[{"href":"https:\/\/woodmax.ee\/fi\/wp-json\/wp\/v2\/media?parent=30413"}],"wp:term":[{"taxonomy":"product_brand","embeddable":true,"href":"https:\/\/woodmax.ee\/fi\/wp-json\/wp\/v2\/product_brand?post=30413"},{"taxonomy":"product_cat","embeddable":true,"href":"https:\/\/woodmax.ee\/fi\/wp-json\/wp\/v2\/product_cat?post=30413"},{"taxonomy":"product_tag","embeddable":true,"href":"https:\/\/woodmax.ee\/fi\/wp-json\/wp\/v2\/product_tag?post=30413"}],"curies":[{"name":"wp","href":"https:\/\/api.w.org\/{rel}","templated":true}]}}