{"id":30414,"date":"2023-11-23T14:05:46","date_gmt":"2023-11-23T12:05:46","guid":{"rendered":"https:\/\/woodmax.ee\/toode\/raamaturiiul\/"},"modified":"2025-09-02T23:32:40","modified_gmt":"2025-09-02T21:32:40","slug":"kirjahylly","status":"publish","type":"product","link":"https:\/\/woodmax.ee\/fi\/tuote\/kirjahylly\/","title":{"rendered":"Kirjahylly"},"content":{"rendered":"<ul>\n<li><strong>Koko Small (S) &#8211; 12.5&#215;8.7 cm<\/strong> &#8211; 40 kappaletta &#8211; Ik\u00e4suositus: 6+<\/li>\n<\/ul>\n<p>VAROITUS! Pienet osat &#8211; tukehtumisvaara! S\u00e4ilyt\u00e4 kuivassa paikassa.<\/p>\n<p>T\u00e4m\u00e4 h\u00e4mm\u00e4stytt\u00e4v\u00e4n yksityiskohtainen Colin Thompsonin palapeli on vankka suosikki. Siin\u00e4 on paljon hauskoja yksityiskohtia, jotka kiinnitt\u00e4v\u00e4t huomiosi palapeli\u00e4 kootessasi.<\/p>\n<p><strong>Miksi rakastat t\u00e4t\u00e4 palapeli\u00e4?<\/strong><\/p>\n<p>Se on loistava palapeli kirjojen yst\u00e4ville, paras lahja kirjojen ja kirjastojen yst\u00e4ville. T\u00e4ss\u00e4 laadukkaassa, perinteisess\u00e4, puisessa palapeliss\u00e4 on erityisi\u00e4 teemoitettuja leikkisi\u00e4 paloja, jotka tekev\u00e4t siit\u00e4 todella nautinnollista ajanvietett\u00e4.<\/p>\n","protected":false},"excerpt":{"rendered":"<ul>\n<li>T\u00e4m\u00e4 h\u00e4mm\u00e4stytt\u00e4v\u00e4n yksityiskohtainen Colin Thompsonin palapeli on vankka suosikki.<\/li>\n<li>Siin\u00e4 on paljon hauskoja yksityiskohtia, jotka kiinnitt\u00e4v\u00e4t huomiosi, kun kokoat palapeli\u00e4.<\/li>\n<\/ul>\n","protected":false},"featured_media":30419,"template":"","meta":{"_seopress_robots_primary_cat":"none","_seopress_titles_title":"%%post_title%% puinen palapeli (Wentworth)","_seopress_titles_desc":"","_seopress_robots_index":"","_gspb_post_css":""},"product_brand":[],"product_cat":[517,579,562,519],"product_tag":[530,580],"class_list":{"0":"post-30414","1":"product","2":"type-product","3":"status-publish","4":"has-post-thumbnail","6":"product_cat-kaikki-arvoitukset","7":"product_cat-kirjan-ystava","8":"product_cat-mini-fi","9":"product_cat-wentworth-palapelit","10":"product_tag-1-100-fi","11":"product_tag-paperi","13":"first","14":"instock","15":"taxable","16":"shipping-taxable","17":"purchasable","18":"product-type-simple"},"_links":{"self":[{"href":"https:\/\/woodmax.ee\/fi\/wp-json\/wp\/v2\/product\/30414","targetHints":{"allow":["GET"]}}],"collection":[{"href":"https:\/\/woodmax.ee\/fi\/wp-json\/wp\/v2\/product"}],"about":[{"href":"https:\/\/woodmax.ee\/fi\/wp-json\/wp\/v2\/types\/product"}],"wp:featuredmedia":[{"embeddable":true,"href":"https:\/\/woodmax.ee\/fi\/wp-json\/wp\/v2\/media\/30419"}],"wp:attachment":[{"href":"https:\/\/woodmax.ee\/fi\/wp-json\/wp\/v2\/media?parent=30414"}],"wp:term":[{"taxonomy":"product_brand","embeddable":true,"href":"https:\/\/woodmax.ee\/fi\/wp-json\/wp\/v2\/product_brand?post=30414"},{"taxonomy":"product_cat","embeddable":true,"href":"https:\/\/woodmax.ee\/fi\/wp-json\/wp\/v2\/product_cat?post=30414"},{"taxonomy":"product_tag","embeddable":true,"href":"https:\/\/woodmax.ee\/fi\/wp-json\/wp\/v2\/product_tag?post=30414"}],"curies":[{"name":"wp","href":"https:\/\/api.w.org\/{rel}","templated":true}]}}