{"id":30424,"date":"2023-11-23T14:02:58","date_gmt":"2023-11-23T12:02:58","guid":{"rendered":"https:\/\/woodmax.ee\/toode\/koikeholmavate-vastandite-mandala\/"},"modified":"2025-09-01T09:24:37","modified_gmt":"2025-09-01T07:24:37","slug":"kaiken-kattavien-vastakohtien-mandala","status":"publish","type":"product","link":"https:\/\/woodmax.ee\/fi\/tuote\/kaiken-kattavien-vastakohtien-mandala\/","title":{"rendered":"Kaiken kattavien vastakohtien mandala"},"content":{"rendered":"<ul>\n<li><strong>Koko Medium (M) &#8211; 25\u00d725 cm<\/strong> &#8211; 200 kpl &#8211; keskivaikea, kokoamisaika 2-4 tuntia.<\/li>\n<li><strong>Koko Royal (KS) &#8211; 33\u00d733 cm<\/strong> &#8211; 350 kappaletta &#8211; eritt\u00e4in monimutkainen, kokoonpanoaika 4-6 tuntia.<\/li>\n<li><strong>Koko Imperial (RS) &#8211; 45\u00d745 cm<\/strong> &#8211; 700 kappaletta &#8211; eritt\u00e4in monimutkainen, kokoamisaika 6-8 tuntia.<\/li>\n<\/ul>\n<p>Se ei ole vain palapeli &#8211; se on puinen palapeli! T\u00e4m\u00e4 j\u00e4nnitt\u00e4v\u00e4 peli sopii koululaisille ja aikuisille.<\/p>\n<p>Ik\u00e4suositus: 14+.<br \/>\nS\u00e4ilyt\u00e4 kuivassa paikassa. VAROITUS! Pienet osat &#8211; tukehtumisvaara!<\/p>\n<p><iframe loading=\"lazy\" title=\"OVERARCHING OPPOSITES MANDALA | Wooden Jigsaw Puzzle | Unidragon\" width=\"1290\" height=\"726\" src=\"https:\/\/www.youtube.com\/embed\/cOO_9yZj3yE?feature=oembed\" frameborder=\"0\" allow=\"accelerometer; autoplay; clipboard-write; encrypted-media; gyroscope; picture-in-picture; web-share\" referrerpolicy=\"strict-origin-when-cross-origin\" allowfullscreen><\/iframe><\/p>\n","protected":false},"excerpt":{"rendered":"<p>Koko Medium (M) &#8211; 25\u00d725 cm &#8211; 200 kpl &#8211; keskivaikea, kokoamisaika 2-4 tuntia. Koko Royal (KS) &#8211; 33\u00d733 cm &#8211; 350 kappaletta &#8211; eritt\u00e4in monimutkainen, kokoonpanoaika 4-6 tuntia. Koko Imperial (RS) &#8211; 45\u00d745 cm &#8211; 700 kappaletta &#8211; eritt\u00e4in monimutkainen, kokoamisaika 6-8 tuntia. Se ei ole vain palapeli &#8211; se on puinen palapeli! T\u00e4m\u00e4 [&hellip;]<\/p>\n","protected":false},"featured_media":30425,"template":"","meta":{"_seopress_robots_primary_cat":"none","_seopress_titles_title":"%%post_title%% puinen palapeli (Unidragon)","_seopress_titles_desc":"","_seopress_robots_index":"","_gspb_post_css":""},"product_brand":[],"product_cat":[517,553,552],"product_tag":[554,555,556,558],"class_list":{"0":"post-30424","1":"product","2":"type-product","3":"status-publish","4":"has-post-thumbnail","6":"product_cat-kaikki-arvoitukset","7":"product_cat-mandala-palapelit","8":"product_cat-unidragon-palapelit","9":"product_tag-101-200-fi","10":"product_tag-301-400-fi","11":"product_tag-501-999-fi","12":"product_tag-mandala-fi","14":"first","15":"instock","16":"taxable","17":"shipping-taxable","18":"purchasable","19":"product-type-variable"},"_links":{"self":[{"href":"https:\/\/woodmax.ee\/fi\/wp-json\/wp\/v2\/product\/30424","targetHints":{"allow":["GET"]}}],"collection":[{"href":"https:\/\/woodmax.ee\/fi\/wp-json\/wp\/v2\/product"}],"about":[{"href":"https:\/\/woodmax.ee\/fi\/wp-json\/wp\/v2\/types\/product"}],"wp:featuredmedia":[{"embeddable":true,"href":"https:\/\/woodmax.ee\/fi\/wp-json\/wp\/v2\/media\/30425"}],"wp:attachment":[{"href":"https:\/\/woodmax.ee\/fi\/wp-json\/wp\/v2\/media?parent=30424"}],"wp:term":[{"taxonomy":"product_brand","embeddable":true,"href":"https:\/\/woodmax.ee\/fi\/wp-json\/wp\/v2\/product_brand?post=30424"},{"taxonomy":"product_cat","embeddable":true,"href":"https:\/\/woodmax.ee\/fi\/wp-json\/wp\/v2\/product_cat?post=30424"},{"taxonomy":"product_tag","embeddable":true,"href":"https:\/\/woodmax.ee\/fi\/wp-json\/wp\/v2\/product_tag?post=30424"}],"curies":[{"name":"wp","href":"https:\/\/api.w.org\/{rel}","templated":true}]}}