{"id":30470,"date":"2023-11-24T14:45:58","date_gmt":"2023-11-24T12:45:58","guid":{"rendered":"https:\/\/woodmax.ee\/toode\/kullakallis-janes\/"},"modified":"2025-09-01T09:24:51","modified_gmt":"2025-09-01T07:24:51","slug":"kultainen-pupu","status":"publish","type":"product","link":"https:\/\/woodmax.ee\/fi\/tuote\/kultainen-pupu\/","title":{"rendered":"Kultainen pupu"},"content":{"rendered":"<ul>\n<li><strong>Koko Small (S) &#8211; 22,5\u00d723,3 cm<\/strong> &#8211; 106 kappaletta &#8211; keskivertoa monimutkaisempi, kokoonpanoaika 1-2 tuntia.<\/li>\n<li><strong>Koko Medium (M) &#8211; 29,5\u00d730,4 cm<\/strong> &#8211; 195 kpl &#8211; keskivaikea, kokoamisaika 2-4 tuntia.<\/li>\n<li><strong>Koko Royal (KS) &#8211; 35,9\u00d737 cm<\/strong> &#8211; 309 kappaletta &#8211; eritt\u00e4in monimutkainen, kokoonpanoaika 4-6 tuntia.<\/li>\n<li><strong>Koko Imperial (RS) &#8211; 53\u00d754,7 cm<\/strong> &#8211; 700 kappaletta &#8211; eritt\u00e4in monimutkainen, kokoamisaika 6-8 tuntia.<\/li>\n<\/ul>\n<p>Se ei ole vain palapeli &#8211; se on puinen palapeli! T\u00e4m\u00e4 j\u00e4nnitt\u00e4v\u00e4 peli sopii koululaisille ja aikuisille.<\/p>\n<p>Ik\u00e4suositus: 14+.<br \/>\nS\u00e4ilyt\u00e4 kuivassa paikassa. VAROITUS! Pienet osat &#8211; tukehtumisvaara!<\/p>\n<p><iframe loading=\"lazy\" title=\"Precious Rabbit | Unidragon | Wooden Puzzles\" width=\"1290\" height=\"726\" src=\"https:\/\/www.youtube.com\/embed\/DRLCTb51yB0?feature=oembed\" frameborder=\"0\" allow=\"accelerometer; autoplay; clipboard-write; encrypted-media; gyroscope; picture-in-picture; web-share\" referrerpolicy=\"strict-origin-when-cross-origin\" allowfullscreen><\/iframe><\/p>\n","protected":false},"excerpt":{"rendered":"<p>Koko Small (S) &#8211; 22,5\u00d723,3 cm &#8211; 106 kappaletta &#8211; keskivertoa monimutkaisempi, kokoonpanoaika 1-2 tuntia. Koko Medium (M) &#8211; 29,5\u00d730,4 cm &#8211; 195 kpl &#8211; keskivaikea, kokoamisaika 2-4 tuntia. Koko Royal (KS) &#8211; 35,9\u00d737 cm &#8211; 309 kappaletta &#8211; eritt\u00e4in monimutkainen, kokoonpanoaika 4-6 tuntia. Koko Imperial (RS) &#8211; 53\u00d754,7 cm &#8211; 700 kappaletta &#8211; eritt\u00e4in [&hellip;]<\/p>\n","protected":false},"featured_media":30471,"template":"","meta":{"_seopress_robots_primary_cat":"none","_seopress_titles_title":"%%post_title%% puinen palapeli (Unidragon)","_seopress_titles_desc":"","_seopress_robots_index":"","_gspb_post_css":""},"product_brand":[],"product_cat":[632,517,621,599,552],"product_tag":[554,555,556,637,540,638,541,639],"class_list":{"0":"post-30470","1":"product","2":"type-product","3":"status-publish","4":"has-post-thumbnail","6":"product_cat-elaimet","7":"product_cat-kaikki-arvoitukset","8":"product_cat-suosittu","9":"product_cat-symboli-2023","10":"product_cat-unidragon-palapelit","11":"product_tag-101-200-fi","12":"product_tag-301-400-fi","13":"product_tag-501-999-fi","14":"product_tag-kani-fi","15":"product_tag-kani","16":"product_tag-paasiainen","17":"product_tag-paasiaismunat","18":"product_tag-villielaimet","20":"first","21":"instock","22":"featured","23":"taxable","24":"shipping-taxable","25":"purchasable","26":"product-type-variable"},"_links":{"self":[{"href":"https:\/\/woodmax.ee\/fi\/wp-json\/wp\/v2\/product\/30470","targetHints":{"allow":["GET"]}}],"collection":[{"href":"https:\/\/woodmax.ee\/fi\/wp-json\/wp\/v2\/product"}],"about":[{"href":"https:\/\/woodmax.ee\/fi\/wp-json\/wp\/v2\/types\/product"}],"wp:featuredmedia":[{"embeddable":true,"href":"https:\/\/woodmax.ee\/fi\/wp-json\/wp\/v2\/media\/30471"}],"wp:attachment":[{"href":"https:\/\/woodmax.ee\/fi\/wp-json\/wp\/v2\/media?parent=30470"}],"wp:term":[{"taxonomy":"product_brand","embeddable":true,"href":"https:\/\/woodmax.ee\/fi\/wp-json\/wp\/v2\/product_brand?post=30470"},{"taxonomy":"product_cat","embeddable":true,"href":"https:\/\/woodmax.ee\/fi\/wp-json\/wp\/v2\/product_cat?post=30470"},{"taxonomy":"product_tag","embeddable":true,"href":"https:\/\/woodmax.ee\/fi\/wp-json\/wp\/v2\/product_tag?post=30470"}],"curies":[{"name":"wp","href":"https:\/\/api.w.org\/{rel}","templated":true}]}}