{"id":30496,"date":"2023-11-23T14:02:56","date_gmt":"2023-11-23T12:02:56","guid":{"rendered":"https:\/\/woodmax.ee\/toode\/tuline-rebane\/"},"modified":"2023-11-23T14:02:56","modified_gmt":"2023-11-23T12:02:56","slug":"tuline-rebane","status":"publish","type":"product","link":"https:\/\/woodmax.ee\/fi\/tuote\/tuline-rebane\/","title":{"rendered":"Feisty Fox"},"content":{"rendered":"<div>\n<ul>\n<li><strong>Koko Small (S) &#8211; 16\u00d724 cm<\/strong> &#8211; 107 palaa &#8211; keskivertoa monimutkaisempi, kokoamisaika 1-2 tuntia.<\/li>\n<li><strong>Koko Medium (M) &#8211; 22\u00d732 cm<\/strong> &#8211; 197 palaa &#8211; keskivaikea, kokoamisaika 2-4 tuntia.<\/li>\n<li><strong>Koko Royal (KS) &#8211; 27\u00d740 cm<\/strong> &#8211; 308 kappaletta &#8211; eritt\u00e4in monimutkainen, kokoonpanoaika 4-6 tuntia.<\/li>\n<li><strong>Koko Imperial (RS) &#8211; 36\u00d756 cm<\/strong> &#8211; 700 kappaletta &#8211; eritt\u00e4in monimutkainen, kokoamisaika 6-8 tuntia.<\/li>\n<\/ul>\n<\/div>\n<p>Se ei ole vain palapeli &#8211; se on puinen palapeli! T\u00e4m\u00e4 j\u00e4nnitt\u00e4v\u00e4 peli sopii koululaisille ja aikuisille.<\/p>\n<p>Ik\u00e4suositus: 14+.<br \/>\nS\u00e4ilyt\u00e4 kuivassa paikassa. VAROITUS! Pienet osat &#8211; tukehtumisvaara!  <\/p>\n","protected":false},"excerpt":{"rendered":"<p>Koko Small (S) &#8211; 16\u00d724 cm &#8211; 107 palaa &#8211; keskivertoa monimutkaisempi, kokoamisaika 1-2 tuntia. Koko Medium (M) &#8211; 22\u00d732 cm &#8211; 197 palaa &#8211; keskivaikea, kokoamisaika 2-4 tuntia. Koko Royal (KS) &#8211; 27\u00d740 cm &#8211; 308 kappaletta &#8211; eritt\u00e4in monimutkainen, kokoonpanoaika 4-6 tuntia. Koko Imperial (RS) &#8211; 36\u00d756 cm &#8211; 700 kappaletta &#8211; eritt\u00e4in [&hellip;]<\/p>\n","protected":false},"featured_media":30497,"template":"","meta":{"_seopress_robots_primary_cat":"none","_seopress_titles_title":"","_seopress_titles_desc":"","_seopress_robots_index":"","_gspb_post_css":""},"product_brand":[],"product_cat":[632,517,621],"product_tag":[554,555,556,523,639],"class_list":{"0":"post-30496","1":"product","2":"type-product","3":"status-publish","4":"has-post-thumbnail","6":"product_cat-elaimet","7":"product_cat-kaikki-arvoitukset","8":"product_cat-suosittu","9":"product_tag-101-200-fi","10":"product_tag-301-400-fi","11":"product_tag-501-999-fi","12":"product_tag-kettu","13":"product_tag-villielaimet","15":"first","16":"instock","17":"taxable","18":"shipping-taxable","19":"purchasable","20":"product-type-variable"},"_links":{"self":[{"href":"https:\/\/woodmax.ee\/fi\/wp-json\/wp\/v2\/product\/30496","targetHints":{"allow":["GET"]}}],"collection":[{"href":"https:\/\/woodmax.ee\/fi\/wp-json\/wp\/v2\/product"}],"about":[{"href":"https:\/\/woodmax.ee\/fi\/wp-json\/wp\/v2\/types\/product"}],"wp:featuredmedia":[{"embeddable":true,"href":"https:\/\/woodmax.ee\/fi\/wp-json\/wp\/v2\/media\/30497"}],"wp:attachment":[{"href":"https:\/\/woodmax.ee\/fi\/wp-json\/wp\/v2\/media?parent=30496"}],"wp:term":[{"taxonomy":"product_brand","embeddable":true,"href":"https:\/\/woodmax.ee\/fi\/wp-json\/wp\/v2\/product_brand?post=30496"},{"taxonomy":"product_cat","embeddable":true,"href":"https:\/\/woodmax.ee\/fi\/wp-json\/wp\/v2\/product_cat?post=30496"},{"taxonomy":"product_tag","embeddable":true,"href":"https:\/\/woodmax.ee\/fi\/wp-json\/wp\/v2\/product_tag?post=30496"}],"curies":[{"name":"wp","href":"https:\/\/api.w.org\/{rel}","templated":true}]}}