{"id":30563,"date":"2023-11-23T14:04:27","date_gmt":"2023-11-23T12:04:27","guid":{"rendered":"https:\/\/woodmax.ee\/toode\/mandlioied-1890\/"},"modified":"2025-09-02T23:33:42","modified_gmt":"2025-09-02T21:33:42","slug":"mantelinkukka-1890","status":"publish","type":"product","link":"https:\/\/woodmax.ee\/fi\/tuote\/mantelinkukka-1890\/","title":{"rendered":"Mantelinkukka, 1890"},"content":{"rendered":"<ul>\n<li><strong>Koko Small (S) &#8211; 12.5&#215;8.7 cm<\/strong> &#8211; 40 kappaletta &#8211; Ik\u00e4suositus: 6+<\/li>\n<li><strong>Koko Medium (M) &#8211; 36&#215;25 cm<\/strong> &#8211; 250 kpl &#8211; Ik\u00e4suositus: 14+ vuotta.<\/li>\n<li><strong>Koko Large (L) &#8211; 51&#215;36 cm<\/strong> &#8211; 500 kpl &#8211; Ik\u00e4suositus: 14+.<\/li>\n<\/ul>\n<p>VAROITUS! Pienet osat &#8211; tukehtumisvaara! S\u00e4ilyt\u00e4 kuivassa paikassa.<\/p>\n<p><span style=\"font-weight: 400;\">Van Gogh maalasi t\u00e4m\u00e4n kimaltelevan asetelman herkist\u00e4 mantelinkukista kirkkaansinist\u00e4 taivasta vasten vastasyntyneelle veljenpojalleen Vincent Willemille, joka on my\u00f6s Van Gogh -museon perustaja. <\/span><\/p>\n<p><span style=\"font-weight: 400;\">Etel\u00e4-Ranskassa mantelipuu kukkii jo helmikuussa kev\u00e4\u00e4n saapumisen kunniaksi. <\/span><\/p>\n<p><strong>MIKSI RAKASTAT T\u00c4T\u00c4 PALAPELI\u00c4: <\/strong><\/p>\n<ul>\n<li><span style=\"font-weight: 400;\">Se on luotu yhdest\u00e4 Van Goghin perheen arvokkaimmista maalauksista. <\/span><\/li>\n<li><span style=\"font-weight: 400;\">Sen rohkeat linjat ja sommittelu on lainattu japanilaisista grafiikoista, mutta kun tarkastelet jokaista teosta, voit arvostaa Van Goghin ainutlaatuista tyyli\u00e4. <\/span><\/li>\n<li><span style=\"font-weight: 400;\">Se on loistava lahja taiteen yst\u00e4ville ja kaikille, jotka arvostavat post-impressionismia.<\/span><\/li>\n<\/ul>\n","protected":false},"excerpt":{"rendered":"<p><span style=\"font-weight: 400;\">Van Gogh maalasi t\u00e4m\u00e4n kimaltelevan asetelman herkist\u00e4 mantelinkukista kirkkaansinist\u00e4 taivasta vasten vastasyntyneelle veljenpojalleen Vincent Willemille, joka on my\u00f6s Van Gogh -museon perustaja.<\/span><\/p>\n","protected":false},"featured_media":30564,"template":"","meta":{"_seopress_robots_primary_cat":"none","_seopress_titles_title":"%%post_title%% puinen palapeli (Wentworth)","_seopress_titles_desc":"","_seopress_robots_index":"","_gspb_post_css":""},"product_brand":[],"product_cat":[517,577,562,621,581,519],"product_tag":[530,522,566,646],"class_list":{"0":"post-30563","1":"product","2":"type-product","3":"status-publish","4":"has-post-thumbnail","6":"product_cat-kaikki-arvoitukset","7":"product_cat-keinotekoiset-arvoitukset","8":"product_cat-mini-fi","9":"product_cat-suosittu","10":"product_cat-taide","11":"product_cat-wentworth-palapelit","12":"product_tag-1-100-fi","13":"product_tag-201-300-fi","14":"product_tag-401-500-fi","15":"product_tag-puu-fi","17":"first","18":"instock","19":"taxable","20":"shipping-taxable","21":"purchasable","22":"product-type-variable"},"_links":{"self":[{"href":"https:\/\/woodmax.ee\/fi\/wp-json\/wp\/v2\/product\/30563","targetHints":{"allow":["GET"]}}],"collection":[{"href":"https:\/\/woodmax.ee\/fi\/wp-json\/wp\/v2\/product"}],"about":[{"href":"https:\/\/woodmax.ee\/fi\/wp-json\/wp\/v2\/types\/product"}],"wp:featuredmedia":[{"embeddable":true,"href":"https:\/\/woodmax.ee\/fi\/wp-json\/wp\/v2\/media\/30564"}],"wp:attachment":[{"href":"https:\/\/woodmax.ee\/fi\/wp-json\/wp\/v2\/media?parent=30563"}],"wp:term":[{"taxonomy":"product_brand","embeddable":true,"href":"https:\/\/woodmax.ee\/fi\/wp-json\/wp\/v2\/product_brand?post=30563"},{"taxonomy":"product_cat","embeddable":true,"href":"https:\/\/woodmax.ee\/fi\/wp-json\/wp\/v2\/product_cat?post=30563"},{"taxonomy":"product_tag","embeddable":true,"href":"https:\/\/woodmax.ee\/fi\/wp-json\/wp\/v2\/product_tag?post=30563"}],"curies":[{"name":"wp","href":"https:\/\/api.w.org\/{rel}","templated":true}]}}