{"id":30591,"date":"2023-11-23T14:07:16","date_gmt":"2023-11-23T12:07:16","guid":{"rendered":"https:\/\/woodmax.ee\/toode\/soida-tuules\/"},"modified":"2025-09-01T15:44:26","modified_gmt":"2025-09-01T13:44:26","slug":"tuulen-kanssa-ratsastaen","status":"publish","type":"product","link":"https:\/\/woodmax.ee\/fi\/tuote\/tuulen-kanssa-ratsastaen\/","title":{"rendered":"Tuulen kanssa ratsastaen"},"content":{"rendered":"<p>Koko: 23 x 17 cm &#8211; 50 palaa &#8211; eritt\u00e4in helppo vaikeusaste (1\/5) (teksti laatikossa on ven\u00e4j\u00e4ksi) VAROITUS! Pienet osat &#8211; tukehtumisvaara!<\/p>\n<p>S\u00e4ilyt\u00e4 kuivassa paikassa.<\/p>\n","protected":false},"excerpt":{"rendered":"<p>Koko: 23 x 17 cm &#8211; 50 palaa &#8211; eritt\u00e4in helppo vaikeusaste (1\/5) (teksti laatikossa on ven\u00e4j\u00e4ksi) VAROITUS! Pienet osat &#8211; tukehtumisvaara! S\u00e4ilyt\u00e4 kuivassa paikassa.<\/p>\n","protected":false},"featured_media":30593,"template":"","meta":{"_seopress_robots_primary_cat":"none","_seopress_titles_title":"%%post_title%% puinen palapeli (Davici)","_seopress_titles_desc":"","_seopress_robots_index":"","_gspb_post_css":""},"product_brand":[],"product_cat":[633,618,517,641,528,634],"product_tag":[530,545,625,647,624],"class_list":{"0":"post-30591","1":"product","2":"type-product","3":"status-publish","4":"has-post-thumbnail","6":"product_cat-davici-palapelit","7":"product_cat-jouluiset-puiset-palapelit","8":"product_cat-kaikki-arvoitukset","9":"product_cat-lapsille-fi","10":"product_cat-puiset-pusled-lapsille","11":"product_cat-talvi","12":"product_tag-1-100-fi","13":"product_tag-cat","14":"product_tag-lumi-fi","15":"product_tag-lumihiutale","16":"product_tag-talvi","18":"first","19":"outofstock","20":"sale","21":"taxable","22":"shipping-taxable","23":"purchasable","24":"product-type-simple"},"_links":{"self":[{"href":"https:\/\/woodmax.ee\/fi\/wp-json\/wp\/v2\/product\/30591","targetHints":{"allow":["GET"]}}],"collection":[{"href":"https:\/\/woodmax.ee\/fi\/wp-json\/wp\/v2\/product"}],"about":[{"href":"https:\/\/woodmax.ee\/fi\/wp-json\/wp\/v2\/types\/product"}],"wp:featuredmedia":[{"embeddable":true,"href":"https:\/\/woodmax.ee\/fi\/wp-json\/wp\/v2\/media\/30593"}],"wp:attachment":[{"href":"https:\/\/woodmax.ee\/fi\/wp-json\/wp\/v2\/media?parent=30591"}],"wp:term":[{"taxonomy":"product_brand","embeddable":true,"href":"https:\/\/woodmax.ee\/fi\/wp-json\/wp\/v2\/product_brand?post=30591"},{"taxonomy":"product_cat","embeddable":true,"href":"https:\/\/woodmax.ee\/fi\/wp-json\/wp\/v2\/product_cat?post=30591"},{"taxonomy":"product_tag","embeddable":true,"href":"https:\/\/woodmax.ee\/fi\/wp-json\/wp\/v2\/product_tag?post=30591"}],"curies":[{"name":"wp","href":"https:\/\/api.w.org\/{rel}","templated":true}]}}