{"id":30614,"date":"2023-11-23T14:08:22","date_gmt":"2023-11-23T12:08:22","guid":{"rendered":"https:\/\/woodmax.ee\/toode\/jouluvana-kiirustab-su-poole\/"},"modified":"2025-09-01T15:43:17","modified_gmt":"2025-09-01T13:43:17","slug":"joulupukki-kiirehtii-tapaamaan-sinua","status":"publish","type":"product","link":"https:\/\/woodmax.ee\/fi\/tuote\/joulupukki-kiirehtii-tapaamaan-sinua\/","title":{"rendered":"Joulupukki kiirehtii tapaamaan sinua"},"content":{"rendered":"<p>Koko: 22 x 17 cm &#8211; 130 palaa &#8211; helppo vaikeustaso (2\/5) (teksti laatikossa on ven\u00e4j\u00e4ksi) VAROITUS!<\/p>\n<p>Pienet osat &#8211; tukehtumisvaara! S\u00e4ilyt\u00e4 kuivassa paikassa.<\/p>\n","protected":false},"excerpt":{"rendered":"<p>Koko: 22 x 17 cm &#8211; 130 palaa &#8211; helppo vaikeustaso (2\/5) (teksti laatikossa on ven\u00e4j\u00e4ksi) VAROITUS! Pienet osat &#8211; tukehtumisvaara! S\u00e4ilyt\u00e4 kuivassa paikassa.<\/p>\n","protected":false},"featured_media":30616,"template":"","meta":{"_seopress_robots_primary_cat":"none","_seopress_titles_title":"%%post_title%% puinen palapeli (Davici)","_seopress_titles_desc":"","_seopress_robots_index":"","_gspb_post_css":""},"product_brand":[],"product_cat":[633,618,517,641,528,634],"product_tag":[554,587,631,648,625,624],"class_list":{"0":"post-30614","1":"product","2":"type-product","3":"status-publish","4":"has-post-thumbnail","6":"product_cat-davici-palapelit","7":"product_cat-jouluiset-puiset-palapelit","8":"product_cat-kaikki-arvoitukset","9":"product_cat-lapsille-fi","10":"product_cat-puiset-pusled-lapsille","11":"product_cat-talvi","12":"product_tag-101-200-fi","13":"product_tag-hobune-fi","14":"product_tag-joulupukki","15":"product_tag-lahjat","16":"product_tag-lumi-fi","17":"product_tag-talvi","19":"first","20":"outofstock","21":"sale","22":"taxable","23":"shipping-taxable","24":"purchasable","25":"product-type-simple"},"_links":{"self":[{"href":"https:\/\/woodmax.ee\/fi\/wp-json\/wp\/v2\/product\/30614","targetHints":{"allow":["GET"]}}],"collection":[{"href":"https:\/\/woodmax.ee\/fi\/wp-json\/wp\/v2\/product"}],"about":[{"href":"https:\/\/woodmax.ee\/fi\/wp-json\/wp\/v2\/types\/product"}],"wp:featuredmedia":[{"embeddable":true,"href":"https:\/\/woodmax.ee\/fi\/wp-json\/wp\/v2\/media\/30616"}],"wp:attachment":[{"href":"https:\/\/woodmax.ee\/fi\/wp-json\/wp\/v2\/media?parent=30614"}],"wp:term":[{"taxonomy":"product_brand","embeddable":true,"href":"https:\/\/woodmax.ee\/fi\/wp-json\/wp\/v2\/product_brand?post=30614"},{"taxonomy":"product_cat","embeddable":true,"href":"https:\/\/woodmax.ee\/fi\/wp-json\/wp\/v2\/product_cat?post=30614"},{"taxonomy":"product_tag","embeddable":true,"href":"https:\/\/woodmax.ee\/fi\/wp-json\/wp\/v2\/product_tag?post=30614"}],"curies":[{"name":"wp","href":"https:\/\/api.w.org\/{rel}","templated":true}]}}