{"id":30615,"date":"2023-11-23T14:09:18","date_gmt":"2023-11-23T12:09:18","guid":{"rendered":"https:\/\/woodmax.ee\/toode\/kuidas-luua-oma-draakon\/"},"modified":"2025-09-01T15:39:43","modified_gmt":"2025-09-01T13:39:43","slug":"kuinka-luoda-oma-lohikaarme","status":"publish","type":"product","link":"https:\/\/woodmax.ee\/fi\/tuote\/kuinka-luoda-oma-lohikaarme\/","title":{"rendered":"Kuinka luoda oma lohik\u00e4\u00e4rme?"},"content":{"rendered":"<p>Koko: 223 x 223 mm &#8211; 90 kpl &#8211; eritt\u00e4in kevyt monimutkaisuus (1\/5) (teksti laatikossa on ven\u00e4j\u00e4ksi) VAROITUS! Pienet osat &#8211; tukehtumisvaara!<\/p>\n<p>S\u00e4ilyt\u00e4 kuivassa paikassa.<\/p>\n","protected":false},"excerpt":{"rendered":"<p>Koko: 223 x 223 mm &#8211; 90 kpl &#8211; eritt\u00e4in kevyt monimutkaisuus (1\/5) (teksti laatikossa on ven\u00e4j\u00e4ksi) VAROITUS! Pienet osat &#8211; tukehtumisvaara! S\u00e4ilyt\u00e4 kuivassa paikassa.<\/p>\n","protected":false},"featured_media":30621,"template":"","meta":{"_seopress_robots_primary_cat":"none","_seopress_titles_title":"%%post_title%% puinen palapeli (Davici)","_seopress_titles_desc":"","_seopress_robots_index":"","_gspb_post_css":""},"product_brand":[],"product_cat":[633,529,517,641,528,611],"product_tag":[530,545,613],"class_list":{"0":"post-30615","1":"product","2":"type-product","3":"status-publish","4":"has-post-thumbnail","6":"product_cat-davici-palapelit","7":"product_cat-dinosaurus-ja-lohikaarme-royhelot","8":"product_cat-kaikki-arvoitukset","9":"product_cat-lapsille-fi","10":"product_cat-puiset-pusled-lapsille","11":"product_cat-symboli-2024","12":"product_tag-1-100-fi","13":"product_tag-cat","14":"product_tag-lohikaarme","16":"first","17":"outofstock","18":"taxable","19":"shipping-taxable","20":"purchasable","21":"product-type-simple"},"_links":{"self":[{"href":"https:\/\/woodmax.ee\/fi\/wp-json\/wp\/v2\/product\/30615","targetHints":{"allow":["GET"]}}],"collection":[{"href":"https:\/\/woodmax.ee\/fi\/wp-json\/wp\/v2\/product"}],"about":[{"href":"https:\/\/woodmax.ee\/fi\/wp-json\/wp\/v2\/types\/product"}],"wp:featuredmedia":[{"embeddable":true,"href":"https:\/\/woodmax.ee\/fi\/wp-json\/wp\/v2\/media\/30621"}],"wp:attachment":[{"href":"https:\/\/woodmax.ee\/fi\/wp-json\/wp\/v2\/media?parent=30615"}],"wp:term":[{"taxonomy":"product_brand","embeddable":true,"href":"https:\/\/woodmax.ee\/fi\/wp-json\/wp\/v2\/product_brand?post=30615"},{"taxonomy":"product_cat","embeddable":true,"href":"https:\/\/woodmax.ee\/fi\/wp-json\/wp\/v2\/product_cat?post=30615"},{"taxonomy":"product_tag","embeddable":true,"href":"https:\/\/woodmax.ee\/fi\/wp-json\/wp\/v2\/product_tag?post=30615"}],"curies":[{"name":"wp","href":"https:\/\/api.w.org\/{rel}","templated":true}]}}