{"id":30656,"date":"2023-11-23T14:10:10","date_gmt":"2023-11-23T12:10:10","guid":{"rendered":"https:\/\/woodmax.ee\/toode\/veevalaja\/"},"modified":"2025-09-01T15:32:12","modified_gmt":"2025-09-01T13:32:12","slug":"vesimies","status":"publish","type":"product","link":"https:\/\/woodmax.ee\/fi\/tuote\/vesimies\/","title":{"rendered":"Vesimies"},"content":{"rendered":"<p>J\u00e4nnitys: kevyt (2\/5) &#8211; 170 x 208 mm &#8211; 100 kpl VAROITUS! Pienet osat &#8211; tukehtumisvaara!<\/p>\n<p>S\u00e4ilyt\u00e4 kuivassa paikassa.<\/p>\n<p>&nbsp;<\/p>\n<p>DAVICI-hanke, jossa on toteutettu enn\u00e4tysm\u00e4\u00e4r\u00e4 ideoita. Ennenn\u00e4kem\u00e4t\u00f6n mittakaava: yli 150 graafikkoa osallistui samannimiseen kilpailuun.<\/p>\n<p>Jokaisella t\u00e4htikuviolla on oma kirjoittajansa. Jokaisella j\u00e4rjestelm\u00e4ll\u00e4 on arvaamaton, tyylillisesti erilainen ja luova toteutus. Sarjan ominaisuudet. <strong>Vesimies<\/strong> &#8211; pyrkiv\u00e4t uuteen ja mielenkiintoiseen, heille on ominaista ep\u00e4sovinnainen l\u00e4hestymistapa jokaiseen tilanteeseen.<\/p>\n<ul>\n<li>Heill\u00e4 on pitk\u00e4lle kehittynyt \u00e4lykkyys, abstrakti ajattelu ja kyky suunnitella tapahtumien kulkua omalla ainutlaatuisella tavallaan, jota muut horoskoopit eiv\u00e4t ymm\u00e4rr\u00e4.<\/li>\n<\/ul>\n<p>Taiteilija: Josephine Wall. Akryyli. 2008.<\/p>\n","protected":false},"excerpt":{"rendered":"<p><strong>Vesimiehet<\/strong> &#8211; pyrkiv\u00e4t l\u00f6yt\u00e4m\u00e4\u00e4n uutta ja mielenkiintoista, ja heille on ominaista ep\u00e4sovinnainen l\u00e4hestymistapa jokaiseen tilanteeseen.<\/p>\n<ul>\n<li>Heill\u00e4 on pitk\u00e4lle kehittynyt \u00e4lykkyys, abstrakti ajattelu ja kyky suunnitella tapahtumien kulkua omalla ainutlaatuisella tavallaan, jota muut horoskoopit eiv\u00e4t ymm\u00e4rr\u00e4.<\/li>\n<\/ul>\n","protected":false},"featured_media":30663,"template":"","meta":{"_seopress_robots_primary_cat":"none","_seopress_titles_title":"%%post_title%% puinen palapeli (Davici)","_seopress_titles_desc":"","_seopress_robots_index":"","_seopress_analysis_target_kw":"","_gspb_post_css":""},"product_brand":[],"product_cat":[633,517,649],"product_tag":[530],"class_list":{"0":"post-30656","1":"product","2":"type-product","3":"status-publish","4":"has-post-thumbnail","6":"product_cat-davici-palapelit","7":"product_cat-kaikki-arvoitukset","8":"product_cat-tahdet","9":"product_tag-1-100-fi","11":"first","12":"instock","13":"taxable","14":"shipping-taxable","15":"purchasable","16":"product-type-simple"},"_links":{"self":[{"href":"https:\/\/woodmax.ee\/fi\/wp-json\/wp\/v2\/product\/30656","targetHints":{"allow":["GET"]}}],"collection":[{"href":"https:\/\/woodmax.ee\/fi\/wp-json\/wp\/v2\/product"}],"about":[{"href":"https:\/\/woodmax.ee\/fi\/wp-json\/wp\/v2\/types\/product"}],"wp:featuredmedia":[{"embeddable":true,"href":"https:\/\/woodmax.ee\/fi\/wp-json\/wp\/v2\/media\/30663"}],"wp:attachment":[{"href":"https:\/\/woodmax.ee\/fi\/wp-json\/wp\/v2\/media?parent=30656"}],"wp:term":[{"taxonomy":"product_brand","embeddable":true,"href":"https:\/\/woodmax.ee\/fi\/wp-json\/wp\/v2\/product_brand?post=30656"},{"taxonomy":"product_cat","embeddable":true,"href":"https:\/\/woodmax.ee\/fi\/wp-json\/wp\/v2\/product_cat?post=30656"},{"taxonomy":"product_tag","embeddable":true,"href":"https:\/\/woodmax.ee\/fi\/wp-json\/wp\/v2\/product_tag?post=30656"}],"curies":[{"name":"wp","href":"https:\/\/api.w.org\/{rel}","templated":true}]}}