{"id":30673,"date":"2023-11-23T14:09:45","date_gmt":"2023-11-23T12:09:45","guid":{"rendered":"https:\/\/woodmax.ee\/toode\/koielkondija\/"},"modified":"2025-09-01T15:35:23","modified_gmt":"2025-09-01T13:35:23","slug":"nuorallatanssija","status":"publish","type":"product","link":"https:\/\/woodmax.ee\/fi\/tuote\/nuorallatanssija\/","title":{"rendered":"Nuorallatanssija"},"content":{"rendered":"<p>Koko: 285 x 222 mm &#8211; 140 kpl &#8211; helppo monimutkaisuus (2\/5) (teksti laatikossa on ven\u00e4j\u00e4ksi) VAROITUS! Pienet osat &#8211; tukehtumisvaara!<\/p>\n<p>S\u00e4ilyt\u00e4 kuivassa paikassa.<\/p>\n","protected":false},"excerpt":{"rendered":"<p>Koko: 285 x 222 mm &#8211; 140 kpl &#8211; helppo monimutkaisuus (2\/5) (teksti laatikossa on ven\u00e4j\u00e4ksi) VAROITUS! Pienet osat &#8211; tukehtumisvaara! S\u00e4ilyt\u00e4 kuivassa paikassa.<\/p>\n","protected":false},"featured_media":30675,"template":"","meta":{"_seopress_robots_primary_cat":"none","_seopress_titles_title":"%%post_title%% puinen palapeli (Davici)","_seopress_titles_desc":"","_seopress_robots_index":"","_gspb_post_css":""},"product_brand":[],"product_cat":[633,517,641,528],"product_tag":[554,583],"class_list":{"0":"post-30673","1":"product","2":"type-product","3":"status-publish","4":"has-post-thumbnail","6":"product_cat-davici-palapelit","7":"product_cat-kaikki-arvoitukset","8":"product_cat-lapsille-fi","9":"product_cat-puiset-pusled-lapsille","10":"product_tag-101-200-fi","11":"product_tag-kuumailmapallo","13":"first","14":"instock","15":"taxable","16":"shipping-taxable","17":"purchasable","18":"product-type-simple"},"_links":{"self":[{"href":"https:\/\/woodmax.ee\/fi\/wp-json\/wp\/v2\/product\/30673","targetHints":{"allow":["GET"]}}],"collection":[{"href":"https:\/\/woodmax.ee\/fi\/wp-json\/wp\/v2\/product"}],"about":[{"href":"https:\/\/woodmax.ee\/fi\/wp-json\/wp\/v2\/types\/product"}],"wp:featuredmedia":[{"embeddable":true,"href":"https:\/\/woodmax.ee\/fi\/wp-json\/wp\/v2\/media\/30675"}],"wp:attachment":[{"href":"https:\/\/woodmax.ee\/fi\/wp-json\/wp\/v2\/media?parent=30673"}],"wp:term":[{"taxonomy":"product_brand","embeddable":true,"href":"https:\/\/woodmax.ee\/fi\/wp-json\/wp\/v2\/product_brand?post=30673"},{"taxonomy":"product_cat","embeddable":true,"href":"https:\/\/woodmax.ee\/fi\/wp-json\/wp\/v2\/product_cat?post=30673"},{"taxonomy":"product_tag","embeddable":true,"href":"https:\/\/woodmax.ee\/fi\/wp-json\/wp\/v2\/product_tag?post=30673"}],"curies":[{"name":"wp","href":"https:\/\/api.w.org\/{rel}","templated":true}]}}