{"id":30674,"date":"2023-11-23T14:10:10","date_gmt":"2023-11-23T12:10:10","guid":{"rendered":"https:\/\/woodmax.ee\/toode\/kaljukits\/"},"modified":"2025-09-01T15:32:41","modified_gmt":"2025-09-01T13:32:41","slug":"kauris","status":"publish","type":"product","link":"https:\/\/woodmax.ee\/fi\/tuote\/kauris\/","title":{"rendered":"Kauris"},"content":{"rendered":"<p>J\u00e4nnitys: kevyt (2\/5) &#8211; 170 x 208 mm &#8211; 100 kpl VAROITUS! Pienet osat &#8211; tukehtumisvaara!<\/p>\n<p>S\u00e4ilyt\u00e4 kuivassa paikassa.<\/p>\n<p>&nbsp;<\/p>\n<p>DAVICI-hanke, jossa on toteutettu enn\u00e4tysm\u00e4\u00e4r\u00e4 ideoita. Ennenn\u00e4kem\u00e4t\u00f6n mittakaava: yli 150 graafikkoa osallistui samannimiseen kilpailuun.<\/p>\n<p>Jokaisella t\u00e4htikuviolla on oma kirjoittajansa. Jokaisella j\u00e4rjestelm\u00e4ll\u00e4 on arvaamaton, tyylillisesti erilainen ja luova toteutus. Sarjan ominaisuudet. Kaikki hahmot on yhdistetty yhdeksi hahmoksi. <strong>Hahmot<\/strong> ovat uskollisia ja yst\u00e4v\u00e4llisi\u00e4, j\u00e4rjestelm\u00e4llisi\u00e4 ja k\u00e4yt\u00e4nn\u00f6llisi\u00e4, m\u00e4\u00e4r\u00e4tietoisia ja ahkeria.<\/p>\n<ul>\n<li>He ovat m\u00e4\u00e4r\u00e4tietoisia ja pit\u00e4v\u00e4t siit\u00e4, ett\u00e4 asiat ovat suunnitelmallisia.<\/li>\n<li>Heid\u00e4n t\u00e4rkein uskontunnustuksensa on oikeudenmukaisuus.<\/li>\n<li>He luottavat aina itseens\u00e4 ja pystyv\u00e4t voittamaan kaikki tielleen tulevat esteet.<\/li>\n<\/ul>\n<p>Taiteilija: Josephine Wall. Akryyli. 2008.<\/p>\n","protected":false},"excerpt":{"rendered":"<p><strong>Kaurisvuohet<\/strong> ovat uskollisia ja yst\u00e4v\u00e4llisi\u00e4, j\u00e4rjestelm\u00e4llisi\u00e4 ja k\u00e4yt\u00e4nn\u00f6llisi\u00e4, m\u00e4\u00e4r\u00e4tietoisia ja ahkeria.<\/p>\n<ul>\n<li>He ovat m\u00e4\u00e4r\u00e4tietoisia ja pit\u00e4v\u00e4t siit\u00e4, ett\u00e4 asiat ovat suunnitelmallisia.<\/li>\n<li>Heid\u00e4n t\u00e4rkein uskontunnustuksensa on oikeudenmukaisuus.<\/li>\n<li>He luottavat aina itseens\u00e4 ja pystyv\u00e4t voittamaan kaikki tielleen tulevat esteet.<\/li>\n<\/ul>\n","protected":false},"featured_media":30681,"template":"","meta":{"_seopress_robots_primary_cat":"none","_seopress_titles_title":"%%post_title%% puinen palapeli (Davici)","_seopress_titles_desc":"","_seopress_robots_index":"","_gspb_post_css":""},"product_brand":[],"product_cat":[633,517,649],"product_tag":[530],"class_list":{"0":"post-30674","1":"product","2":"type-product","3":"status-publish","4":"has-post-thumbnail","6":"product_cat-davici-palapelit","7":"product_cat-kaikki-arvoitukset","8":"product_cat-tahdet","9":"product_tag-1-100-fi","11":"first","12":"instock","13":"taxable","14":"shipping-taxable","15":"purchasable","16":"product-type-simple"},"_links":{"self":[{"href":"https:\/\/woodmax.ee\/fi\/wp-json\/wp\/v2\/product\/30674","targetHints":{"allow":["GET"]}}],"collection":[{"href":"https:\/\/woodmax.ee\/fi\/wp-json\/wp\/v2\/product"}],"about":[{"href":"https:\/\/woodmax.ee\/fi\/wp-json\/wp\/v2\/types\/product"}],"wp:featuredmedia":[{"embeddable":true,"href":"https:\/\/woodmax.ee\/fi\/wp-json\/wp\/v2\/media\/30681"}],"wp:attachment":[{"href":"https:\/\/woodmax.ee\/fi\/wp-json\/wp\/v2\/media?parent=30674"}],"wp:term":[{"taxonomy":"product_brand","embeddable":true,"href":"https:\/\/woodmax.ee\/fi\/wp-json\/wp\/v2\/product_brand?post=30674"},{"taxonomy":"product_cat","embeddable":true,"href":"https:\/\/woodmax.ee\/fi\/wp-json\/wp\/v2\/product_cat?post=30674"},{"taxonomy":"product_tag","embeddable":true,"href":"https:\/\/woodmax.ee\/fi\/wp-json\/wp\/v2\/product_tag?post=30674"}],"curies":[{"name":"wp","href":"https:\/\/api.w.org\/{rel}","templated":true}]}}