{"id":30691,"date":"2023-11-23T14:10:10","date_gmt":"2023-11-23T12:10:10","guid":{"rendered":"https:\/\/woodmax.ee\/toode\/ambur\/"},"modified":"2025-09-01T15:33:11","modified_gmt":"2025-09-01T13:33:11","slug":"jousimies","status":"publish","type":"product","link":"https:\/\/woodmax.ee\/fi\/tuote\/jousimies\/","title":{"rendered":"Jousimies"},"content":{"rendered":"<p>J\u00e4nnitys: kevyt (2\/5) &#8211; 170 x 208 mm &#8211; 100 kpl VAROITUS! Pienet osat &#8211; tukehtumisvaara!<\/p>\n<p>S\u00e4ilyt\u00e4 kuivassa paikassa.<\/p>\n<p>&nbsp;<\/p>\n<p>DAVICI-hanke, jossa on toteutettu enn\u00e4tysm\u00e4\u00e4r\u00e4 ideoita. Ennenn\u00e4kem\u00e4t\u00f6n mittakaava: yli 150 graafikkoa osallistui samannimiseen kilpailuun.<\/p>\n<p>Jokaisella t\u00e4htikuviolla on oma kirjoittajansa. Jokaisella j\u00e4rjestelm\u00e4ll\u00e4 on arvaamaton, tyylillisesti erilainen ja luova toteutus. Sarjan ominaisuudet. Kaikki hahmot on yhdistetty yhteen kuvaan. <strong>Jousimiehet<\/strong> ovat optimistisia ja iloisia, vilpitt\u00f6mi\u00e4 ja avoimia, rohkeita ja itsen\u00e4isi\u00e4.<\/p>\n<ul>\n<li>He osoittavat lempeytt\u00e4 suhtautuessaan ihmisiin, he ovat hyvin lempeit\u00e4 ja romanttisia, rehellisi\u00e4 ja yst\u00e4v\u00e4llisi\u00e4.<\/li>\n<li>Heid\u00e4n arvojaan ovat seikkailu ja seikkailunhalu.<\/li>\n<li>Todellisia asiantuntijoita onnen tavoittelussa.<\/li>\n<li>He osaavat synty\u00e4 seppeleen seassa ja ottaa onnenlintua kiinni pyrst\u00f6st\u00e4.<\/li>\n<\/ul>\n<p>Taiteilija: Josephine Wall. Akryyli. 2008.<\/p>\n","protected":false},"excerpt":{"rendered":"<p><strong>Jousimiehet<\/strong> ovat optimistisia ja iloisia, vilpitt\u00f6mi\u00e4 ja avoimia, rohkeita ja itsen\u00e4isi\u00e4.<\/p>\n<ul>\n<li>He osoittavat lempeytt\u00e4 suhtautuessaan ihmisiin, he ovat hyvin lempeit\u00e4 ja romanttisia, rehellisi\u00e4 ja yst\u00e4v\u00e4llisi\u00e4.<\/li>\n<li>Heid\u00e4n arvojaan ovat seikkailu ja seikkailunhalu.<\/li>\n<li>Todellisia asiantuntijoita onnen tavoittelussa.<\/li>\n<li>He osaavat synty\u00e4 seppeleen seassa ja ottaa onnenlintua kiinni pyrst\u00f6st\u00e4.<\/li>\n<\/ul>\n","protected":false},"featured_media":30697,"template":"","meta":{"_seopress_robots_primary_cat":"none","_seopress_titles_title":"%%post_title%% puinen palapeli (Davici)","_seopress_titles_desc":"","_seopress_robots_index":"","_gspb_post_css":""},"product_brand":[],"product_cat":[633,517,649],"product_tag":[530],"class_list":{"0":"post-30691","1":"product","2":"type-product","3":"status-publish","4":"has-post-thumbnail","6":"product_cat-davici-palapelit","7":"product_cat-kaikki-arvoitukset","8":"product_cat-tahdet","9":"product_tag-1-100-fi","11":"first","12":"instock","13":"taxable","14":"shipping-taxable","15":"purchasable","16":"product-type-simple"},"_links":{"self":[{"href":"https:\/\/woodmax.ee\/fi\/wp-json\/wp\/v2\/product\/30691","targetHints":{"allow":["GET"]}}],"collection":[{"href":"https:\/\/woodmax.ee\/fi\/wp-json\/wp\/v2\/product"}],"about":[{"href":"https:\/\/woodmax.ee\/fi\/wp-json\/wp\/v2\/types\/product"}],"wp:featuredmedia":[{"embeddable":true,"href":"https:\/\/woodmax.ee\/fi\/wp-json\/wp\/v2\/media\/30697"}],"wp:attachment":[{"href":"https:\/\/woodmax.ee\/fi\/wp-json\/wp\/v2\/media?parent=30691"}],"wp:term":[{"taxonomy":"product_brand","embeddable":true,"href":"https:\/\/woodmax.ee\/fi\/wp-json\/wp\/v2\/product_brand?post=30691"},{"taxonomy":"product_cat","embeddable":true,"href":"https:\/\/woodmax.ee\/fi\/wp-json\/wp\/v2\/product_cat?post=30691"},{"taxonomy":"product_tag","embeddable":true,"href":"https:\/\/woodmax.ee\/fi\/wp-json\/wp\/v2\/product_tag?post=30691"}],"curies":[{"name":"wp","href":"https:\/\/api.w.org\/{rel}","templated":true}]}}