{"id":30707,"date":"2023-11-23T14:10:10","date_gmt":"2023-11-23T12:10:10","guid":{"rendered":"https:\/\/woodmax.ee\/toode\/skorpion\/"},"modified":"2025-09-01T15:33:57","modified_gmt":"2025-09-01T13:33:57","slug":"skorpioni","status":"publish","type":"product","link":"https:\/\/woodmax.ee\/fi\/tuote\/skorpioni\/","title":{"rendered":"Skorpioni"},"content":{"rendered":"<p>J\u00e4nnitys: kevyt (2\/5) &#8211; 170 x 208 mm &#8211; 100 kpl VAROITUS! Pienet osat &#8211; tukehtumisvaara!<\/p>\n<p>S\u00e4ilyt\u00e4 kuivassa paikassa.<\/p>\n<p>&nbsp;<\/p>\n<p>DAVICI-hanke, jossa on toteutettu enn\u00e4tysm\u00e4\u00e4r\u00e4 ideoita. Ennenn\u00e4kem\u00e4t\u00f6n mittakaava: yli 150 graafikkoa osallistui samannimiseen kilpailuun.<\/p>\n<p>Jokaisella t\u00e4htikuviolla on oma kirjoittajansa. Jokaisella j\u00e4rjestelm\u00e4ll\u00e4 on arvaamaton, tyylillisesti erilainen ja luova toteutus. Sarjan ominaisuudet. <strong>Skorpionit<\/strong> ovat anteliaita ja jaloja, yritteli\u00e4it\u00e4, magnetismia ja suurta tahdonvoimaa omaavia.<\/p>\n<ul>\n<li>Heill\u00e4 on h\u00e4mm\u00e4stytt\u00e4v\u00e4 itsehillint\u00e4.<\/li>\n<li>Heill\u00e4 on aina selke\u00e4t tavoitteet ja he tiet\u00e4v\u00e4t aina, mit\u00e4 haluavat.<\/li>\n<li>Kaikki salainen ja tuntematon kiehtoo heit\u00e4.<\/li>\n<li>Kotona he huolehtivat suojelusta ja toimivat kuin marsilaiset soturit, jotka puolustavat linnoitustaan koko maailmankaikkeudelta.<\/li>\n<\/ul>\n<p>Taiteilija: Josephine Wall. Akryyli. 2008.<\/p>\n","protected":false},"excerpt":{"rendered":"<p><strong>Skorpionit<\/strong> ovat anteliaita ja jaloja, yritteli\u00e4it\u00e4, magneettisia ja voimakastahtoisia.<\/p>\n<ul>\n<li>Heill\u00e4 on h\u00e4mm\u00e4stytt\u00e4v\u00e4 itsehillint\u00e4.<\/li>\n<li>Heill\u00e4 on aina selke\u00e4t tavoitteet ja he tiet\u00e4v\u00e4t aina, mit\u00e4 haluavat.<\/li>\n<li>Kaikki salainen ja tuntematon kiehtoo heit\u00e4.<\/li>\n<li>Kotona he huolehtivat suojelusta ja toimivat kuin marsilaiset soturit, jotka puolustavat linnoitustaan koko maailmankaikkeudelta.<\/li>\n<\/ul>\n","protected":false},"featured_media":30715,"template":"","meta":{"_seopress_robots_primary_cat":"none","_seopress_titles_title":"%%post_title%% puinen palapeli (Davici)","_seopress_titles_desc":"","_seopress_robots_index":"","_gspb_post_css":""},"product_brand":[],"product_cat":[633,517,649],"product_tag":[530,655],"class_list":{"0":"post-30707","1":"product","2":"type-product","3":"status-publish","4":"has-post-thumbnail","6":"product_cat-davici-palapelit","7":"product_cat-kaikki-arvoitukset","8":"product_cat-tahdet","9":"product_tag-1-100-fi","10":"product_tag-skorpioni","12":"first","13":"instock","14":"taxable","15":"shipping-taxable","16":"purchasable","17":"product-type-simple"},"_links":{"self":[{"href":"https:\/\/woodmax.ee\/fi\/wp-json\/wp\/v2\/product\/30707","targetHints":{"allow":["GET"]}}],"collection":[{"href":"https:\/\/woodmax.ee\/fi\/wp-json\/wp\/v2\/product"}],"about":[{"href":"https:\/\/woodmax.ee\/fi\/wp-json\/wp\/v2\/types\/product"}],"wp:featuredmedia":[{"embeddable":true,"href":"https:\/\/woodmax.ee\/fi\/wp-json\/wp\/v2\/media\/30715"}],"wp:attachment":[{"href":"https:\/\/woodmax.ee\/fi\/wp-json\/wp\/v2\/media?parent=30707"}],"wp:term":[{"taxonomy":"product_brand","embeddable":true,"href":"https:\/\/woodmax.ee\/fi\/wp-json\/wp\/v2\/product_brand?post=30707"},{"taxonomy":"product_cat","embeddable":true,"href":"https:\/\/woodmax.ee\/fi\/wp-json\/wp\/v2\/product_cat?post=30707"},{"taxonomy":"product_tag","embeddable":true,"href":"https:\/\/woodmax.ee\/fi\/wp-json\/wp\/v2\/product_tag?post=30707"}],"curies":[{"name":"wp","href":"https:\/\/api.w.org\/{rel}","templated":true}]}}