{"id":30723,"date":"2023-11-23T14:10:11","date_gmt":"2023-11-23T12:10:11","guid":{"rendered":"https:\/\/woodmax.ee\/toode\/lovi\/"},"modified":"2025-09-01T15:30:32","modified_gmt":"2025-09-01T13:30:32","slug":"leijona","status":"publish","type":"product","link":"https:\/\/woodmax.ee\/fi\/tuote\/leijona\/","title":{"rendered":"Leijona"},"content":{"rendered":"<p>J\u00e4nnitys: kevyt (2\/5) &#8211; 170 x 208 mm &#8211; 100 kpl VAROITUS! Pienet osat &#8211; tukehtumisvaara!<\/p>\n<p>S\u00e4ilyt\u00e4 kuivassa paikassa.<\/p>\n<p>&nbsp;<\/p>\n<p>DAVICI-hanke, jossa on toteutettu enn\u00e4tysm\u00e4\u00e4r\u00e4 ideoita. Ennenn\u00e4kem\u00e4t\u00f6n mittakaava: yli 150 graafikkoa osallistui samannimiseen kilpailuun. Jokaisella t\u00e4hdist\u00f6ll\u00e4 on oma tekij\u00e4ns\u00e4. Jokaisella suunnitelmalla on arvaamaton, tyylillisesti erilainen ja luova toteutus. Sarjan ominaisuudet: Kaikki hahmot on yhdistetty yhdeksi kuvaksi. <strong>Leijonat<\/strong> ovat karismaattisia, vahvoja, anteliaita, onnea synnytt\u00e4vi\u00e4.<\/p>\n<ul>\n<li>Ne houkuttelevat runsaasti yst\u00e4vi\u00e4 ja mahdollisuuksia, jotka ovat innokkaita jakamaan l\u00e4mp\u00f6\u00e4\u00e4n.<\/li>\n<li>He osaavat selviyty\u00e4 el\u00e4m\u00e4ns\u00e4 myrskyisist\u00e4 vaiheista ja tulla onnellisiksi ja tyytyv\u00e4isiksi el\u00e4m\u00e4\u00e4ns\u00e4.<\/li>\n<li>Heill\u00e4 on kuninkaallisten ominaisuuksia.<\/li>\n<\/ul>\n<p>Taiteilija: Josephine Wall. Akryyli. 2008.<\/p>\n","protected":false},"excerpt":{"rendered":"<p><strong>Leijonat<\/strong> ovat karismaattisia, vahvoja, anteliaita ja onnekkaita.<\/p>\n<ul>\n<li>Ne houkuttelevat runsaasti yst\u00e4vi\u00e4 ja mahdollisuuksia, jotka ovat innokkaita jakamaan l\u00e4mp\u00f6\u00e4\u00e4n.<\/li>\n<li>He osaavat selviyty\u00e4 el\u00e4m\u00e4ns\u00e4 myrskyisist\u00e4 vaiheista ja tulla onnellisiksi ja tyytyv\u00e4isiksi el\u00e4m\u00e4\u00e4ns\u00e4.<\/li>\n<li>Heill\u00e4 on kuninkaallisten ominaisuuksia.<\/li>\n<\/ul>\n","protected":false},"featured_media":30730,"template":"","meta":{"_seopress_robots_primary_cat":"none","_seopress_titles_title":"%%post_title%% puinen palapeli (Davici)","_seopress_titles_desc":"","_seopress_robots_index":"","_gspb_post_css":""},"product_brand":[],"product_cat":[633,517,649],"product_tag":[530,544],"class_list":{"0":"post-30723","1":"product","2":"type-product","3":"status-publish","4":"has-post-thumbnail","6":"product_cat-davici-palapelit","7":"product_cat-kaikki-arvoitukset","8":"product_cat-tahdet","9":"product_tag-1-100-fi","10":"product_tag-leijona","12":"first","13":"instock","14":"taxable","15":"shipping-taxable","16":"purchasable","17":"product-type-simple"},"_links":{"self":[{"href":"https:\/\/woodmax.ee\/fi\/wp-json\/wp\/v2\/product\/30723","targetHints":{"allow":["GET"]}}],"collection":[{"href":"https:\/\/woodmax.ee\/fi\/wp-json\/wp\/v2\/product"}],"about":[{"href":"https:\/\/woodmax.ee\/fi\/wp-json\/wp\/v2\/types\/product"}],"wp:featuredmedia":[{"embeddable":true,"href":"https:\/\/woodmax.ee\/fi\/wp-json\/wp\/v2\/media\/30730"}],"wp:attachment":[{"href":"https:\/\/woodmax.ee\/fi\/wp-json\/wp\/v2\/media?parent=30723"}],"wp:term":[{"taxonomy":"product_brand","embeddable":true,"href":"https:\/\/woodmax.ee\/fi\/wp-json\/wp\/v2\/product_brand?post=30723"},{"taxonomy":"product_cat","embeddable":true,"href":"https:\/\/woodmax.ee\/fi\/wp-json\/wp\/v2\/product_cat?post=30723"},{"taxonomy":"product_tag","embeddable":true,"href":"https:\/\/woodmax.ee\/fi\/wp-json\/wp\/v2\/product_tag?post=30723"}],"curies":[{"name":"wp","href":"https:\/\/api.w.org\/{rel}","templated":true}]}}