{"id":30738,"date":"2023-11-23T14:11:47","date_gmt":"2023-11-23T12:11:47","guid":{"rendered":"https:\/\/woodmax.ee\/toode\/pusle-paigaldussusteem\/"},"modified":"2025-09-01T09:23:40","modified_gmt":"2025-09-01T07:23:40","slug":"palapelien-kiinnitysjarjestelma","status":"publish","type":"product","link":"https:\/\/woodmax.ee\/fi\/tuote\/palapelien-kiinnitysjarjestelma\/","title":{"rendered":"Palapelien kiinnitysj\u00e4rjestelm\u00e4"},"content":{"rendered":"<p>Niille, jotka haluavat sisustaa kotinsa ainutlaatuisella tavalla. Niille, jotka haluavat jatkuvasti nauttia omasta kootusta Unidragon-palapelist\u00e4. Meill\u00e4 on uusi sarja asennusj\u00e4rjestelmi\u00e4. Nyt voit helposti tehd\u00e4 omasta juoksupy\u00f6r\u00e4st\u00e4si koristeen kotiin, toimistoon tai mihin tahansa. Nauti kauniista kuvasta design-palapelien kokoelmastamme ja se saa paljon huomiota vierailtasi. Yleisp\u00e4tev\u00e4\u00e4 asennusj\u00e4rjestelm\u00e4\u00e4mme voidaan k\u00e4ytt\u00e4\u00e4 kaikkiin palapeleihimme. Pakkaus sis\u00e4lt\u00e4\u00e4:<\/p>\n<ul>\n<li>Pahvipohja nipun k\u00e4\u00e4nt\u00e4mist\u00e4 varten *<\/li>\n<li>Erikoistarrat jalustan kiinnitt\u00e4miseksi p\u00f6yt\u00e4\u00e4n<\/li>\n<li>Liimakalvot, jotka pit\u00e4v\u00e4t palat yhdess\u00e4 (3 arkkia).<\/li>\n<li>Tarrat holkin kiinnitt\u00e4miseksi haluttuun pintaan<\/li>\n<li>Opas<\/li>\n<\/ul>\n<p><strong><br \/>\nVoit asentaa yhdell\u00e4 sarjalla jopa 6 pient\u00e4 holkkia (S), 3 keskikokoista holkkia (M), 3 suurta holkkia (KS) tai 1 RS-holkkia.<\/strong><\/p>\n<p>* &#8211; ei sovellu RS-kokojen k\u00e4\u00e4nt\u00e4miseen, koska kartonki on hieman pienempi kuin RS-palapeli; tarvitaan kuitenkin 2 liimakilpe\u00e4, jotta palapelin palat pysyv\u00e4t yhdess\u00e4.<\/p>\n<p>&nbsp;<\/p>\n<p>Miten se toimii?<\/p>\n<ul>\n<li>Se on hyvin yksinkertainen<\/li>\n<li>Kokoa palapeli p\u00f6yd\u00e4lle<\/li>\n<li>Avoimen holkin asennusj\u00e4rjestelm\u00e4sarja<\/li>\n<li>K\u00e4\u00e4nn\u00e4 palapeli ymp\u00e4ri pahvialustan avulla.<\/li>\n<li>Asenna liimakalvo. Leikkaa ylim\u00e4\u00e4r\u00e4inen kalvo pois sivuilta.<\/li>\n<li>Laita tarroja kilpeen<\/li>\n<li>Aseta sein\u00e4lle<\/li>\n<li>Siin\u00e4 kaikki.<\/li>\n<\/ul>\n<p>Nauti Unidragonista poikkeuksellisilla ja eloisilla kuvilla.<\/p>\n","protected":false},"excerpt":{"rendered":"<p>Holkkiasennusj\u00e4rjestelm\u00e4\u00e4n kuuluu:<\/p>\n<ul>\n<li>Pahvipohja nipun k\u00e4\u00e4nt\u00e4mist\u00e4 varten *<\/li>\n<li>Erikoistarrat jalustan kiinnitt\u00e4miseksi p\u00f6yt\u00e4\u00e4n<\/li>\n<li>Liimakalvot, jotka pit\u00e4v\u00e4t palat yhdess\u00e4 (3 arkkia).<\/li>\n<li>Tarrat holkin kiinnitt\u00e4miseksi haluttuun pintaan<\/li>\n<li>Opas<\/li>\n<\/ul>\n<p><strong><br \/>\nVoit asentaa yhdell\u00e4 sarjalla jopa 6 pient\u00e4 holkkia (S), 3 keskikokoista holkkia (M), 3 suurta holkkia (KS) tai 1 RS-holkkia.<\/strong><\/p>\n<p>* &#8211; ei sovellu RS-kokojen k\u00e4\u00e4nt\u00e4miseen, koska kartonki on hieman pienempi kuin RS-palapeli; tarvitaan kuitenkin 2 liimakilpe\u00e4, jotta palapelin palat pysyv\u00e4t yhdess\u00e4.<\/p>\n","protected":false},"featured_media":30740,"template":"","meta":{"_seopress_robots_primary_cat":"none","_seopress_titles_title":"%%post_title%% (Unidragon)","_seopress_titles_desc":"Palapeliasennusj\u00e4rjestelm\u00e4 niille, jotka haluavat sisustaa kotinsa ainutlaatuisella tavalla. Ja jotka haluavat jatkuvaa nautintoa omasta kootusta Unidragon-palapelist\u00e4\u00e4n.","_seopress_robots_index":"","_gspb_post_css":""},"product_brand":[],"product_cat":[517,621,656,552],"product_tag":[658,657,660,659],"class_list":{"0":"post-30738","1":"product","2":"type-product","3":"status-publish","4":"has-post-thumbnail","6":"product_cat-kaikki-arvoitukset","7":"product_cat-suosittu","8":"product_cat-tarvikkeet","9":"product_cat-unidragon-palapelit","10":"product_tag-alus-fi","11":"product_tag-asennus","12":"product_tag-liimakalvo","13":"product_tag-tarrat","15":"first","16":"instock","17":"sale","18":"taxable","19":"shipping-taxable","20":"purchasable","21":"product-type-simple"},"_links":{"self":[{"href":"https:\/\/woodmax.ee\/fi\/wp-json\/wp\/v2\/product\/30738","targetHints":{"allow":["GET"]}}],"collection":[{"href":"https:\/\/woodmax.ee\/fi\/wp-json\/wp\/v2\/product"}],"about":[{"href":"https:\/\/woodmax.ee\/fi\/wp-json\/wp\/v2\/types\/product"}],"wp:featuredmedia":[{"embeddable":true,"href":"https:\/\/woodmax.ee\/fi\/wp-json\/wp\/v2\/media\/30740"}],"wp:attachment":[{"href":"https:\/\/woodmax.ee\/fi\/wp-json\/wp\/v2\/media?parent=30738"}],"wp:term":[{"taxonomy":"product_brand","embeddable":true,"href":"https:\/\/woodmax.ee\/fi\/wp-json\/wp\/v2\/product_brand?post=30738"},{"taxonomy":"product_cat","embeddable":true,"href":"https:\/\/woodmax.ee\/fi\/wp-json\/wp\/v2\/product_cat?post=30738"},{"taxonomy":"product_tag","embeddable":true,"href":"https:\/\/woodmax.ee\/fi\/wp-json\/wp\/v2\/product_tag?post=30738"}],"curies":[{"name":"wp","href":"https:\/\/api.w.org\/{rel}","templated":true}]}}