{"id":30751,"date":"2023-11-23T14:11:47","date_gmt":"2023-11-23T12:11:47","guid":{"rendered":"https:\/\/woodmax.ee\/toode\/jaar\/"},"modified":"2025-09-01T14:57:24","modified_gmt":"2025-09-01T12:57:24","slug":"oinas","status":"publish","type":"product","link":"https:\/\/woodmax.ee\/fi\/tuote\/oinas\/","title":{"rendered":"Oinas"},"content":{"rendered":"<p>J\u00e4nnitys: kevyt (2\/5) &#8211; 170 x 208 mm &#8211; 100 kpl VAROITUS! Pienet osat &#8211; tukehtumisvaara!<\/p>\n<p>S\u00e4ilyt\u00e4 kuivassa paikassa.<\/p>\n<p>&nbsp;<\/p>\n<p>DAVICI-hanke, jossa on toteutettu enn\u00e4tysm\u00e4\u00e4r\u00e4 ideoita. Ennenn\u00e4kem\u00e4t\u00f6n mittakaava: yli 150 graafikkoa osallistui samannimiseen kilpailuun. Jokaisella t\u00e4hdist\u00f6ll\u00e4 on oma tekij\u00e4ns\u00e4. Jokaisella suunnitelmalla on arvaamaton, tyylillisesti erilainen ja luova toteutus. Sarjan ominaisuudet: Kaikki hahmot on yhdistetty yhdeksi kuvaksi. Kaikki hahmot on yhdistetty <strong>yhteen<\/strong> kuvaan <strong>. oinas<\/strong> ovat syntyneit\u00e4, rohkeita johtajia.<\/p>\n<ul>\n<li>Heill\u00e4 on erityist\u00e4 elinvoimaa, aktiivisuutta ja p\u00e4\u00e4tt\u00e4v\u00e4isyytt\u00e4.<\/li>\n<li>He el\u00e4v\u00e4t mieluummin omien s\u00e4\u00e4nt\u00f6jens\u00e4 mukaan.<\/li>\n<li>Oinas hahmottaa maailmaa lapsellisen v\u00e4litt\u00f6m\u00e4ll\u00e4 tavalla ja on aina valmis etsim\u00e4\u00e4n uusia kokemuksia.<\/li>\n<\/ul>\n<p>Taiteilija: Josephine Wall. Akryyli. 2008.<\/p>\n","protected":false},"excerpt":{"rendered":"<p><strong>Oinaat<\/strong> ovat syntyneit\u00e4, rohkeita johtajia.<\/p>\n<ul>\n<li>Heill\u00e4 on erityist\u00e4 elinvoimaa, aktiivisuutta ja p\u00e4\u00e4tt\u00e4v\u00e4isyytt\u00e4.<\/li>\n<li>He el\u00e4v\u00e4t mieluummin omien s\u00e4\u00e4nt\u00f6jens\u00e4 mukaan.<\/li>\n<li>Oinas hahmottaa maailmaa lapsellisen v\u00e4litt\u00f6m\u00e4ll\u00e4 tavalla ja on aina valmis etsim\u00e4\u00e4n uusia kokemuksia.<\/li>\n<\/ul>\n","protected":false},"featured_media":30753,"template":"","meta":{"_seopress_robots_primary_cat":"none","_seopress_titles_title":"%%post_title%% puinen palapeli (Davici)","_seopress_titles_desc":"","_seopress_robots_index":"","_gspb_post_css":""},"product_brand":[],"product_cat":[633,517,649],"product_tag":[530],"class_list":{"0":"post-30751","1":"product","2":"type-product","3":"status-publish","4":"has-post-thumbnail","6":"product_cat-davici-palapelit","7":"product_cat-kaikki-arvoitukset","8":"product_cat-tahdet","9":"product_tag-1-100-fi","11":"first","12":"instock","13":"taxable","14":"shipping-taxable","15":"purchasable","16":"product-type-simple"},"_links":{"self":[{"href":"https:\/\/woodmax.ee\/fi\/wp-json\/wp\/v2\/product\/30751","targetHints":{"allow":["GET"]}}],"collection":[{"href":"https:\/\/woodmax.ee\/fi\/wp-json\/wp\/v2\/product"}],"about":[{"href":"https:\/\/woodmax.ee\/fi\/wp-json\/wp\/v2\/types\/product"}],"wp:featuredmedia":[{"embeddable":true,"href":"https:\/\/woodmax.ee\/fi\/wp-json\/wp\/v2\/media\/30753"}],"wp:attachment":[{"href":"https:\/\/woodmax.ee\/fi\/wp-json\/wp\/v2\/media?parent=30751"}],"wp:term":[{"taxonomy":"product_brand","embeddable":true,"href":"https:\/\/woodmax.ee\/fi\/wp-json\/wp\/v2\/product_brand?post=30751"},{"taxonomy":"product_cat","embeddable":true,"href":"https:\/\/woodmax.ee\/fi\/wp-json\/wp\/v2\/product_cat?post=30751"},{"taxonomy":"product_tag","embeddable":true,"href":"https:\/\/woodmax.ee\/fi\/wp-json\/wp\/v2\/product_tag?post=30751"}],"curies":[{"name":"wp","href":"https:\/\/api.w.org\/{rel}","templated":true}]}}