{"id":30783,"date":"2023-11-23T14:10:41","date_gmt":"2023-11-23T12:10:41","guid":{"rendered":"https:\/\/woodmax.ee\/toode\/kaksikud\/"},"modified":"2025-09-01T15:00:19","modified_gmt":"2025-09-01T13:00:19","slug":"kaksoset","status":"publish","type":"product","link":"https:\/\/woodmax.ee\/fi\/tuote\/kaksoset\/","title":{"rendered":"Kaksoset"},"content":{"rendered":"<p>J\u00e4nnitys: kevyt (2\/5) &#8211; 170 x 208 mm &#8211; 100 kpl VAROITUS! Pienet osat &#8211; tukehtumisvaara!<\/p>\n<p>S\u00e4ilyt\u00e4 kuivassa paikassa.<\/p>\n<p>&nbsp;<\/p>\n<p>DAVICI-hanke, jossa on toteutettu enn\u00e4tysm\u00e4\u00e4r\u00e4 ideoita. Ennenn\u00e4kem\u00e4t\u00f6n mittakaava: yli 150 graafikkoa osallistui samannimiseen kilpailuun. Jokaisella t\u00e4hdist\u00f6ll\u00e4 on oma tekij\u00e4ns\u00e4. Jokaisella suunnitelmalla on arvaamaton, tyylillisesti erilainen ja luova toteutus. Sarjan ominaisuudet: Kaikki hahmot on yhdistetty yhdeksi kuvaksi. <strong>Kaksoset<\/strong> ovat hurmaavia ja itsekk\u00e4it\u00e4, hyvin uteliaita ja herkki\u00e4.<\/p>\n<ul>\n<li>Heid\u00e4n mielens\u00e4 on j\u00e4rjest\u00e4ytynyt siten, ett\u00e4 he n\u00e4kev\u00e4t yhteyksi\u00e4 n\u00e4enn\u00e4isesti toisistaan riippumattomien asioiden v\u00e4lill\u00e4.<\/li>\n<li>Synnynn\u00e4isen k\u00e4yt\u00e4nn\u00f6llisyytens\u00e4 ansiosta he pystyv\u00e4t ratkaisemaan jokap\u00e4iv\u00e4isi\u00e4 ongelmia taitavasti ja menestyksekk\u00e4\u00e4sti, mik\u00e4 tekee heid\u00e4n el\u00e4m\u00e4st\u00e4\u00e4n mukavaa ja miellytt\u00e4v\u00e4\u00e4.<\/li>\n<\/ul>\n<p>Taiteilija: Josephine Wall. Akryyli. 2008.<\/p>\n","protected":false},"excerpt":{"rendered":"<p><strong>Kaksoset<\/strong> ovat vieh\u00e4tt\u00e4vi\u00e4 ja itsekk\u00e4it\u00e4, hyvin uteliaita ja herkki\u00e4.<\/p>\n<ul>\n<li>Heid\u00e4n mielens\u00e4 on j\u00e4rjest\u00e4ytynyt siten, ett\u00e4 he n\u00e4kev\u00e4t yhteyksi\u00e4 n\u00e4enn\u00e4isesti toisistaan riippumattomien asioiden v\u00e4lill\u00e4.<\/li>\n<li>Synnynn\u00e4isen k\u00e4yt\u00e4nn\u00f6llisyytens\u00e4 ansiosta he pystyv\u00e4t ratkaisemaan jokap\u00e4iv\u00e4isi\u00e4 ongelmia taitavasti ja menestyksekk\u00e4\u00e4sti, mik\u00e4 tekee heid\u00e4n el\u00e4m\u00e4st\u00e4\u00e4n mukavaa ja miellytt\u00e4v\u00e4\u00e4.<\/li>\n<\/ul>\n","protected":false},"featured_media":30791,"template":"","meta":{"_seopress_robots_primary_cat":"none","_seopress_titles_title":"%%post_title%% puinen palapeli (Davici)","_seopress_titles_desc":"","_seopress_robots_index":"","_gspb_post_css":""},"product_brand":[],"product_cat":[633,517,649],"product_tag":[530],"class_list":{"0":"post-30783","1":"product","2":"type-product","3":"status-publish","4":"has-post-thumbnail","6":"product_cat-davici-palapelit","7":"product_cat-kaikki-arvoitukset","8":"product_cat-tahdet","9":"product_tag-1-100-fi","11":"first","12":"instock","13":"taxable","14":"shipping-taxable","15":"purchasable","16":"product-type-simple"},"_links":{"self":[{"href":"https:\/\/woodmax.ee\/fi\/wp-json\/wp\/v2\/product\/30783","targetHints":{"allow":["GET"]}}],"collection":[{"href":"https:\/\/woodmax.ee\/fi\/wp-json\/wp\/v2\/product"}],"about":[{"href":"https:\/\/woodmax.ee\/fi\/wp-json\/wp\/v2\/types\/product"}],"wp:featuredmedia":[{"embeddable":true,"href":"https:\/\/woodmax.ee\/fi\/wp-json\/wp\/v2\/media\/30791"}],"wp:attachment":[{"href":"https:\/\/woodmax.ee\/fi\/wp-json\/wp\/v2\/media?parent=30783"}],"wp:term":[{"taxonomy":"product_brand","embeddable":true,"href":"https:\/\/woodmax.ee\/fi\/wp-json\/wp\/v2\/product_brand?post=30783"},{"taxonomy":"product_cat","embeddable":true,"href":"https:\/\/woodmax.ee\/fi\/wp-json\/wp\/v2\/product_cat?post=30783"},{"taxonomy":"product_tag","embeddable":true,"href":"https:\/\/woodmax.ee\/fi\/wp-json\/wp\/v2\/product_tag?post=30783"}],"curies":[{"name":"wp","href":"https:\/\/api.w.org\/{rel}","templated":true}]}}