{"id":30800,"date":"2023-11-23T14:12:18","date_gmt":"2023-11-23T12:12:18","guid":{"rendered":"https:\/\/woodmax.ee\/toode\/varvilise-draakoni-suplus\/"},"modified":"2025-09-01T14:56:49","modified_gmt":"2025-09-01T12:56:49","slug":"varikkaan-lohikaarmeen-kylpeminen","status":"publish","type":"product","link":"https:\/\/woodmax.ee\/fi\/tuote\/varikkaan-lohikaarmeen-kylpeminen\/","title":{"rendered":"V\u00e4rikk\u00e4\u00e4n lohik\u00e4\u00e4rmeen kylpeminen"},"content":{"rendered":"<p>Koko: 228 x 228 mm &#8211; 125 kpl &#8211; helppo monimutkaisuus (2\/5) VAROITUS! Pienet osat &#8211; tukehtumisvaara!<\/p>\n<p>S\u00e4ilyt\u00e4 kuivassa paikassa.<\/p>\n","protected":false},"excerpt":{"rendered":"<p>Koko: 228 x 228 mm &#8211; 125 kpl &#8211; helppo monimutkaisuus (2\/5) VAROITUS! Pienet osat &#8211; tukehtumisvaara! S\u00e4ilyt\u00e4 kuivassa paikassa.<\/p>\n","protected":false},"featured_media":30808,"template":"","meta":{"_seopress_robots_primary_cat":"none","_seopress_titles_title":"%%post_title%% puinen palapeli (Davici)","_seopress_titles_desc":"","_seopress_robots_index":"","_gspb_post_css":""},"product_brand":[],"product_cat":[633,529,661,517,611],"product_tag":[554,613],"class_list":{"0":"post-30800","1":"product","2":"type-product","3":"status-publish","4":"has-post-thumbnail","6":"product_cat-davici-palapelit","7":"product_cat-dinosaurus-ja-lohikaarme-royhelot","8":"product_cat-fantastinen","9":"product_cat-kaikki-arvoitukset","10":"product_cat-symboli-2024","11":"product_tag-101-200-fi","12":"product_tag-lohikaarme","14":"first","15":"instock","16":"taxable","17":"shipping-taxable","18":"purchasable","19":"product-type-simple"},"_links":{"self":[{"href":"https:\/\/woodmax.ee\/fi\/wp-json\/wp\/v2\/product\/30800","targetHints":{"allow":["GET"]}}],"collection":[{"href":"https:\/\/woodmax.ee\/fi\/wp-json\/wp\/v2\/product"}],"about":[{"href":"https:\/\/woodmax.ee\/fi\/wp-json\/wp\/v2\/types\/product"}],"wp:featuredmedia":[{"embeddable":true,"href":"https:\/\/woodmax.ee\/fi\/wp-json\/wp\/v2\/media\/30808"}],"wp:attachment":[{"href":"https:\/\/woodmax.ee\/fi\/wp-json\/wp\/v2\/media?parent=30800"}],"wp:term":[{"taxonomy":"product_brand","embeddable":true,"href":"https:\/\/woodmax.ee\/fi\/wp-json\/wp\/v2\/product_brand?post=30800"},{"taxonomy":"product_cat","embeddable":true,"href":"https:\/\/woodmax.ee\/fi\/wp-json\/wp\/v2\/product_cat?post=30800"},{"taxonomy":"product_tag","embeddable":true,"href":"https:\/\/woodmax.ee\/fi\/wp-json\/wp\/v2\/product_tag?post=30800"}],"curies":[{"name":"wp","href":"https:\/\/api.w.org\/{rel}","templated":true}]}}