{"id":30842,"date":"2023-11-23T14:14:33","date_gmt":"2023-11-23T12:14:33","guid":{"rendered":"https:\/\/woodmax.ee\/toode\/madonna-litta\/"},"modified":"2025-09-01T14:50:12","modified_gmt":"2025-09-01T12:50:12","slug":"madonna-litta","status":"publish","type":"product","link":"https:\/\/woodmax.ee\/fi\/tuote\/madonna-litta\/","title":{"rendered":"Madonna Litta"},"content":{"rendered":"<p>Koko: 250 x 320 mm &#8211; 222 palaa &#8211; keskivaikea (3\/5) (teksti laatikossa on ven\u00e4j\u00e4ksi) VAROITUS! Pienet osat &#8211; tukehtumisvaara!<\/p>\n<p>S\u00e4ilyt\u00e4 kuivassa paikassa.<\/p>\n","protected":false},"excerpt":{"rendered":"<p>Koko: 250 x 320 mm &#8211; 222 palaa &#8211; keskivaikea (3\/5) (teksti laatikossa on ven\u00e4j\u00e4ksi) VAROITUS! Pienet osat &#8211; tukehtumisvaara! S\u00e4ilyt\u00e4 kuivassa paikassa.<\/p>\n","protected":false},"featured_media":30844,"template":"","meta":{"_seopress_robots_primary_cat":"none","_seopress_titles_title":"%%post_title%% puinen palapeli (Davici)","_seopress_titles_desc":"","_seopress_robots_index":"","_gspb_post_css":""},"product_brand":[],"product_cat":[633,517,577,668],"product_tag":[522,665],"class_list":{"0":"post-30842","1":"product","2":"type-product","3":"status-publish","4":"has-post-thumbnail","6":"product_cat-davici-palapelit","7":"product_cat-kaikki-arvoitukset","8":"product_cat-keinotekoiset-arvoitukset","9":"product_cat-taide-fi-2","10":"product_tag-201-300-fi","11":"product_tag-lapsi","13":"first","14":"instock","15":"taxable","16":"shipping-taxable","17":"purchasable","18":"product-type-simple"},"_links":{"self":[{"href":"https:\/\/woodmax.ee\/fi\/wp-json\/wp\/v2\/product\/30842","targetHints":{"allow":["GET"]}}],"collection":[{"href":"https:\/\/woodmax.ee\/fi\/wp-json\/wp\/v2\/product"}],"about":[{"href":"https:\/\/woodmax.ee\/fi\/wp-json\/wp\/v2\/types\/product"}],"wp:featuredmedia":[{"embeddable":true,"href":"https:\/\/woodmax.ee\/fi\/wp-json\/wp\/v2\/media\/30844"}],"wp:attachment":[{"href":"https:\/\/woodmax.ee\/fi\/wp-json\/wp\/v2\/media?parent=30842"}],"wp:term":[{"taxonomy":"product_brand","embeddable":true,"href":"https:\/\/woodmax.ee\/fi\/wp-json\/wp\/v2\/product_brand?post=30842"},{"taxonomy":"product_cat","embeddable":true,"href":"https:\/\/woodmax.ee\/fi\/wp-json\/wp\/v2\/product_cat?post=30842"},{"taxonomy":"product_tag","embeddable":true,"href":"https:\/\/woodmax.ee\/fi\/wp-json\/wp\/v2\/product_tag?post=30842"}],"curies":[{"name":"wp","href":"https:\/\/api.w.org\/{rel}","templated":true}]}}