{"id":30857,"date":"2023-11-23T14:14:33","date_gmt":"2023-11-23T12:14:33","guid":{"rendered":"https:\/\/woodmax.ee\/toode\/bogatuurid\/"},"modified":"2025-09-01T14:50:50","modified_gmt":"2025-09-01T12:50:50","slug":"bogatyrit","status":"publish","type":"product","link":"https:\/\/woodmax.ee\/fi\/tuote\/bogatyrit\/","title":{"rendered":"Bogatyrit"},"content":{"rendered":"<p>Koko: 530 x 350 mm &#8211; 500 palaa &#8211; vaikea vaikeustaso (4\/5) (teksti laatikossa on ven\u00e4j\u00e4ksi) VAROITUS! Pienet osat &#8211; tukehtumisvaara!<\/p>\n<p>S\u00e4ilyt\u00e4 kuivassa paikassa.<\/p>\n","protected":false},"excerpt":{"rendered":"<p>Koko: 530 x 350 mm &#8211; 500 palaa &#8211; vaikea vaikeustaso (4\/5) (teksti laatikossa on ven\u00e4j\u00e4ksi) VAROITUS! Pienet osat &#8211; tukehtumisvaara! S\u00e4ilyt\u00e4 kuivassa paikassa.<\/p>\n","protected":false},"featured_media":30859,"template":"","meta":{"_seopress_robots_primary_cat":"none","_seopress_titles_title":"%%post_title%% puinen palapeli (Davici)","_seopress_titles_desc":"","_seopress_robots_index":"","_gspb_post_css":""},"product_brand":[],"product_cat":[633,517,577,563,668],"product_tag":[566,669,587],"class_list":{"0":"post-30857","1":"product","2":"type-product","3":"status-publish","4":"has-post-thumbnail","6":"product_cat-davici-palapelit","7":"product_cat-kaikki-arvoitukset","8":"product_cat-keinotekoiset-arvoitukset","9":"product_cat-premium-fi","10":"product_cat-taide-fi-2","11":"product_tag-401-500-fi","12":"product_tag-bogatur","13":"product_tag-hobune-fi","15":"first","16":"outofstock","17":"taxable","18":"shipping-taxable","19":"purchasable","20":"product-type-simple"},"_links":{"self":[{"href":"https:\/\/woodmax.ee\/fi\/wp-json\/wp\/v2\/product\/30857","targetHints":{"allow":["GET"]}}],"collection":[{"href":"https:\/\/woodmax.ee\/fi\/wp-json\/wp\/v2\/product"}],"about":[{"href":"https:\/\/woodmax.ee\/fi\/wp-json\/wp\/v2\/types\/product"}],"wp:featuredmedia":[{"embeddable":true,"href":"https:\/\/woodmax.ee\/fi\/wp-json\/wp\/v2\/media\/30859"}],"wp:attachment":[{"href":"https:\/\/woodmax.ee\/fi\/wp-json\/wp\/v2\/media?parent=30857"}],"wp:term":[{"taxonomy":"product_brand","embeddable":true,"href":"https:\/\/woodmax.ee\/fi\/wp-json\/wp\/v2\/product_brand?post=30857"},{"taxonomy":"product_cat","embeddable":true,"href":"https:\/\/woodmax.ee\/fi\/wp-json\/wp\/v2\/product_cat?post=30857"},{"taxonomy":"product_tag","embeddable":true,"href":"https:\/\/woodmax.ee\/fi\/wp-json\/wp\/v2\/product_tag?post=30857"}],"curies":[{"name":"wp","href":"https:\/\/api.w.org\/{rel}","templated":true}]}}