{"id":30948,"date":"2023-11-23T14:15:47","date_gmt":"2023-11-23T12:15:47","guid":{"rendered":"https:\/\/woodmax.ee\/toode\/hommik-mannimetsas\/"},"modified":"2025-09-01T14:48:07","modified_gmt":"2025-09-01T12:48:07","slug":"aamu-mantymetsassa","status":"publish","type":"product","link":"https:\/\/woodmax.ee\/fi\/tuote\/aamu-mantymetsassa\/","title":{"rendered":"Aamu m\u00e4ntymets\u00e4ss\u00e4"},"content":{"rendered":"<p>Koko: 325 x 212 mm &#8211; 180 kpl &#8211; helppo monimutkaisuus (2\/5) (teksti laatikossa on ven\u00e4j\u00e4ksi) VAROITUS! Pienet osat &#8211; tukehtumisvaara!<\/p>\n<p>S\u00e4ilyt\u00e4 kuivassa paikassa.<\/p>\n","protected":false},"excerpt":{"rendered":"<p>Koko: 325 x 212 mm &#8211; 180 kpl &#8211; helppo monimutkaisuus (2\/5) (teksti laatikossa on ven\u00e4j\u00e4ksi) VAROITUS! Pienet osat &#8211; tukehtumisvaara! S\u00e4ilyt\u00e4 kuivassa paikassa.<\/p>\n","protected":false},"featured_media":30956,"template":"","meta":{"_seopress_robots_primary_cat":"none","_seopress_titles_title":"%%post_title%% puinen palapeli (Davici)","_seopress_titles_desc":"","_seopress_robots_index":"","_gspb_post_css":""},"product_brand":[],"product_cat":[633,517,577,668],"product_tag":[554,653,673,639],"class_list":{"0":"post-30948","1":"product","2":"type-product","3":"status-publish","4":"has-post-thumbnail","6":"product_cat-davici-palapelit","7":"product_cat-kaikki-arvoitukset","8":"product_cat-keinotekoiset-arvoitukset","9":"product_cat-taide-fi-2","10":"product_tag-101-200-fi","11":"product_tag-caru","12":"product_tag-forest","13":"product_tag-villielaimet","15":"first","16":"instock","17":"featured","18":"taxable","19":"shipping-taxable","20":"purchasable","21":"product-type-simple"},"_links":{"self":[{"href":"https:\/\/woodmax.ee\/fi\/wp-json\/wp\/v2\/product\/30948","targetHints":{"allow":["GET"]}}],"collection":[{"href":"https:\/\/woodmax.ee\/fi\/wp-json\/wp\/v2\/product"}],"about":[{"href":"https:\/\/woodmax.ee\/fi\/wp-json\/wp\/v2\/types\/product"}],"wp:featuredmedia":[{"embeddable":true,"href":"https:\/\/woodmax.ee\/fi\/wp-json\/wp\/v2\/media\/30956"}],"wp:attachment":[{"href":"https:\/\/woodmax.ee\/fi\/wp-json\/wp\/v2\/media?parent=30948"}],"wp:term":[{"taxonomy":"product_brand","embeddable":true,"href":"https:\/\/woodmax.ee\/fi\/wp-json\/wp\/v2\/product_brand?post=30948"},{"taxonomy":"product_cat","embeddable":true,"href":"https:\/\/woodmax.ee\/fi\/wp-json\/wp\/v2\/product_cat?post=30948"},{"taxonomy":"product_tag","embeddable":true,"href":"https:\/\/woodmax.ee\/fi\/wp-json\/wp\/v2\/product_tag?post=30948"}],"curies":[{"name":"wp","href":"https:\/\/api.w.org\/{rel}","templated":true}]}}